{"id":5125,"date":"2024-03-24T23:39:39","date_gmt":"2024-03-24T16:39:39","guid":{"rendered":"http:\/\/medlaw.vn\/?page_id=5125"},"modified":"2024-03-24T23:40:18","modified_gmt":"2024-03-24T16:40:18","slug":"linh-vuc-khac","status":"publish","type":"page","link":"https:\/\/medlaw.vn\/en\/linh-vuc-khac\/","title":{"rendered":"Other areas"},"content":{"rendered":"<div data-elementor-type=\"wp-page\" data-elementor-id=\"5125\" class=\"elementor elementor-5125\" data-elementor-settings=\"[]\">\n\t\t\t<div class=\"elementor-inner\">\n\t\t\t\t<div class=\"elementor-section-wrap\">\n\t\t\t\t\t\t\t<section class=\"elementor-element elementor-element-922f365 elementor-section-stretched elementor-section-height-min-height elementor-section-boxed elementor-section-height-default elementor-section-items-middle elementor-section elementor-top-section\" data-id=\"922f365\" data-element_type=\"section\" data-settings=\"{&quot;stretch_section&quot;:&quot;section-stretched&quot;,&quot;background_background&quot;:&quot;classic&quot;}\">\n\t\t\t\t\t\t<div class=\"elementor-container elementor-column-gap-no\">\n\t\t\t\t<div class=\"elementor-row\">\n\t\t\t\t<div class=\"elementor-element elementor-element-1cec118 elementor-column elementor-col-100 elementor-top-column\" data-id=\"1cec118\" data-element_type=\"column\">\n\t\t\t<div class=\"elementor-column-wrap  elementor-element-populated\">\n\t\t\t\t\t<div class=\"elementor-widget-wrap\">\n\t\t\t\t<div class=\"elementor-element elementor-element-4cdee98 dividemm elementor-widget elementor-widget-divider\" data-id=\"4cdee98\" data-element_type=\"widget\" data-widget_type=\"divider.default\">\n\t\t\t\t<div class=\"elementor-widget-container\">\n\t\t\t\t\t<div class=\"elementor-divider\">\n\t\t\t<span class=\"elementor-divider-separator\">\n\t\t\t\t\t\t<\/span>\n\t\t<\/div>\n\t\t\t\t<\/div>\n\t\t\t\t<\/div>\n\t\t\t\t<div class=\"elementor-element elementor-element-a9e34df animated-fast elementor-invisible elementor-widget elementor-widget-heading\" data-id=\"a9e34df\" data-element_type=\"widget\" data-settings=\"{&quot;_animation&quot;:&quot;fadeInDown&quot;}\" data-widget_type=\"heading.default\">\n\t\t\t\t<div class=\"elementor-widget-container\">\n\t\t\t<h2 class=\"elementor-heading-title elementor-size-default\">PRACTICES AREAS<\/h2>\t\t<\/div>\n\t\t\t\t<\/div>\n\t\t\t\t<div class=\"elementor-element elementor-element-5bd59b7 elementor-widget elementor-widget-text-editor\" data-id=\"5bd59b7\" data-element_type=\"widget\" data-widget_type=\"text-editor.default\">\n\t\t\t\t<div class=\"elementor-widget-container\">\n\t\t\t\t\t<div class=\"elementor-text-editor elementor-clearfix\">L\u0128NH V\u1ef0C KH\u00c1C<\/div>\n\t\t\t\t<\/div>\n\t\t\t\t<\/div>\n\t\t\t\t\t\t<\/div>\n\t\t\t<\/div>\n\t\t<\/div>\n\t\t\t\t\t\t<\/div>\n\t\t\t<\/div>\n\t\t<\/section>\n\t\t\t\t<section class=\"elementor-element elementor-element-220f214 elementor-section-boxed elementor-section-height-default elementor-section-height-default elementor-section elementor-top-section\" data-id=\"220f214\" data-element_type=\"section\">\n\t\t\t\t\t\t<div class=\"elementor-container elementor-column-gap-default\">\n\t\t\t\t<div class=\"elementor-row\">\n\t\t\t\t<div class=\"elementor-element elementor-element-5e9f874 elementor-column elementor-col-100 elementor-top-column\" data-id=\"5e9f874\" data-element_type=\"column\">\n\t\t\t<div class=\"elementor-column-wrap  elementor-element-populated\">\n\t\t\t\t\t<div class=\"elementor-widget-wrap\">\n\t\t\t\t<div class=\"elementor-element elementor-element-fcdddd0 elementor-widget elementor-widget-text-editor\" data-id=\"fcdddd0\" data-element_type=\"widget\" data-widget_type=\"text-editor.default\">\n\t\t\t\t<div class=\"elementor-widget-container\">\n\t\t\t\t\t<div class=\"elementor-text-editor elementor-clearfix\"><p>B\u00ean c\u1ea1nh c\u00e1c l\u0129nh v\u1ef1c D\u00e2n s\u1ef1, Doanh nghi\u1ec7p, Y t\u1ebf, Lao \u0111\u1ed9ng, \u0110\u1ea5t \u0111ai, HNG\u0110, Th\u1eeba k\u1ebf\u2026, \u0111\u1ed9i ng\u0169 Lu\u1eadt s\u01b0 c\u1ee7a Medlaw c\u00f2n h\u1ed7 tr\u1ee3 t\u01b0 v\u1ea5n cho Qu\u00fd kh\u00e1ch h\u00e0ng c\u00e1c l\u0129nh v\u1ef1c kh\u00e1c bao g\u1ed3m nh\u01b0ng kh\u00f4ng gi\u1edbi h\u1ea1n b\u1edfi c\u00e1c l\u0129nh v\u1ef1c sau \u0111\u00e2y:<\/p><ol><li>T\u01b0 v\u1ea5n ph\u00e1p lu\u1eadt v\u1ec1 Thu\u1ebf, b\u1ea3o hi\u1ec3m x\u00e3 h\u1ed9i;<\/li><li>T\u01b0 v\u1ea5n c\u00e1c v\u1ea5n \u0111\u1ec1 v\u1ec1 ph\u00e1p lu\u1eadt \u0110\u1ea5u th\u1ea7u, X\u00e2y d\u1ef1ng;<\/li><li>T\u01b0 v\u1ea5n Qu\u1ea3n tr\u1ecb doanh nghi\u1ec7p;<\/li><li>T\u01b0 v\u1ea5n \u0110\u1ea7u t\u01b0, Kinh doanh d\u1ef1 \u00e1n b\u1ea5t \u0111\u1ed9ng s\u1ea3n;<\/li><li>T\u01b0 v\u1ea5n v\u1ec1 H\u1ee3p \u0111\u1ed3ng;<\/li><li>C\u00e1c l\u0129nh v\u1ef1c kh\u00e1c<\/li><\/ol><\/div>\n\t\t\t\t<\/div>\n\t\t\t\t<\/div>\n\t\t\t\t\t\t<\/div>\n\t\t\t<\/div>\n\t\t<\/div>\n\t\t\t\t\t\t<\/div>\n\t\t\t<\/div>\n\t\t<\/section>\n\t\t\t\t\t\t<\/div>\n\t\t\t<\/div>\n\t\t<\/div>","protected":false},"excerpt":{"rendered":"<p>l\u0129nh v\u1ef1c ho\u1ea1t \u0111\u1ed9ng L\u0128NH V\u1ef0C KH\u00c1C B\u00ean c\u1ea1nh c\u00e1c l\u0129nh v\u1ef1c D\u00e2n s\u1ef1, Doanh nghi\u1ec7p, Y t\u1ebf, Lao \u0111\u1ed9ng, \u0110\u1ea5t \u0111ai, HNG\u0110, Th\u1eeba k\u1ebf\u2026, \u0111\u1ed9i ng\u0169 Lu\u1eadt s\u01b0 c\u1ee7a Medlaw c\u00f2n h\u1ed7 tr\u1ee3 t\u01b0 v\u1ea5n cho Qu\u00fd kh\u00e1ch h\u00e0ng c\u00e1c l\u0129nh v\u1ef1c kh\u00e1c bao g\u1ed3m nh\u01b0ng kh\u00f4ng gi\u1edbi h\u1ea1n b\u1edfi c\u00e1c l\u0129nh v\u1ef1c sau&#8230;<\/p>","protected":false},"author":1,"featured_media":0,"parent":0,"menu_order":0,"comment_status":"closed","ping_status":"closed","template":"","meta":[],"_links":{"self":[{"href":"https:\/\/medlaw.vn\/en\/wp-json\/wp\/v2\/pages\/5125"}],"collection":[{"href":"https:\/\/medlaw.vn\/en\/wp-json\/wp\/v2\/pages"}],"about":[{"href":"https:\/\/medlaw.vn\/en\/wp-json\/wp\/v2\/types\/page"}],"author":[{"embeddable":true,"href":"https:\/\/medlaw.vn\/en\/wp-json\/wp\/v2\/users\/1"}],"replies":[{"embeddable":true,"href":"https:\/\/medlaw.vn\/en\/wp-json\/wp\/v2\/comments?post=5125"}],"version-history":[{"count":2,"href":"https:\/\/medlaw.vn\/en\/wp-json\/wp\/v2\/pages\/5125\/revisions"}],"predecessor-version":[{"id":5128,"href":"https:\/\/medlaw.vn\/en\/wp-json\/wp\/v2\/pages\/5125\/revisions\/5128"}],"wp:attachment":[{"href":"https:\/\/medlaw.vn\/en\/wp-json\/wp\/v2\/media?parent=5125"}],"curies":[{"name":"wp","href":"https:\/\/api.w.org\/{rel}","templated":true}]}}