{"id":4641,"date":"2022-04-22T13:17:58","date_gmt":"2022-04-22T06:17:58","guid":{"rendered":"http:\/\/medlaw.vn\/?page_id=4641"},"modified":"2024-03-31T20:13:35","modified_gmt":"2024-03-31T13:13:35","slug":"vu-long","status":"publish","type":"page","link":"https:\/\/medlaw.vn\/en\/vu-long\/","title":{"rendered":"VU LONG"},"content":{"rendered":"<div data-elementor-type=\"wp-page\" data-elementor-id=\"4641\" class=\"elementor elementor-4641\" data-elementor-settings=\"[]\">\n\t\t\t<div class=\"elementor-inner\">\n\t\t\t\t<div class=\"elementor-section-wrap\">\n\t\t\t\t\t\t\t<section class=\"elementor-element elementor-element-58e66c0 elementor-section-boxed elementor-section-height-default elementor-section-height-default elementor-section elementor-top-section\" data-id=\"58e66c0\" data-element_type=\"section\" data-settings=\"{&quot;background_background&quot;:&quot;classic&quot;}\">\n\t\t\t\t\t\t<div class=\"elementor-container elementor-column-gap-no\">\n\t\t\t\t<div class=\"elementor-row\">\n\t\t\t\t<div class=\"elementor-element elementor-element-053448a elementor-column elementor-col-50 elementor-top-column\" data-id=\"053448a\" data-element_type=\"column\" data-settings=\"{&quot;background_background&quot;:&quot;classic&quot;}\">\n\t\t\t<div class=\"elementor-column-wrap  elementor-element-populated\">\n\t\t\t\t\t<div class=\"elementor-widget-wrap\">\n\t\t\t\t<div class=\"elementor-element elementor-element-94a2bcf dividechar elementor-widget elementor-widget-divider\" data-id=\"94a2bcf\" data-element_type=\"widget\" data-widget_type=\"divider.default\">\n\t\t\t\t<div class=\"elementor-widget-container\">\n\t\t\t\t\t<div class=\"elementor-divider\">\n\t\t\t<span class=\"elementor-divider-separator\">\n\t\t\t\t\t\t<\/span>\n\t\t<\/div>\n\t\t\t\t<\/div>\n\t\t\t\t<\/div>\n\t\t\t\t<div class=\"elementor-element elementor-element-e0d000f elementor-widget elementor-widget-heading\" data-id=\"e0d000f\" data-element_type=\"widget\" data-widget_type=\"heading.default\">\n\t\t\t\t<div class=\"elementor-widget-container\">\n\t\t\t<h2 class=\"elementor-heading-title elementor-size-default\">VU LONG<\/h2>\t\t<\/div>\n\t\t\t\t<\/div>\n\t\t\t\t<div class=\"elementor-element elementor-element-91d9783 elementor-hidden-tablet elementor-hidden-phone elementor-widget elementor-widget-text-editor\" data-id=\"91d9783\" data-element_type=\"widget\" data-widget_type=\"text-editor.default\">\n\t\t\t\t<div class=\"elementor-widget-container\">\n\t\t\t\t\t<div class=\"elementor-text-editor elementor-clearfix\"><p>Vice director<\/p><\/div>\n\t\t\t\t<\/div>\n\t\t\t\t<\/div>\n\t\t\t\t\t\t<\/div>\n\t\t\t<\/div>\n\t\t<\/div>\n\t\t\t\t<div class=\"elementor-element elementor-element-9ce6bf2 avatarkh elementor-column elementor-col-50 elementor-top-column\" data-id=\"9ce6bf2\" data-element_type=\"column\" data-settings=\"{&quot;background_background&quot;:&quot;classic&quot;}\">\n\t\t\t<div class=\"elementor-column-wrap\">\n\t\t\t\t\t<div class=\"elementor-widget-wrap\">\n\t\t\t\t\t\t<\/div>\n\t\t\t<\/div>\n\t\t<\/div>\n\t\t\t\t\t\t<\/div>\n\t\t\t<\/div>\n\t\t<\/section>\n\t\t\t\t<section class=\"elementor-element elementor-element-ea25874 elementor-section-boxed elementor-section-height-default elementor-section-height-default elementor-section elementor-top-section\" data-id=\"ea25874\" data-element_type=\"section\">\n\t\t\t\t\t\t<div class=\"elementor-container elementor-column-gap-no\">\n\t\t\t\t<div class=\"elementor-row\">\n\t\t\t\t<div class=\"elementor-element elementor-element-cbeb75d elementor-column elementor-col-100 elementor-top-column\" data-id=\"cbeb75d\" data-element_type=\"column\">\n\t\t\t<div class=\"elementor-column-wrap  elementor-element-populated\">\n\t\t\t\t\t<div class=\"elementor-widget-wrap\">\n\t\t\t\t<div class=\"elementor-element elementor-element-6e19944 elementor-widget elementor-widget-text-editor\" data-id=\"6e19944\" data-element_type=\"widget\" data-widget_type=\"text-editor.default\">\n\t\t\t\t<div class=\"elementor-widget-container\">\n\t\t\t\t\t<div class=\"elementor-text-editor elementor-clearfix\"><p>Mr. Long has more than 10 years of experiences working in legal counseling field and in-house counsel. He has taken many important positions in Vietnam Television Cable Company, LLC, and Vietnam Television Cable Joint Stock Company (a big public company), valuating, legal counsulating the companies in economic contract, business cooperation contract, project contracts, from that the company would limit the legal risk they may encountered while running the business.<\/p><p>Moreover, Mr. Long is an expertise in Restructuring, Divestment and Debt Handling fields in Companies, Subsidiary Companies, Affiliated Companies.<\/p><p>As a lawyer, Mr. Long always respects and strictly abides by the laws. With his wide range of knowledge and experiences in Civil Legal and in-house counsel fields, he would always do his best to protect the rights, helping and bringing the best legal consultant for his clients.<\/p><p>Lawyer Long is the Deputy Director of the Company. Lawyer Long has more than ten years of experience working in the fields of consulting on investment, contracts, corporate governance and dispute resolution.<\/p><p>\u00a0<\/p><\/div>\n\t\t\t\t<\/div>\n\t\t\t\t<\/div>\n\t\t\t\t\t\t<\/div>\n\t\t\t<\/div>\n\t\t<\/div>\n\t\t\t\t\t\t<\/div>\n\t\t\t<\/div>\n\t\t<\/section>\n\t\t\t\t<section class=\"elementor-element elementor-element-7750d12 elementor-section-boxed elementor-section-height-default elementor-section-height-default elementor-section elementor-top-section\" data-id=\"7750d12\" data-element_type=\"section\">\n\t\t\t\t\t\t<div class=\"elementor-container elementor-column-gap-default\">\n\t\t\t\t<div class=\"elementor-row\">\n\t\t\t\t<div class=\"elementor-element elementor-element-b763012 elementor-column elementor-col-100 elementor-top-column\" data-id=\"b763012\" data-element_type=\"column\">\n\t\t\t<div class=\"elementor-column-wrap  elementor-element-populated\">\n\t\t\t\t\t<div class=\"elementor-widget-wrap\">\n\t\t\t\t<div class=\"elementor-element elementor-element-fa20703 elementor-position-left elementor-vertical-align-middle elementor-widget elementor-widget-image-box\" data-id=\"fa20703\" data-element_type=\"widget\" data-widget_type=\"image-box.default\">\n\t\t\t\t<div class=\"elementor-widget-container\">\n\t\t\t<div class=\"elementor-image-box-wrapper\"><figure class=\"elementor-image-box-img\"><img width=\"78\" height=\"78\" src=\"https:\/\/medlaw.vn\/wp-content\/uploads\/2021\/01\/Group-296.png\" class=\"attachment-full size-full\" alt=\"\" loading=\"lazy\" \/><\/figure><div class=\"elementor-image-box-content\"><h3 class=\"elementor-image-box-title\">POSITIONS HOLD<\/h3><\/div><\/div>\t\t<\/div>\n\t\t\t\t<\/div>\n\t\t\t\t<div class=\"elementor-element elementor-element-bc64290 elementor-widget elementor-widget-text-editor\" data-id=\"bc64290\" data-element_type=\"widget\" data-widget_type=\"text-editor.default\">\n\t\t\t\t<div class=\"elementor-widget-container\">\n\t\t\t\t\t<div class=\"elementor-text-editor elementor-clearfix\"><ul><li>In-house lawyer at a business operating in the telecommunications and entertainment fields;<\/li><li>Consulting and dispute resolution lawyer at Nang & Partner Law Company Limited.<\/li><li>Deputy Director in charge of expertise at Medlaw Law Firm.<\/li><\/ul><\/div>\n\t\t\t\t<\/div>\n\t\t\t\t<\/div>\n\t\t\t\t\t\t<\/div>\n\t\t\t<\/div>\n\t\t<\/div>\n\t\t\t\t\t\t<\/div>\n\t\t\t<\/div>\n\t\t<\/section>\n\t\t\t\t<section class=\"elementor-element elementor-element-38217a0 elementor-section-boxed elementor-section-height-default elementor-section-height-default elementor-section elementor-top-section\" data-id=\"38217a0\" data-element_type=\"section\">\n\t\t\t\t\t\t<div class=\"elementor-container elementor-column-gap-default\">\n\t\t\t\t<div class=\"elementor-row\">\n\t\t\t\t<div class=\"elementor-element elementor-element-6796b27 elementor-column elementor-col-100 elementor-top-column\" data-id=\"6796b27\" data-element_type=\"column\" data-settings=\"{&quot;background_background&quot;:&quot;classic&quot;}\">\n\t\t\t<div class=\"elementor-column-wrap  elementor-element-populated\">\n\t\t\t\t\t<div class=\"elementor-widget-wrap\">\n\t\t\t\t<div class=\"elementor-element elementor-element-f4c0315 elementor-position-left elementor-vertical-align-middle elementor-widget elementor-widget-image-box\" data-id=\"f4c0315\" data-element_type=\"widget\" data-widget_type=\"image-box.default\">\n\t\t\t\t<div class=\"elementor-widget-container\">\n\t\t\t<div class=\"elementor-image-box-wrapper\"><figure class=\"elementor-image-box-img\"><img width=\"78\" height=\"78\" src=\"https:\/\/medlaw.vn\/wp-content\/uploads\/2021\/01\/Group-296.png\" class=\"attachment-full size-full\" alt=\"\" loading=\"lazy\" \/><\/figure><div class=\"elementor-image-box-content\"><h3 class=\"elementor-image-box-title\">TYPICAL WORKS<\/h3><\/div><\/div>\t\t<\/div>\n\t\t\t\t<\/div>\n\t\t\t\t<div class=\"elementor-element elementor-element-145bc10 elementor-widget elementor-widget-text-editor\" data-id=\"145bc10\" data-element_type=\"widget\" data-widget_type=\"text-editor.default\">\n\t\t\t\t<div class=\"elementor-widget-container\">\n\t\t\t\t\t<div class=\"elementor-text-editor elementor-clearfix\"><ul><li>Regular legal advice on business, commercial business and legal compliance for the Board of Directors of a State Corporation operating in the field of natural resources and minerals;<\/li><li>Consulting, drafting and participating in signing contracts with foreign elements signed between a large University in Ho Chi Minh City and a foreign NGO to receive funding for human projects. acting as the grantee's lawyer;<\/li><li>Successfully appealed against the decision to sanction administrative violations in the tax sector worth more than one million USD as the complainant's lawyer;<\/li><\/ul><p>Participated in litigation to successfully defend many individual and organizational clients in disputes over commercial, civil, and real estate contracts at People's Courts at all levels.<\/p><\/div>\n\t\t\t\t<\/div>\n\t\t\t\t<\/div>\n\t\t\t\t\t\t<\/div>\n\t\t\t<\/div>\n\t\t<\/div>\n\t\t\t\t\t\t<\/div>\n\t\t\t<\/div>\n\t\t<\/section>\n\t\t\t\t<section class=\"elementor-element elementor-element-b34ca24 elementor-section-boxed elementor-section-height-default elementor-section-height-default elementor-section elementor-top-section\" data-id=\"b34ca24\" data-element_type=\"section\">\n\t\t\t\t\t\t<div class=\"elementor-container elementor-column-gap-no\">\n\t\t\t\t<div class=\"elementor-row\">\n\t\t\t\t<div class=\"elementor-element elementor-element-376ae48 elementor-column elementor-col-100 elementor-top-column\" data-id=\"376ae48\" data-element_type=\"column\">\n\t\t\t<div class=\"elementor-column-wrap  elementor-element-populated\">\n\t\t\t\t\t<div class=\"elementor-widget-wrap\">\n\t\t\t\t<div class=\"elementor-element elementor-element-d2e1789 gallerypo elementor-widget elementor-widget-gallery\" data-id=\"d2e1789\" data-element_type=\"widget\" data-settings=\"{&quot;gap&quot;:{&quot;unit&quot;:&quot;px&quot;,&quot;size&quot;:40,&quot;sizes&quot;:[]},&quot;aspect_ratio&quot;:&quot;1:1&quot;,&quot;gallery_layout&quot;:&quot;grid&quot;,&quot;columns&quot;:4,&quot;columns_tablet&quot;:2,&quot;columns_mobile&quot;:1,&quot;gap_tablet&quot;:{&quot;unit&quot;:&quot;px&quot;,&quot;size&quot;:10,&quot;sizes&quot;:[]},&quot;gap_mobile&quot;:{&quot;unit&quot;:&quot;px&quot;,&quot;size&quot;:10,&quot;sizes&quot;:[]},&quot;link_to&quot;:&quot;file&quot;,&quot;overlay_background&quot;:&quot;yes&quot;,&quot;content_hover_animation&quot;:&quot;fade-in&quot;}\" data-widget_type=\"gallery.default\">\n\t\t\t\t<div class=\"elementor-widget-container\">\n\t\t\t\t\t<div class=\"elementor-gallery__container\">\n\t\t\t\t\t\t\t<a class=\"e-gallery-item elementor-gallery-item elementor-animated-content\" href=\"https:\/\/medlaw.vn\/wp-content\/uploads\/2021\/09\/download.png\" data-elementor-open-lightbox=\"yes\" data-elementor-lightbox-slideshow=\"all-d2e1789\" data-elementor-lightbox-title=\"download\">\n\t\t\t\t\t<div class=\"e-gallery-image elementor-gallery-item__image\" data-thumbnail=\"https:\/\/medlaw.vn\/wp-content\/uploads\/2021\/09\/download.png\" data-width=\"120\" data-height=\"120\" alt=\"\" ><\/div>\n\t\t\t\t\t\t\t\t\t\t<div class=\"elementor-gallery-item__overlay\"><\/div>\n\t\t\t\t\t\t\t\t\t\t\t\t\t\t<\/a>\n\t\t\t\t\t\t\t<a class=\"e-gallery-item elementor-gallery-item elementor-animated-content\" href=\"https:\/\/medlaw.vn\/wp-content\/uploads\/2021\/11\/HPR.png\" data-elementor-open-lightbox=\"yes\" data-elementor-lightbox-slideshow=\"all-d2e1789\" data-elementor-lightbox-title=\"HPR\">\n\t\t\t\t\t<div class=\"e-gallery-image elementor-gallery-item__image\" data-thumbnail=\"https:\/\/medlaw.vn\/wp-content\/uploads\/2021\/11\/HPR.png\" data-width=\"1200\" data-height=\"1200\" alt=\"\" ><\/div>\n\t\t\t\t\t\t\t\t\t\t<div class=\"elementor-gallery-item__overlay\"><\/div>\n\t\t\t\t\t\t\t\t\t\t\t\t\t\t<\/a>\n\t\t\t\t\t\t\t<a class=\"e-gallery-item elementor-gallery-item elementor-animated-content\" href=\"https:\/\/medlaw.vn\/wp-content\/uploads\/2022\/07\/antd-vtvcab.jpg\" data-elementor-open-lightbox=\"yes\" data-elementor-lightbox-slideshow=\"all-d2e1789\" data-elementor-lightbox-title=\"antd-vtvcab\">\n\t\t\t\t\t<div class=\"e-gallery-image elementor-gallery-item__image\" data-thumbnail=\"https:\/\/medlaw.vn\/wp-content\/uploads\/2022\/07\/antd-vtvcab.jpg\" data-width=\"720\" data-height=\"480\" alt=\"\" ><\/div>\n\t\t\t\t\t\t\t\t\t\t<div class=\"elementor-gallery-item__overlay\"><\/div>\n\t\t\t\t\t\t\t\t\t\t\t\t\t\t<\/a>\n\t\t\t\t\t\t\t<a class=\"e-gallery-item elementor-gallery-item elementor-animated-content\" href=\"https:\/\/medlaw.vn\/wp-content\/uploads\/2022\/08\/Artboard-1_1.png\" data-elementor-open-lightbox=\"yes\" data-elementor-lightbox-slideshow=\"all-d2e1789\" data-elementor-lightbox-title=\"Artboard 1_1\">\n\t\t\t\t\t<div class=\"e-gallery-image elementor-gallery-item__image\" data-thumbnail=\"https:\/\/medlaw.vn\/wp-content\/uploads\/2022\/08\/Artboard-1_1.png\" data-width=\"408\" data-height=\"363\" alt=\"\" ><\/div>\n\t\t\t\t\t\t\t\t\t\t<div class=\"elementor-gallery-item__overlay\"><\/div>\n\t\t\t\t\t\t\t\t\t\t\t\t\t\t<\/a>\n\t\t\t\t\t<\/div>\n\t\t\t<\/div>\n\t\t\t\t<\/div>\n\t\t\t\t\t\t<\/div>\n\t\t\t<\/div>\n\t\t<\/div>\n\t\t\t\t\t\t<\/div>\n\t\t\t<\/div>\n\t\t<\/section>\n\t\t\t\t\t\t<\/div>\n\t\t\t<\/div>\n\t\t<\/div>","protected":false},"excerpt":{"rendered":"<p>Ls. V\u0169 Long Ph\u00f3 Gi\u00e1m \u0111\u1ed1c Lu\u1eadt s\u01b0 V\u0169 Long c\u00f3 h\u01a1n 10 n\u0103m kinh nghi\u1ec7m trong l\u0129nh v\u1ef1c t\u01b0 v\u1ea5n ph\u00e1p lu\u1eadt v\u00e0 ph\u00e1p ch\u1ebf doanh nghi\u1ec7p. \u00d4ng t\u1eebng \u0111\u1ea3m nhi\u1ec7m c\u00e1c v\u1ecb tr\u00ed quan tr\u1ecdng t\u1ea1i C\u00f4ng ty TNHH MTV T\u1ed5ng C\u00f4ng ty Truy\u1ec1n h\u00ecnh C\u00e1p Vi\u1ec7t Nam v\u00e0 C\u00f4ng ty C\u1ed5 ph\u1ea7n&#8230;<\/p>","protected":false},"author":1,"featured_media":0,"parent":0,"menu_order":0,"comment_status":"closed","ping_status":"closed","template":"","meta":[],"_links":{"self":[{"href":"https:\/\/medlaw.vn\/en\/wp-json\/wp\/v2\/pages\/4641"}],"collection":[{"href":"https:\/\/medlaw.vn\/en\/wp-json\/wp\/v2\/pages"}],"about":[{"href":"https:\/\/medlaw.vn\/en\/wp-json\/wp\/v2\/types\/page"}],"author":[{"embeddable":true,"href":"https:\/\/medlaw.vn\/en\/wp-json\/wp\/v2\/users\/1"}],"replies":[{"embeddable":true,"href":"https:\/\/medlaw.vn\/en\/wp-json\/wp\/v2\/comments?post=4641"}],"version-history":[{"count":13,"href":"https:\/\/medlaw.vn\/en\/wp-json\/wp\/v2\/pages\/4641\/revisions"}],"predecessor-version":[{"id":5155,"href":"https:\/\/medlaw.vn\/en\/wp-json\/wp\/v2\/pages\/4641\/revisions\/5155"}],"wp:attachment":[{"href":"https:\/\/medlaw.vn\/en\/wp-json\/wp\/v2\/media?parent=4641"}],"curies":[{"name":"wp","href":"https:\/\/api.w.org\/{rel}","templated":true}]}}