{"id":4483,"date":"2021-12-20T22:57:35","date_gmt":"2021-12-20T15:57:35","guid":{"rendered":"http:\/\/medlaw.vn\/?page_id=4483"},"modified":"2023-11-14T13:29:02","modified_gmt":"2023-11-14T06:29:02","slug":"nguyen-hoang-tien","status":"publish","type":"page","link":"https:\/\/medlaw.vn\/en\/nguyen-hoang-tien\/","title":{"rendered":"NGUYEN HOANG TIEN"},"content":{"rendered":"<div data-elementor-type=\"wp-page\" data-elementor-id=\"4483\" class=\"elementor elementor-4483\" data-elementor-settings=\"[]\">\n\t\t\t<div class=\"elementor-inner\">\n\t\t\t\t<div class=\"elementor-section-wrap\">\n\t\t\t\t\t\t\t<section class=\"elementor-element elementor-element-58e66c0 elementor-section-boxed elementor-section-height-default elementor-section-height-default elementor-section elementor-top-section\" data-id=\"58e66c0\" data-element_type=\"section\" data-settings=\"{&quot;background_background&quot;:&quot;classic&quot;}\">\n\t\t\t\t\t\t<div class=\"elementor-container elementor-column-gap-no\">\n\t\t\t\t<div class=\"elementor-row\">\n\t\t\t\t<div class=\"elementor-element elementor-element-053448a elementor-column elementor-col-50 elementor-top-column\" data-id=\"053448a\" data-element_type=\"column\" data-settings=\"{&quot;background_background&quot;:&quot;classic&quot;}\">\n\t\t\t<div class=\"elementor-column-wrap  elementor-element-populated\">\n\t\t\t\t\t<div class=\"elementor-widget-wrap\">\n\t\t\t\t<div class=\"elementor-element elementor-element-94a2bcf dividechar elementor-widget elementor-widget-divider\" data-id=\"94a2bcf\" data-element_type=\"widget\" data-widget_type=\"divider.default\">\n\t\t\t\t<div class=\"elementor-widget-container\">\n\t\t\t\t\t<div class=\"elementor-divider\">\n\t\t\t<span class=\"elementor-divider-separator\">\n\t\t\t\t\t\t<\/span>\n\t\t<\/div>\n\t\t\t\t<\/div>\n\t\t\t\t<\/div>\n\t\t\t\t<div class=\"elementor-element elementor-element-e0d000f elementor-widget elementor-widget-heading\" data-id=\"e0d000f\" data-element_type=\"widget\" data-widget_type=\"heading.default\">\n\t\t\t\t<div class=\"elementor-widget-container\">\n\t\t\t<h2 class=\"elementor-heading-title elementor-size-default\"><b>LL. M. Nguyen Hoang Tien<\/b>\n<\/h2>\t\t<\/div>\n\t\t\t\t<\/div>\n\t\t\t\t<div class=\"elementor-element elementor-element-91d9783 elementor-hidden-tablet elementor-hidden-phone elementor-widget elementor-widget-text-editor\" data-id=\"91d9783\" data-element_type=\"widget\" data-widget_type=\"text-editor.default\">\n\t\t\t\t<div class=\"elementor-widget-container\">\n\t\t\t\t\t<div class=\"elementor-text-editor elementor-clearfix\"><p>Member lawyer<\/p><\/div>\n\t\t\t\t<\/div>\n\t\t\t\t<\/div>\n\t\t\t\t\t\t<\/div>\n\t\t\t<\/div>\n\t\t<\/div>\n\t\t\t\t<div class=\"elementor-element elementor-element-9ce6bf2 avatarkh elementor-column elementor-col-50 elementor-top-column\" data-id=\"9ce6bf2\" data-element_type=\"column\" data-settings=\"{&quot;background_background&quot;:&quot;classic&quot;}\">\n\t\t\t<div class=\"elementor-column-wrap\">\n\t\t\t\t\t<div class=\"elementor-widget-wrap\">\n\t\t\t\t\t\t<\/div>\n\t\t\t<\/div>\n\t\t<\/div>\n\t\t\t\t\t\t<\/div>\n\t\t\t<\/div>\n\t\t<\/section>\n\t\t\t\t<section class=\"elementor-element elementor-element-ea25874 elementor-section-boxed elementor-section-height-default elementor-section-height-default elementor-section elementor-top-section\" data-id=\"ea25874\" data-element_type=\"section\">\n\t\t\t\t\t\t<div class=\"elementor-container elementor-column-gap-no\">\n\t\t\t\t<div class=\"elementor-row\">\n\t\t\t\t<div class=\"elementor-element elementor-element-cbeb75d elementor-column elementor-col-100 elementor-top-column\" data-id=\"cbeb75d\" data-element_type=\"column\">\n\t\t\t<div class=\"elementor-column-wrap  elementor-element-populated\">\n\t\t\t\t\t<div class=\"elementor-widget-wrap\">\n\t\t\t\t<div class=\"elementor-element elementor-element-6e19944 elementor-widget elementor-widget-text-editor\" data-id=\"6e19944\" data-element_type=\"widget\" data-widget_type=\"text-editor.default\">\n\t\t\t\t<div class=\"elementor-widget-container\">\n\t\t\t\t\t<div class=\"elementor-text-editor elementor-clearfix\"><p><span style=\"font-weight: 400;\">With experience from the military force, from January 1, 1978, LL. M. Nguyen Hoang Tien started his role as a judge who varies from civil, criminal, marriage, family, business,...\u00a0<\/span><\/p><p><span style=\"font-weight: 400;\">T\u1eeb cu\u1ed1i n\u0103m 1999 \u0111\u1ebfn 2014, Lu\u1eadt s\u01b0 Ti\u1ebfn \u0111\u01b0\u1ee3c giao tr\u1ecdng tr\u00e1ch Th\u1ea9m ph\u00e1n T\u00f2a ph\u00fac th\u1ea9m T\u00f2a \u00e1n nh\u00e2n d\u00e2n T\u1ed1i cao t\u1ea1i TP.HCM. Trong h\u01a1n 43 n\u0103m kinh nghi\u1ec7m trong l\u0129nh v\u1ef1c ph\u00e1p lu\u1eadt, v\u1edbi vai tr\u00f2 l\u00e0 Th\u1ea9m ph\u00e1n T\u00f2a \u00e1n nh\u00e2n d\u00e2n t\u1ed1i cao, \u00f4ng lu\u00f4n t\u00f4n tr\u1ecdng v\u00e0 th\u01b0\u1ee3ng t\u00f4n ph\u00e1p lu\u1eadt \u0111\u00e3 mang l\u1ea1i s\u1ef1 c\u00f4ng b\u1eb1ng v\u00e0 c\u1ee7ng c\u1ed1 ni\u1ec1m tin v\u00e0o ph\u00e1p lu\u1eadt cho nh\u00e2n d\u00e2n. L\u00e0 Th\u1ea1c s\u0129 Lu\u1eadt h\u1ecdc v\u00e0 kinh nghi\u1ec7m d\u00e0y d\u1eb7n, \u00f4ng am hi\u1ec3u chuy\u00ean s\u00e2u trong h\u1ea7u h\u1ebft c\u00e1c l\u0129nh v\u1ef1c ph\u00e1p lu\u1eadt.\u00a0<\/span><\/p><p><span style=\"font-weight: 400;\">With his enthusiasm and dedication to his work, along with the outstanding achievements, he has been recognized by the Party and State with many certificates of merit at all levels, of which the superlative is 01 1st Class in the Resistance Against America Medal, 01 For the Career of Judges Medal, For the Career of Judges Campaign Medal,\u2026<\/span><\/p><\/div>\n\t\t\t\t<\/div>\n\t\t\t\t<\/div>\n\t\t\t\t\t\t<\/div>\n\t\t\t<\/div>\n\t\t<\/div>\n\t\t\t\t\t\t<\/div>\n\t\t\t<\/div>\n\t\t<\/section>\n\t\t\t\t<section class=\"elementor-element elementor-element-7750d12 elementor-section-boxed elementor-section-height-default elementor-section-height-default elementor-section elementor-top-section\" data-id=\"7750d12\" data-element_type=\"section\">\n\t\t\t\t\t\t<div class=\"elementor-container elementor-column-gap-default\">\n\t\t\t\t<div class=\"elementor-row\">\n\t\t\t\t<div class=\"elementor-element elementor-element-b763012 elementor-column elementor-col-100 elementor-top-column\" data-id=\"b763012\" data-element_type=\"column\">\n\t\t\t<div class=\"elementor-column-wrap  elementor-element-populated\">\n\t\t\t\t\t<div class=\"elementor-widget-wrap\">\n\t\t\t\t<div class=\"elementor-element elementor-element-fa20703 elementor-position-left elementor-vertical-align-middle elementor-widget elementor-widget-image-box\" data-id=\"fa20703\" data-element_type=\"widget\" data-widget_type=\"image-box.default\">\n\t\t\t\t<div class=\"elementor-widget-container\">\n\t\t\t<div class=\"elementor-image-box-wrapper\"><figure class=\"elementor-image-box-img\"><img width=\"78\" height=\"78\" src=\"https:\/\/medlaw.vn\/wp-content\/uploads\/2021\/01\/Group-296.png\" class=\"attachment-full size-full\" alt=\"\" loading=\"lazy\" \/><\/figure><div class=\"elementor-image-box-content\"><h3 class=\"elementor-image-box-title\">POSITIONS HOLD<\/h3><\/div><\/div>\t\t<\/div>\n\t\t\t\t<\/div>\n\t\t\t\t<div class=\"elementor-element elementor-element-bc64290 elementor-widget elementor-widget-text-editor\" data-id=\"bc64290\" data-element_type=\"widget\" data-widget_type=\"text-editor.default\">\n\t\t\t\t<div class=\"elementor-widget-container\">\n\t\t\t\t\t<div class=\"elementor-text-editor elementor-clearfix\"><ul><li>Judge of the Court of Appeal at the Supreme People's Court, Ho Chi Minh City;<\/li><li>Judge, Deputy Chief Justice of the People's Court, Dong Nai Province;<\/li><li>Judge of the People's Court of Dong Nai province;<\/li><li>\u00a0Ph\u00f3 v\u0103n ph\u00f2ng, Nguy\u00ean Ch\u00e1nh v\u0103n ph\u00f2ng T\u00f2a \u00e1n nh\u00e2n d\u00e2n t\u1ec9nh \u0110\u1ed3ng Nai;<\/li><li>Head of Clerk Department of People's Court of Nghe An province;<\/li><li>Judge of the People's Court of Tuong Duong District, Nghe An;<\/li><li>Participate in court proceedings as an authorized representative.<\/li><li>Participate in court proceedings as the lawyer protecting the client's rights.<\/li><\/ul><\/div>\n\t\t\t\t<\/div>\n\t\t\t\t<\/div>\n\t\t\t\t\t\t<\/div>\n\t\t\t<\/div>\n\t\t<\/div>\n\t\t\t\t\t\t<\/div>\n\t\t\t<\/div>\n\t\t<\/section>\n\t\t\t\t<section class=\"elementor-element elementor-element-38217a0 elementor-section-boxed elementor-section-height-default elementor-section-height-default elementor-section elementor-top-section\" data-id=\"38217a0\" data-element_type=\"section\">\n\t\t\t\t\t\t<div class=\"elementor-container elementor-column-gap-default\">\n\t\t\t\t<div class=\"elementor-row\">\n\t\t\t\t<div class=\"elementor-element elementor-element-6796b27 elementor-column elementor-col-100 elementor-top-column\" data-id=\"6796b27\" data-element_type=\"column\" data-settings=\"{&quot;background_background&quot;:&quot;classic&quot;}\">\n\t\t\t<div class=\"elementor-column-wrap  elementor-element-populated\">\n\t\t\t\t\t<div class=\"elementor-widget-wrap\">\n\t\t\t\t<div class=\"elementor-element elementor-element-f4c0315 elementor-position-left elementor-vertical-align-middle elementor-widget elementor-widget-image-box\" data-id=\"f4c0315\" data-element_type=\"widget\" data-widget_type=\"image-box.default\">\n\t\t\t\t<div class=\"elementor-widget-container\">\n\t\t\t<div class=\"elementor-image-box-wrapper\"><figure class=\"elementor-image-box-img\"><img width=\"78\" height=\"78\" src=\"https:\/\/medlaw.vn\/wp-content\/uploads\/2021\/01\/Group-296.png\" class=\"attachment-full size-full\" alt=\"\" loading=\"lazy\" \/><\/figure><div class=\"elementor-image-box-content\"><h3 class=\"elementor-image-box-title\">TYPICAL WORKS<\/h3><\/div><\/div>\t\t<\/div>\n\t\t\t\t<\/div>\n\t\t\t\t<div class=\"elementor-element elementor-element-145bc10 elementor-widget elementor-widget-text-editor\" data-id=\"145bc10\" data-element_type=\"widget\" data-widget_type=\"text-editor.default\">\n\t\t\t\t<div class=\"elementor-widget-container\">\n\t\t\t\t\t<div class=\"elementor-text-editor elementor-clearfix\"><ul><li><p>Presiding over cases of first-instance and appellate courts in the fields of civil, criminal, marriage and family, business, land,\u2026<\/p><\/li><li><p><span style=\"font-weight: 400;\">Appellate cases where the first-instance judgments or decisions have not yet taken legal effect of the immediate lower courts which are appealed or protested against in accordance with the procedural law;<\/span><\/p><\/li><li><p><span style=\"font-weight: 400;\">Participating in <\/span><span style=\"font-weight: 400;\">the classification and reopening trial of legally effective cases, judgments, and decisions protested against in accordance with the procedural law.<\/span><\/p><\/li><\/ul><\/div>\n\t\t\t\t<\/div>\n\t\t\t\t<\/div>\n\t\t\t\t\t\t<\/div>\n\t\t\t<\/div>\n\t\t<\/div>\n\t\t\t\t\t\t<\/div>\n\t\t\t<\/div>\n\t\t<\/section>\n\t\t\t\t<section class=\"elementor-element elementor-element-b34ca24 elementor-section-boxed elementor-section-height-default elementor-section-height-default elementor-section elementor-top-section\" data-id=\"b34ca24\" data-element_type=\"section\">\n\t\t\t\t\t\t<div class=\"elementor-container elementor-column-gap-no\">\n\t\t\t\t<div class=\"elementor-row\">\n\t\t\t\t<div class=\"elementor-element elementor-element-376ae48 elementor-column elementor-col-100 elementor-top-column\" data-id=\"376ae48\" data-element_type=\"column\">\n\t\t\t<div class=\"elementor-column-wrap  elementor-element-populated\">\n\t\t\t\t\t<div class=\"elementor-widget-wrap\">\n\t\t\t\t\t\t<\/div>\n\t\t\t<\/div>\n\t\t<\/div>\n\t\t\t\t\t\t<\/div>\n\t\t\t<\/div>\n\t\t<\/section>\n\t\t\t\t\t\t<\/div>\n\t\t\t<\/div>\n\t\t<\/div>","protected":false},"excerpt":{"rendered":"<p>Ths.Ls. Nguy\u1ec5n Ho\u00e0ng Ti\u1ebfn Lu\u1eadt s\u01b0 th\u00e0nh vi\u00ean Ths.Ls Nguy\u1ec5n Ho\u00e0ng Ti\u1ebfn v\u1edbi nh\u1eefng tr\u1ea3i nghi\u1ec7m t\u1eeb l\u1ef1c l\u01b0\u1ee3ng qu\u00e2n \u0111\u1ed9i, t\u1eeb 01\/1978 Lu\u1eadt s\u01b0 Ti\u1ebfn b\u1eaft \u0111\u1ea7u vai tr\u00f2 c\u1ee7a m\u1ed9t th\u1ea9m ph\u00e1n, t\u1eeb l\u0129nh v\u1ef1c d\u00e2n s\u1ef1, h\u00ecnh s\u1ef1, h\u00f4n nh\u00e2n gia \u0111\u00ecnh, kinh doanh,\u2026\u00a0 T\u1eeb cu\u1ed1i n\u0103m 1999 \u0111\u1ebfn 2014, Lu\u1eadt s\u01b0&#8230;<\/p>","protected":false},"author":1,"featured_media":0,"parent":0,"menu_order":0,"comment_status":"closed","ping_status":"closed","template":"","meta":[],"_links":{"self":[{"href":"https:\/\/medlaw.vn\/en\/wp-json\/wp\/v2\/pages\/4483"}],"collection":[{"href":"https:\/\/medlaw.vn\/en\/wp-json\/wp\/v2\/pages"}],"about":[{"href":"https:\/\/medlaw.vn\/en\/wp-json\/wp\/v2\/types\/page"}],"author":[{"embeddable":true,"href":"https:\/\/medlaw.vn\/en\/wp-json\/wp\/v2\/users\/1"}],"replies":[{"embeddable":true,"href":"https:\/\/medlaw.vn\/en\/wp-json\/wp\/v2\/comments?post=4483"}],"version-history":[{"count":11,"href":"https:\/\/medlaw.vn\/en\/wp-json\/wp\/v2\/pages\/4483\/revisions"}],"predecessor-version":[{"id":5093,"href":"https:\/\/medlaw.vn\/en\/wp-json\/wp\/v2\/pages\/4483\/revisions\/5093"}],"wp:attachment":[{"href":"https:\/\/medlaw.vn\/en\/wp-json\/wp\/v2\/media?parent=4483"}],"curies":[{"name":"wp","href":"https:\/\/api.w.org\/{rel}","templated":true}]}}