{"id":2682,"date":"2021-01-31T05:08:19","date_gmt":"2021-01-31T05:08:19","guid":{"rendered":"http:\/\/medlaw.vn\/?page_id=2682"},"modified":"2021-02-23T12:20:16","modified_gmt":"2021-02-23T12:20:16","slug":"le-thi-ngoc-ha","status":"publish","type":"page","link":"https:\/\/medlaw.vn\/en\/le-thi-ngoc-ha\/","title":{"rendered":"L\u00ea Th\u1ecb Ng\u1ecdc H\u00e0"},"content":{"rendered":"<div data-elementor-type=\"wp-page\" data-elementor-id=\"2682\" class=\"elementor elementor-2682\" data-elementor-settings=\"[]\">\n\t\t\t<div class=\"elementor-inner\">\n\t\t\t\t<div class=\"elementor-section-wrap\">\n\t\t\t\t\t\t\t<section class=\"elementor-element elementor-element-58e66c0 elementor-section-boxed elementor-section-height-default elementor-section-height-default elementor-section elementor-top-section\" data-id=\"58e66c0\" data-element_type=\"section\" data-settings=\"{&quot;background_background&quot;:&quot;classic&quot;}\">\n\t\t\t\t\t\t<div class=\"elementor-container elementor-column-gap-no\">\n\t\t\t\t<div class=\"elementor-row\">\n\t\t\t\t<div class=\"elementor-element elementor-element-053448a elementor-column elementor-col-50 elementor-top-column\" data-id=\"053448a\" data-element_type=\"column\" data-settings=\"{&quot;background_background&quot;:&quot;classic&quot;}\">\n\t\t\t<div class=\"elementor-column-wrap  elementor-element-populated\">\n\t\t\t\t\t<div class=\"elementor-widget-wrap\">\n\t\t\t\t<div class=\"elementor-element elementor-element-94a2bcf dividechar elementor-widget elementor-widget-divider\" data-id=\"94a2bcf\" data-element_type=\"widget\" data-widget_type=\"divider.default\">\n\t\t\t\t<div class=\"elementor-widget-container\">\n\t\t\t\t\t<div class=\"elementor-divider\">\n\t\t\t<span class=\"elementor-divider-separator\">\n\t\t\t\t\t\t<\/span>\n\t\t<\/div>\n\t\t\t\t<\/div>\n\t\t\t\t<\/div>\n\t\t\t\t<div class=\"elementor-element elementor-element-e0d000f elementor-widget elementor-widget-heading\" data-id=\"e0d000f\" data-element_type=\"widget\" data-widget_type=\"heading.default\">\n\t\t\t\t<div class=\"elementor-widget-container\">\n\t\t\t<h2 class=\"elementor-heading-title elementor-size-default\">Le Thi Ngoc Ha, PhD.\n<\/h2>\t\t<\/div>\n\t\t\t\t<\/div>\n\t\t\t\t<div class=\"elementor-element elementor-element-91d9783 elementor-hidden-phone elementor-widget elementor-widget-text-editor\" data-id=\"91d9783\" data-element_type=\"widget\" data-widget_type=\"text-editor.default\">\n\t\t\t\t<div class=\"elementor-widget-container\">\n\t\t\t\t\t<div class=\"elementor-text-editor elementor-clearfix\"><p>Senior corporate consultant<\/p><p>\u00a0<\/p><\/div>\n\t\t\t\t<\/div>\n\t\t\t\t<\/div>\n\t\t\t\t\t\t<\/div>\n\t\t\t<\/div>\n\t\t<\/div>\n\t\t\t\t<div class=\"elementor-element elementor-element-9ce6bf2 avatarkh elementor-column elementor-col-50 elementor-top-column\" data-id=\"9ce6bf2\" data-element_type=\"column\" data-settings=\"{&quot;background_background&quot;:&quot;classic&quot;}\">\n\t\t\t<div class=\"elementor-column-wrap\">\n\t\t\t\t\t<div class=\"elementor-widget-wrap\">\n\t\t\t\t\t\t<\/div>\n\t\t\t<\/div>\n\t\t<\/div>\n\t\t\t\t\t\t<\/div>\n\t\t\t<\/div>\n\t\t<\/section>\n\t\t\t\t<section class=\"elementor-element elementor-element-ea25874 elementor-section-boxed elementor-section-height-default elementor-section-height-default elementor-section elementor-top-section\" data-id=\"ea25874\" data-element_type=\"section\">\n\t\t\t\t\t\t<div class=\"elementor-container elementor-column-gap-no\">\n\t\t\t\t<div class=\"elementor-row\">\n\t\t\t\t<div class=\"elementor-element elementor-element-cbeb75d elementor-column elementor-col-100 elementor-top-column\" data-id=\"cbeb75d\" data-element_type=\"column\">\n\t\t\t<div class=\"elementor-column-wrap  elementor-element-populated\">\n\t\t\t\t\t<div class=\"elementor-widget-wrap\">\n\t\t\t\t<div class=\"elementor-element elementor-element-6e19944 elementor-widget elementor-widget-text-editor\" data-id=\"6e19944\" data-element_type=\"widget\" data-widget_type=\"text-editor.default\">\n\t\t\t\t<div class=\"elementor-widget-container\">\n\t\t\t\t\t<div class=\"elementor-text-editor elementor-clearfix\"><p>Ngoc Ha PhD. is a Reporter and Editor of television and media stations, with more than 10 years of experience in Vietnamese television stations. She is a consultant for corporates on communication issues and communication crisis settlement - one of the most important issues of large and medium corporates in Vietnam.<\/p><\/div>\n\t\t\t\t<\/div>\n\t\t\t\t<\/div>\n\t\t\t\t\t\t<\/div>\n\t\t\t<\/div>\n\t\t<\/div>\n\t\t\t\t\t\t<\/div>\n\t\t\t<\/div>\n\t\t<\/section>\n\t\t\t\t<section class=\"elementor-element elementor-element-7750d12 elementor-section-boxed elementor-section-height-default elementor-section-height-default elementor-section elementor-top-section\" data-id=\"7750d12\" data-element_type=\"section\">\n\t\t\t\t\t\t<div class=\"elementor-container elementor-column-gap-default\">\n\t\t\t\t<div class=\"elementor-row\">\n\t\t\t\t<div class=\"elementor-element elementor-element-b763012 elementor-column elementor-col-100 elementor-top-column\" data-id=\"b763012\" data-element_type=\"column\">\n\t\t\t<div class=\"elementor-column-wrap  elementor-element-populated\">\n\t\t\t\t\t<div class=\"elementor-widget-wrap\">\n\t\t\t\t<div class=\"elementor-element elementor-element-fa20703 elementor-position-left elementor-vertical-align-middle elementor-widget elementor-widget-image-box\" data-id=\"fa20703\" data-element_type=\"widget\" data-widget_type=\"image-box.default\">\n\t\t\t\t<div class=\"elementor-widget-container\">\n\t\t\t<div class=\"elementor-image-box-wrapper\"><figure class=\"elementor-image-box-img\"><img width=\"78\" height=\"78\" src=\"https:\/\/medlaw.vn\/wp-content\/uploads\/2021\/01\/Group-296.png\" class=\"attachment-full size-full\" alt=\"\" loading=\"lazy\" \/><\/figure><div class=\"elementor-image-box-content\"><h3 class=\"elementor-image-box-title\">POSITIONS HOLD<\/h3><\/div><\/div>\t\t<\/div>\n\t\t\t\t<\/div>\n\t\t\t\t<div class=\"elementor-element elementor-element-bc64290 elementor-widget elementor-widget-text-editor\" data-id=\"bc64290\" data-element_type=\"widget\" data-widget_type=\"text-editor.default\">\n\t\t\t\t<div class=\"elementor-widget-container\">\n\t\t\t\t\t<div class=\"elementor-text-editor elementor-clearfix\"><ul><li>Manager of the representative office of VTC16 in HCMC<\/li><li>Producer of Vietnam Digital Television - VTC<\/li><li>Editor\/Reporter of Vietnam Digital Television - VTC<\/li><li>Communication executive of the Ministry of Agriculture and Rural Development of Vietnam<\/li><li>Head of Content Division of Life And Health Joint Stock Company<\/li><\/ul><\/div>\n\t\t\t\t<\/div>\n\t\t\t\t<\/div>\n\t\t\t\t\t\t<\/div>\n\t\t\t<\/div>\n\t\t<\/div>\n\t\t\t\t\t\t<\/div>\n\t\t\t<\/div>\n\t\t<\/section>\n\t\t\t\t<section class=\"elementor-element elementor-element-38217a0 elementor-section-boxed elementor-section-height-default elementor-section-height-default elementor-section elementor-top-section\" data-id=\"38217a0\" data-element_type=\"section\">\n\t\t\t\t\t\t<div class=\"elementor-container elementor-column-gap-default\">\n\t\t\t\t<div class=\"elementor-row\">\n\t\t\t\t<div class=\"elementor-element elementor-element-6796b27 elementor-column elementor-col-100 elementor-top-column\" data-id=\"6796b27\" data-element_type=\"column\" data-settings=\"{&quot;background_background&quot;:&quot;classic&quot;}\">\n\t\t\t<div class=\"elementor-column-wrap  elementor-element-populated\">\n\t\t\t\t\t<div class=\"elementor-widget-wrap\">\n\t\t\t\t<div class=\"elementor-element elementor-element-f4c0315 elementor-position-left elementor-vertical-align-middle elementor-widget elementor-widget-image-box\" data-id=\"f4c0315\" data-element_type=\"widget\" data-widget_type=\"image-box.default\">\n\t\t\t\t<div class=\"elementor-widget-container\">\n\t\t\t<div class=\"elementor-image-box-wrapper\"><figure class=\"elementor-image-box-img\"><img width=\"78\" height=\"78\" src=\"https:\/\/medlaw.vn\/wp-content\/uploads\/2021\/01\/Group-296.png\" class=\"attachment-full size-full\" alt=\"\" loading=\"lazy\" \/><\/figure><div class=\"elementor-image-box-content\"><h3 class=\"elementor-image-box-title\">TYPICAL WORKS<\/h3><\/div><\/div>\t\t<\/div>\n\t\t\t\t<\/div>\n\t\t\t\t<div class=\"elementor-element elementor-element-145bc10 elementor-widget elementor-widget-text-editor\" data-id=\"145bc10\" data-element_type=\"widget\" data-widget_type=\"text-editor.default\">\n\t\t\t\t<div class=\"elementor-widget-container\">\n\t\t\t\t\t<div class=\"elementor-text-editor elementor-clearfix\"><ul><li>Manage the representative office of VTV16 in HCMC; Approve contents; Build and protect communication projects on technology transfer, science and engineering.<\/li><li>Ministry of Agriculture and Rural Development of Vietnam: Develop and settle crisis of mass media and internal communication plans; Connect the National Television Station, paper newspapers, and electronic newspapers to implement the ministry's communication objectives, etc.<\/li><li>Life And Health Joint Stock Company: Develop the identity of the news site; Establish relationships with media agencies to exchange and use related information.<ul><li style=\"list-style-type: none;\">\u00a0<\/li><\/ul><\/li><\/ul><p><strong>\u00a0<\/strong><\/p><\/div>\n\t\t\t\t<\/div>\n\t\t\t\t<\/div>\n\t\t\t\t\t\t<\/div>\n\t\t\t<\/div>\n\t\t<\/div>\n\t\t\t\t\t\t<\/div>\n\t\t\t<\/div>\n\t\t<\/section>\n\t\t\t\t<section class=\"elementor-element elementor-element-b34ca24 elementor-section-boxed elementor-section-height-default elementor-section-height-default elementor-section elementor-top-section\" data-id=\"b34ca24\" data-element_type=\"section\">\n\t\t\t\t\t\t<div class=\"elementor-container elementor-column-gap-no\">\n\t\t\t\t<div class=\"elementor-row\">\n\t\t\t\t<div class=\"elementor-element elementor-element-376ae48 elementor-column elementor-col-100 elementor-top-column\" data-id=\"376ae48\" data-element_type=\"column\">\n\t\t\t<div class=\"elementor-column-wrap  elementor-element-populated\">\n\t\t\t\t\t<div class=\"elementor-widget-wrap\">\n\t\t\t\t<div class=\"elementor-element elementor-element-d2e1789 gallerypo elementor-widget elementor-widget-gallery\" data-id=\"d2e1789\" data-element_type=\"widget\" data-settings=\"{&quot;gap&quot;:{&quot;unit&quot;:&quot;px&quot;,&quot;size&quot;:40,&quot;sizes&quot;:[]},&quot;aspect_ratio&quot;:&quot;1:1&quot;,&quot;columns_tablet&quot;:3,&quot;columns_mobile&quot;:3,&quot;gallery_layout&quot;:&quot;grid&quot;,&quot;columns&quot;:4,&quot;gap_tablet&quot;:{&quot;unit&quot;:&quot;px&quot;,&quot;size&quot;:10,&quot;sizes&quot;:[]},&quot;gap_mobile&quot;:{&quot;unit&quot;:&quot;px&quot;,&quot;size&quot;:10,&quot;sizes&quot;:[]},&quot;link_to&quot;:&quot;file&quot;,&quot;overlay_background&quot;:&quot;yes&quot;,&quot;content_hover_animation&quot;:&quot;fade-in&quot;}\" data-widget_type=\"gallery.default\">\n\t\t\t\t<div class=\"elementor-widget-container\">\n\t\t\t\t\t<div class=\"elementor-gallery__container\">\n\t\t\t\t\t\t\t<a class=\"e-gallery-item elementor-gallery-item elementor-animated-content\" href=\"https:\/\/medlaw.vn\/wp-content\/uploads\/2021\/02\/logo-vtc.jpg\" data-elementor-open-lightbox=\"yes\" data-elementor-lightbox-slideshow=\"all-d2e1789\" data-elementor-lightbox-title=\"logo vtc\">\n\t\t\t\t\t<div class=\"e-gallery-image elementor-gallery-item__image\" data-thumbnail=\"https:\/\/medlaw.vn\/wp-content\/uploads\/2021\/02\/logo-vtc.jpg\" data-width=\"238\" data-height=\"138\" alt=\"\" ><\/div>\n\t\t\t\t\t\t\t\t\t\t<div class=\"elementor-gallery-item__overlay\"><\/div>\n\t\t\t\t\t\t\t\t\t\t\t\t\t\t<\/a>\n\t\t\t\t\t\t\t<a class=\"e-gallery-item elementor-gallery-item elementor-animated-content\" href=\"https:\/\/medlaw.vn\/wp-content\/uploads\/2021\/02\/vtc16.jpg\" data-elementor-open-lightbox=\"yes\" data-elementor-lightbox-slideshow=\"all-d2e1789\" data-elementor-lightbox-title=\"vtc16\">\n\t\t\t\t\t<div class=\"e-gallery-image elementor-gallery-item__image\" data-thumbnail=\"https:\/\/medlaw.vn\/wp-content\/uploads\/2021\/02\/vtc16.jpg\" data-width=\"318\" data-height=\"318\" alt=\"\" ><\/div>\n\t\t\t\t\t\t\t\t\t\t<div class=\"elementor-gallery-item__overlay\"><\/div>\n\t\t\t\t\t\t\t\t\t\t\t\t\t\t<\/a>\n\t\t\t\t\t\t\t<a class=\"e-gallery-item elementor-gallery-item elementor-animated-content\" href=\"https:\/\/medlaw.vn\/wp-content\/uploads\/2021\/02\/index.jpg\" data-elementor-open-lightbox=\"yes\" data-elementor-lightbox-slideshow=\"all-d2e1789\" data-elementor-lightbox-title=\"index\">\n\t\t\t\t\t<div class=\"e-gallery-image elementor-gallery-item__image\" data-thumbnail=\"https:\/\/medlaw.vn\/wp-content\/uploads\/2021\/02\/index.jpg\" data-width=\"359\" data-height=\"140\" alt=\"\" ><\/div>\n\t\t\t\t\t\t\t\t\t\t<div class=\"elementor-gallery-item__overlay\"><\/div>\n\t\t\t\t\t\t\t\t\t\t\t\t\t\t<\/a>\n\t\t\t\t\t<\/div>\n\t\t\t<\/div>\n\t\t\t\t<\/div>\n\t\t\t\t\t\t<\/div>\n\t\t\t<\/div>\n\t\t<\/div>\n\t\t\t\t\t\t<\/div>\n\t\t\t<\/div>\n\t\t<\/section>\n\t\t\t\t\t\t<\/div>\n\t\t\t<\/div>\n\t\t<\/div>","protected":false},"excerpt":{"rendered":"<p>Ts. L\u00ea Th\u1ecb Ng\u1ecdc H\u00e0 C\u1ed1 v\u1ea5n c\u1ea5p cao doanh nghi\u1ec7p \u00a0 Ts. Ng\u1ecdc H\u00e0 l\u00e0 Ph\u00f3ng vi\u00ean, Bi\u00ean t\u1eadp vi\u00ean c\u00e1c \u0111\u00e0i truy\u1ec1n h\u00ecnh v\u00e0 truy\u1ec1n th\u00f4ng, c\u00f3 h\u01a1n 10 n\u0103m kinh nghi\u1ec7m l\u00e0m vi\u1ec7c \u1edf c\u00e1c \u0111\u00e0i truy\u1ec1n h\u00ecnh Vi\u1ec7t Nam. B\u00e0 l\u00e0 chuy\u00ean gia t\u01b0 v\u1ea5n cho c\u00e1c doanh nghi\u1ec7p v\u1ec1 v\u1ea5n&#8230;<\/p>","protected":false},"author":1,"featured_media":0,"parent":0,"menu_order":0,"comment_status":"closed","ping_status":"closed","template":"","meta":[],"_links":{"self":[{"href":"https:\/\/medlaw.vn\/en\/wp-json\/wp\/v2\/pages\/2682"}],"collection":[{"href":"https:\/\/medlaw.vn\/en\/wp-json\/wp\/v2\/pages"}],"about":[{"href":"https:\/\/medlaw.vn\/en\/wp-json\/wp\/v2\/types\/page"}],"author":[{"embeddable":true,"href":"https:\/\/medlaw.vn\/en\/wp-json\/wp\/v2\/users\/1"}],"replies":[{"embeddable":true,"href":"https:\/\/medlaw.vn\/en\/wp-json\/wp\/v2\/comments?post=2682"}],"version-history":[{"count":16,"href":"https:\/\/medlaw.vn\/en\/wp-json\/wp\/v2\/pages\/2682\/revisions"}],"predecessor-version":[{"id":3872,"href":"https:\/\/medlaw.vn\/en\/wp-json\/wp\/v2\/pages\/2682\/revisions\/3872"}],"wp:attachment":[{"href":"https:\/\/medlaw.vn\/en\/wp-json\/wp\/v2\/media?parent=2682"}],"curies":[{"name":"wp","href":"https:\/\/api.w.org\/{rel}","templated":true}]}}