{"id":2671,"date":"2021-01-31T04:56:01","date_gmt":"2021-01-31T04:56:01","guid":{"rendered":"http:\/\/medlaw.vn\/?page_id=2671"},"modified":"2022-08-24T13:17:07","modified_gmt":"2022-08-24T06:17:07","slug":"http-medlaw-vn-tran-thi-nga-hue","status":"publish","type":"page","link":"https:\/\/medlaw.vn\/en\/http-medlaw-vn-tran-thi-nga-hue\/","title":{"rendered":"Tr\u1ea7n Th\u1ecb Ng\u00e0 Hu\u1ebf"},"content":{"rendered":"<div data-elementor-type=\"wp-page\" data-elementor-id=\"2671\" class=\"elementor elementor-2671\" data-elementor-settings=\"[]\">\n\t\t\t<div class=\"elementor-inner\">\n\t\t\t\t<div class=\"elementor-section-wrap\">\n\t\t\t\t\t\t\t<section class=\"elementor-element elementor-element-58e66c0 elementor-section-boxed elementor-section-height-default elementor-section-height-default elementor-section elementor-top-section\" data-id=\"58e66c0\" data-element_type=\"section\" data-settings=\"{&quot;background_background&quot;:&quot;classic&quot;}\">\n\t\t\t\t\t\t<div class=\"elementor-container elementor-column-gap-no\">\n\t\t\t\t<div class=\"elementor-row\">\n\t\t\t\t<div class=\"elementor-element elementor-element-053448a elementor-column elementor-col-50 elementor-top-column\" data-id=\"053448a\" data-element_type=\"column\" data-settings=\"{&quot;background_background&quot;:&quot;classic&quot;}\">\n\t\t\t<div class=\"elementor-column-wrap  elementor-element-populated\">\n\t\t\t\t\t<div class=\"elementor-widget-wrap\">\n\t\t\t\t<div class=\"elementor-element elementor-element-94a2bcf dividechar elementor-widget elementor-widget-divider\" data-id=\"94a2bcf\" data-element_type=\"widget\" data-widget_type=\"divider.default\">\n\t\t\t\t<div class=\"elementor-widget-container\">\n\t\t\t\t\t<div class=\"elementor-divider\">\n\t\t\t<span class=\"elementor-divider-separator\">\n\t\t\t\t\t\t<\/span>\n\t\t<\/div>\n\t\t\t\t<\/div>\n\t\t\t\t<\/div>\n\t\t\t\t<div class=\"elementor-element elementor-element-e0d000f elementor-widget elementor-widget-heading\" data-id=\"e0d000f\" data-element_type=\"widget\" data-widget_type=\"heading.default\">\n\t\t\t\t<div class=\"elementor-widget-container\">\n\t\t\t<h2 class=\"elementor-heading-title elementor-size-default\">Tran Thi Nga Hue M.S.\n<\/h2>\t\t<\/div>\n\t\t\t\t<\/div>\n\t\t\t\t<div class=\"elementor-element elementor-element-91d9783 elementor-hidden-phone elementor-widget elementor-widget-text-editor\" data-id=\"91d9783\" data-element_type=\"widget\" data-widget_type=\"text-editor.default\">\n\t\t\t\t<div class=\"elementor-widget-container\">\n\t\t\t\t\t<div class=\"elementor-text-editor elementor-clearfix\"><p>Senior corporate consultant<\/p><div>\u00a0<\/div><div>\u00a0<\/div><\/div>\n\t\t\t\t<\/div>\n\t\t\t\t<\/div>\n\t\t\t\t\t\t<\/div>\n\t\t\t<\/div>\n\t\t<\/div>\n\t\t\t\t<div class=\"elementor-element elementor-element-9ce6bf2 avatarkh elementor-column elementor-col-50 elementor-top-column\" data-id=\"9ce6bf2\" data-element_type=\"column\" data-settings=\"{&quot;background_background&quot;:&quot;classic&quot;}\">\n\t\t\t<div class=\"elementor-column-wrap\">\n\t\t\t\t\t<div class=\"elementor-widget-wrap\">\n\t\t\t\t\t\t<\/div>\n\t\t\t<\/div>\n\t\t<\/div>\n\t\t\t\t\t\t<\/div>\n\t\t\t<\/div>\n\t\t<\/section>\n\t\t\t\t<section class=\"elementor-element elementor-element-ea25874 elementor-section-boxed elementor-section-height-default elementor-section-height-default elementor-section elementor-top-section\" data-id=\"ea25874\" data-element_type=\"section\">\n\t\t\t\t\t\t<div class=\"elementor-container elementor-column-gap-no\">\n\t\t\t\t<div class=\"elementor-row\">\n\t\t\t\t<div class=\"elementor-element elementor-element-cbeb75d elementor-column elementor-col-100 elementor-top-column\" data-id=\"cbeb75d\" data-element_type=\"column\">\n\t\t\t<div class=\"elementor-column-wrap  elementor-element-populated\">\n\t\t\t\t\t<div class=\"elementor-widget-wrap\">\n\t\t\t\t<div class=\"elementor-element elementor-element-6e19944 elementor-widget elementor-widget-text-editor\" data-id=\"6e19944\" data-element_type=\"widget\" data-widget_type=\"text-editor.default\">\n\t\t\t\t<div class=\"elementor-widget-container\">\n\t\t\t\t\t<div class=\"elementor-text-editor elementor-clearfix\"><p>Tran Thi Nga Hue M.S. is a Master of Financial Administration, Bachelor of Foreign Trade Economics, Electrified Engineer. She has more than 20 years working in large-scale corporates, earning billions of US dollars\/year. With many years of experience in cooperation and working with domestic and foreign partners, especially directly managing and offering optimal solutions, corporates under the leadership of Ms. Hue have been managed and operated effectively.<\/p><\/div>\n\t\t\t\t<\/div>\n\t\t\t\t<\/div>\n\t\t\t\t\t\t<\/div>\n\t\t\t<\/div>\n\t\t<\/div>\n\t\t\t\t\t\t<\/div>\n\t\t\t<\/div>\n\t\t<\/section>\n\t\t\t\t<section class=\"elementor-element elementor-element-7750d12 elementor-section-boxed elementor-section-height-default elementor-section-height-default elementor-section elementor-top-section\" data-id=\"7750d12\" data-element_type=\"section\">\n\t\t\t\t\t\t<div class=\"elementor-container elementor-column-gap-default\">\n\t\t\t\t<div class=\"elementor-row\">\n\t\t\t\t<div class=\"elementor-element elementor-element-b763012 elementor-column elementor-col-100 elementor-top-column\" data-id=\"b763012\" data-element_type=\"column\">\n\t\t\t<div class=\"elementor-column-wrap  elementor-element-populated\">\n\t\t\t\t\t<div class=\"elementor-widget-wrap\">\n\t\t\t\t<div class=\"elementor-element elementor-element-fa20703 elementor-position-left elementor-vertical-align-middle elementor-widget elementor-widget-image-box\" data-id=\"fa20703\" data-element_type=\"widget\" data-widget_type=\"image-box.default\">\n\t\t\t\t<div class=\"elementor-widget-container\">\n\t\t\t<div class=\"elementor-image-box-wrapper\"><figure class=\"elementor-image-box-img\"><img width=\"78\" height=\"78\" src=\"https:\/\/medlaw.vn\/wp-content\/uploads\/2021\/01\/Group-296.png\" class=\"attachment-full size-full\" alt=\"\" loading=\"lazy\" \/><\/figure><div class=\"elementor-image-box-content\"><h3 class=\"elementor-image-box-title\">POSITIONS HOLD<\/h3><\/div><\/div>\t\t<\/div>\n\t\t\t\t<\/div>\n\t\t\t\t<div class=\"elementor-element elementor-element-bc64290 elementor-widget elementor-widget-text-editor\" data-id=\"bc64290\" data-element_type=\"widget\" data-widget_type=\"text-editor.default\">\n\t\t\t\t<div class=\"elementor-widget-container\">\n\t\t\t\t\t<div class=\"elementor-text-editor elementor-clearfix\"><ul><li>Chairman of Thien Hung Trade Construction Investment Joint Stock Company<\/li><li>Chairman Life And Health Joint Stock Company;<\/li><li>Member of the Board of Management of Dien Quang Lamp Joint Stock Company<\/li><li>Chairman of Kim Dien Consultant And Investment Joint Stock Company<\/li><li>Director of Phyto Vietnam Co., Ltd<\/li><li>Chairman cum General Director of Phytopharma Joint Stock Company<\/li><\/ul><\/div>\n\t\t\t\t<\/div>\n\t\t\t\t<\/div>\n\t\t\t\t\t\t<\/div>\n\t\t\t<\/div>\n\t\t<\/div>\n\t\t\t\t\t\t<\/div>\n\t\t\t<\/div>\n\t\t<\/section>\n\t\t\t\t<section class=\"elementor-element elementor-element-38217a0 elementor-section-boxed elementor-section-height-default elementor-section-height-default elementor-section elementor-top-section\" data-id=\"38217a0\" data-element_type=\"section\">\n\t\t\t\t\t\t<div class=\"elementor-container elementor-column-gap-default\">\n\t\t\t\t<div class=\"elementor-row\">\n\t\t\t\t<div class=\"elementor-element elementor-element-6796b27 elementor-column elementor-col-100 elementor-top-column\" data-id=\"6796b27\" data-element_type=\"column\" data-settings=\"{&quot;background_background&quot;:&quot;classic&quot;}\">\n\t\t\t<div class=\"elementor-column-wrap  elementor-element-populated\">\n\t\t\t\t\t<div class=\"elementor-widget-wrap\">\n\t\t\t\t<div class=\"elementor-element elementor-element-f4c0315 elementor-position-left elementor-vertical-align-middle elementor-widget elementor-widget-image-box\" data-id=\"f4c0315\" data-element_type=\"widget\" data-widget_type=\"image-box.default\">\n\t\t\t\t<div class=\"elementor-widget-container\">\n\t\t\t<div class=\"elementor-image-box-wrapper\"><figure class=\"elementor-image-box-img\"><img width=\"78\" height=\"78\" src=\"https:\/\/medlaw.vn\/wp-content\/uploads\/2021\/01\/Group-296.png\" class=\"attachment-full size-full\" alt=\"\" loading=\"lazy\" \/><\/figure><div class=\"elementor-image-box-content\"><h3 class=\"elementor-image-box-title\">TYPICAL WORKS<\/h3><\/div><\/div>\t\t<\/div>\n\t\t\t\t<\/div>\n\t\t\t\t<div class=\"elementor-element elementor-element-145bc10 elementor-widget elementor-widget-text-editor\" data-id=\"145bc10\" data-element_type=\"widget\" data-widget_type=\"text-editor.default\">\n\t\t\t\t<div class=\"elementor-widget-container\">\n\t\t\t\t\t<div class=\"elementor-text-editor elementor-clearfix\"><ul><li>Investor of projects of Trade center, multi-function park, markets and parking lots, drug warehouses meeting GSP standard, etc.<\/li><li>Business cooperation partner with Backpacker Hostel, Starbucks Coffee, Highlands Coffee, design and construction of chain stores KFC, JolliBee, Golden Gate, Ford,\u2026<\/li><li>Vietnamese partners of Zuellig Pharma, Mega Products, Novartis, Sanofi, AstraZeneca, Abbott,\u2026<\/li><li>Member of the Board of Management of Dien Quang Lamp Joint Stock Company: In charge of import-export and overseas business.<\/li><\/ul><p><strong>\u00a0<\/strong><\/p><\/div>\n\t\t\t\t<\/div>\n\t\t\t\t<\/div>\n\t\t\t\t\t\t<\/div>\n\t\t\t<\/div>\n\t\t<\/div>\n\t\t\t\t\t\t<\/div>\n\t\t\t<\/div>\n\t\t<\/section>\n\t\t\t\t<section class=\"elementor-element elementor-element-b34ca24 elementor-section-boxed elementor-section-height-default elementor-section-height-default elementor-section elementor-top-section\" data-id=\"b34ca24\" data-element_type=\"section\">\n\t\t\t\t\t\t<div class=\"elementor-container elementor-column-gap-no\">\n\t\t\t\t<div class=\"elementor-row\">\n\t\t\t\t<div class=\"elementor-element elementor-element-376ae48 elementor-column elementor-col-100 elementor-top-column\" data-id=\"376ae48\" data-element_type=\"column\">\n\t\t\t<div class=\"elementor-column-wrap  elementor-element-populated\">\n\t\t\t\t\t<div class=\"elementor-widget-wrap\">\n\t\t\t\t<div class=\"elementor-element elementor-element-d2e1789 gallerypo elementor-widget elementor-widget-gallery\" data-id=\"d2e1789\" data-element_type=\"widget\" data-settings=\"{&quot;gap&quot;:{&quot;unit&quot;:&quot;px&quot;,&quot;size&quot;:40,&quot;sizes&quot;:[]},&quot;aspect_ratio&quot;:&quot;1:1&quot;,&quot;columns_tablet&quot;:3,&quot;columns_mobile&quot;:3,&quot;gallery_layout&quot;:&quot;grid&quot;,&quot;columns&quot;:4,&quot;gap_tablet&quot;:{&quot;unit&quot;:&quot;px&quot;,&quot;size&quot;:10,&quot;sizes&quot;:[]},&quot;gap_mobile&quot;:{&quot;unit&quot;:&quot;px&quot;,&quot;size&quot;:10,&quot;sizes&quot;:[]},&quot;link_to&quot;:&quot;file&quot;,&quot;overlay_background&quot;:&quot;yes&quot;,&quot;content_hover_animation&quot;:&quot;fade-in&quot;}\" data-widget_type=\"gallery.default\">\n\t\t\t\t<div class=\"elementor-widget-container\">\n\t\t\t\t\t<div class=\"elementor-gallery__container\">\n\t\t\t\t\t\t\t<a class=\"e-gallery-item elementor-gallery-item elementor-animated-content\" href=\"https:\/\/medlaw.vn\/wp-content\/uploads\/2021\/02\/Abbottlogo.jpg\" data-elementor-open-lightbox=\"yes\" data-elementor-lightbox-slideshow=\"all-d2e1789\" data-elementor-lightbox-title=\"Abbottlogo\">\n\t\t\t\t\t<div class=\"e-gallery-image elementor-gallery-item__image\" data-thumbnail=\"https:\/\/medlaw.vn\/wp-content\/uploads\/2021\/02\/Abbottlogo.jpg\" data-width=\"600\" data-height=\"400\" alt=\"\" ><\/div>\n\t\t\t\t\t\t\t\t\t\t<div class=\"elementor-gallery-item__overlay\"><\/div>\n\t\t\t\t\t\t\t\t\t\t\t\t\t\t<\/a>\n\t\t\t\t\t\t\t<a class=\"e-gallery-item elementor-gallery-item elementor-animated-content\" href=\"https:\/\/medlaw.vn\/wp-content\/uploads\/2021\/02\/efb997b2977929858eaacdbd938ebb11-1.jpg\" data-elementor-open-lightbox=\"yes\" data-elementor-lightbox-slideshow=\"all-d2e1789\" data-elementor-lightbox-title=\"efb997b2977929858eaacdbd938ebb11\">\n\t\t\t\t\t<div class=\"e-gallery-image elementor-gallery-item__image\" data-thumbnail=\"https:\/\/medlaw.vn\/wp-content\/uploads\/2021\/02\/efb997b2977929858eaacdbd938ebb11-1.jpg\" data-width=\"1024\" data-height=\"1024\" alt=\"\" ><\/div>\n\t\t\t\t\t\t\t\t\t\t<div class=\"elementor-gallery-item__overlay\"><\/div>\n\t\t\t\t\t\t\t\t\t\t\t\t\t\t<\/a>\n\t\t\t\t\t\t\t<a class=\"e-gallery-item elementor-gallery-item elementor-animated-content\" href=\"https:\/\/medlaw.vn\/wp-content\/uploads\/2021\/02\/novartis-logo-775x500-1.png\" data-elementor-open-lightbox=\"yes\" data-elementor-lightbox-slideshow=\"all-d2e1789\" data-elementor-lightbox-title=\"novartis-logo-775x500\">\n\t\t\t\t\t<div class=\"e-gallery-image elementor-gallery-item__image\" data-thumbnail=\"https:\/\/medlaw.vn\/wp-content\/uploads\/2021\/02\/novartis-logo-775x500-1.png\" data-width=\"775\" data-height=\"500\" alt=\"\" ><\/div>\n\t\t\t\t\t\t\t\t\t\t<div class=\"elementor-gallery-item__overlay\"><\/div>\n\t\t\t\t\t\t\t\t\t\t\t\t\t\t<\/a>\n\t\t\t\t\t\t\t<a class=\"e-gallery-item elementor-gallery-item elementor-animated-content\" href=\"https:\/\/medlaw.vn\/wp-content\/uploads\/2021\/02\/thumb_1539923014-zuellig_pharma_logo-1.png\" data-elementor-open-lightbox=\"yes\" data-elementor-lightbox-slideshow=\"all-d2e1789\" data-elementor-lightbox-title=\"thumb_1539923014-zuellig_pharma_logo\">\n\t\t\t\t\t<div class=\"e-gallery-image elementor-gallery-item__image\" data-thumbnail=\"https:\/\/medlaw.vn\/wp-content\/uploads\/2021\/02\/thumb_1539923014-zuellig_pharma_logo-1.png\" data-width=\"200\" data-height=\"200\" alt=\"\" ><\/div>\n\t\t\t\t\t\t\t\t\t\t<div class=\"elementor-gallery-item__overlay\"><\/div>\n\t\t\t\t\t\t\t\t\t\t\t\t\t\t<\/a>\n\t\t\t\t\t\t\t<a class=\"e-gallery-item elementor-gallery-item elementor-animated-content\" href=\"https:\/\/medlaw.vn\/wp-content\/uploads\/2021\/02\/unnamed-3.jpg\" data-elementor-open-lightbox=\"yes\" data-elementor-lightbox-slideshow=\"all-d2e1789\" data-elementor-lightbox-title=\"unnamed\">\n\t\t\t\t\t<div class=\"e-gallery-image elementor-gallery-item__image\" data-thumbnail=\"https:\/\/medlaw.vn\/wp-content\/uploads\/2021\/02\/unnamed-3.jpg\" data-width=\"512\" data-height=\"292\" alt=\"\" ><\/div>\n\t\t\t\t\t\t\t\t\t\t<div class=\"elementor-gallery-item__overlay\"><\/div>\n\t\t\t\t\t\t\t\t\t\t\t\t\t\t<\/a>\n\t\t\t\t\t\t\t<a class=\"e-gallery-item elementor-gallery-item elementor-animated-content\" href=\"https:\/\/medlaw.vn\/wp-content\/uploads\/2021\/02\/289257.jpg\" data-elementor-open-lightbox=\"yes\" data-elementor-lightbox-slideshow=\"all-d2e1789\" data-elementor-lightbox-title=\"289257\">\n\t\t\t\t\t<div class=\"e-gallery-image elementor-gallery-item__image\" data-thumbnail=\"https:\/\/medlaw.vn\/wp-content\/uploads\/2021\/02\/289257.jpg\" data-width=\"610\" data-height=\"340\" alt=\"\" ><\/div>\n\t\t\t\t\t\t\t\t\t\t<div class=\"elementor-gallery-item__overlay\"><\/div>\n\t\t\t\t\t\t\t\t\t\t\t\t\t\t<\/a>\n\t\t\t\t\t<\/div>\n\t\t\t<\/div>\n\t\t\t\t<\/div>\n\t\t\t\t\t\t<\/div>\n\t\t\t<\/div>\n\t\t<\/div>\n\t\t\t\t\t\t<\/div>\n\t\t\t<\/div>\n\t\t<\/section>\n\t\t\t\t\t\t<\/div>\n\t\t\t<\/div>\n\t\t<\/div>","protected":false},"excerpt":{"rendered":"<p>Ths. Tr\u1ea7n Th\u1ecb Ng\u00e0 Hu\u1ebf C\u1ed1 v\u1ea5n c\u1ea5p cao doanh nghi\u1ec7p Th\u1ea1c s\u0129 Tr\u1ea7n Th\u1ecb Ng\u00e0 Hu\u1ebf l\u00e0 th\u1ea1c s\u0129 Qu\u1ea3n tr\u1ecb T\u00e0i ch\u00ednh, C\u1eed nh\u00e2n Kinh t\u1ebf Ngo\u1ea1i Th\u01b0\u01a1ng, K\u1ef9 s\u01b0 \u0111i\u1ec7n kh\u00ed h\u00f3a. B\u00e0 c\u00f3 h\u01a1n 20 n\u0103m l\u00e0m vi\u1ec7c \u1edf c\u00e1c doanh nghi\u1ec7p quy m\u00f4 l\u1edbn, doanh thu h\u00e0ng t\u1ef7 \u0111\u00f4 la&#8230;<\/p>","protected":false},"author":1,"featured_media":0,"parent":0,"menu_order":0,"comment_status":"closed","ping_status":"closed","template":"","meta":[],"_links":{"self":[{"href":"https:\/\/medlaw.vn\/en\/wp-json\/wp\/v2\/pages\/2671"}],"collection":[{"href":"https:\/\/medlaw.vn\/en\/wp-json\/wp\/v2\/pages"}],"about":[{"href":"https:\/\/medlaw.vn\/en\/wp-json\/wp\/v2\/types\/page"}],"author":[{"embeddable":true,"href":"https:\/\/medlaw.vn\/en\/wp-json\/wp\/v2\/users\/1"}],"replies":[{"embeddable":true,"href":"https:\/\/medlaw.vn\/en\/wp-json\/wp\/v2\/comments?post=2671"}],"version-history":[{"count":18,"href":"https:\/\/medlaw.vn\/en\/wp-json\/wp\/v2\/pages\/2671\/revisions"}],"predecessor-version":[{"id":4933,"href":"https:\/\/medlaw.vn\/en\/wp-json\/wp\/v2\/pages\/2671\/revisions\/4933"}],"wp:attachment":[{"href":"https:\/\/medlaw.vn\/en\/wp-json\/wp\/v2\/media?parent=2671"}],"curies":[{"name":"wp","href":"https:\/\/api.w.org\/{rel}","templated":true}]}}