{"id":23,"date":"2021-01-08T08:23:16","date_gmt":"2021-01-08T08:23:16","guid":{"rendered":"http:\/\/medlaw.vn\/?page_id=23"},"modified":"2025-05-21T13:57:20","modified_gmt":"2025-05-21T06:57:20","slug":"dich-vu","status":"publish","type":"page","link":"https:\/\/medlaw.vn\/en\/dich-vu\/","title":{"rendered":"SERVICES"},"content":{"rendered":"<div data-elementor-type=\"wp-page\" data-elementor-id=\"23\" class=\"elementor elementor-23\" data-elementor-settings=\"[]\">\n\t\t\t<div class=\"elementor-inner\">\n\t\t\t\t<div class=\"elementor-section-wrap\">\n\t\t\t\t\t\t\t<section class=\"elementor-element elementor-element-140dcdd4 elementor-section-stretched elementor-section-height-min-height elementor-section-boxed elementor-section-height-default elementor-section-items-middle elementor-section elementor-top-section\" data-id=\"140dcdd4\" data-element_type=\"section\" data-settings=\"{&quot;stretch_section&quot;:&quot;section-stretched&quot;,&quot;background_background&quot;:&quot;classic&quot;}\">\n\t\t\t\t\t\t\t<div class=\"elementor-background-overlay\"><\/div>\n\t\t\t\t\t\t\t<div class=\"elementor-container elementor-column-gap-no\">\n\t\t\t\t<div class=\"elementor-row\">\n\t\t\t\t<div class=\"elementor-element elementor-element-2d174a8f elementor-column elementor-col-100 elementor-top-column\" data-id=\"2d174a8f\" data-element_type=\"column\">\n\t\t\t<div class=\"elementor-column-wrap  elementor-element-populated\">\n\t\t\t\t\t<div class=\"elementor-widget-wrap\">\n\t\t\t\t<div class=\"elementor-element elementor-element-44ffcfc9 dividemm elementor-widget elementor-widget-divider\" data-id=\"44ffcfc9\" data-element_type=\"widget\" data-widget_type=\"divider.default\">\n\t\t\t\t<div class=\"elementor-widget-container\">\n\t\t\t\t\t<div class=\"elementor-divider\">\n\t\t\t<span class=\"elementor-divider-separator\">\n\t\t\t\t\t\t<\/span>\n\t\t<\/div>\n\t\t\t\t<\/div>\n\t\t\t\t<\/div>\n\t\t\t\t<div class=\"elementor-element elementor-element-6eb5f154 animated-fast elementor-invisible elementor-widget elementor-widget-heading\" data-id=\"6eb5f154\" data-element_type=\"widget\" data-settings=\"{&quot;_animation&quot;:&quot;fadeInDown&quot;}\" data-widget_type=\"heading.default\">\n\t\t\t\t<div class=\"elementor-widget-container\">\n\t\t\t<h2 class=\"elementor-heading-title elementor-size-default\">SERVICE CHARGE<\/h2>\t\t<\/div>\n\t\t\t\t<\/div>\n\t\t\t\t<div class=\"elementor-element elementor-element-583ab56 elementor-widget elementor-widget-text-editor\" data-id=\"583ab56\" data-element_type=\"widget\" data-widget_type=\"text-editor.default\">\n\t\t\t\t<div class=\"elementor-widget-container\">\n\t\t\t\t\t<div class=\"elementor-text-editor elementor-clearfix\"><p><br>PRESTIGE - DEDICATION - PROFESSIONALISM<\/p><\/div>\n\t\t\t\t<\/div>\n\t\t\t\t<\/div>\n\t\t\t\t<div class=\"elementor-element elementor-element-51dbc608 elementor-widget elementor-widget-text-editor\" data-id=\"51dbc608\" data-element_type=\"widget\" data-widget_type=\"text-editor.default\">\n\t\t\t\t<div class=\"elementor-widget-container\">\n\t\t\t\t\t<div class=\"elementor-text-editor elementor-clearfix\"><p>MEDLAW provides customers effective legal solutions through fee legal aid service, free legal consulting service, legal consultancy via email, document and direct legal consultancy.<\/p><\/div>\n\t\t\t\t<\/div>\n\t\t\t\t<\/div>\n\t\t\t\t\t\t<\/div>\n\t\t\t<\/div>\n\t\t<\/div>\n\t\t\t\t\t\t<\/div>\n\t\t\t<\/div>\n\t\t<\/section>\n\t\t\t\t<section class=\"elementor-element elementor-element-2f9b34f4 tabvemedlaw elementor-section-boxed elementor-section-height-default elementor-section-height-default elementor-section elementor-top-section\" data-id=\"2f9b34f4\" data-element_type=\"section\" id=\"tabvemedlaw\">\n\t\t\t\t\t\t<div class=\"elementor-container elementor-column-gap-default\">\n\t\t\t\t<div class=\"elementor-row\">\n\t\t\t\t<div class=\"elementor-element elementor-element-399572c3 elementor-column elementor-col-100 elementor-top-column\" data-id=\"399572c3\" data-element_type=\"column\">\n\t\t\t<div class=\"elementor-column-wrap  elementor-element-populated\">\n\t\t\t\t\t<div class=\"elementor-widget-wrap\">\n\t\t\t\t<div class=\"elementor-element elementor-element-70fec91c tabconnguoi tabcnfi elementor-widget elementor-widget-pp-advanced-tabs\" data-id=\"70fec91c\" data-element_type=\"widget\" data-widget_type=\"pp-advanced-tabs.default\">\n\t\t\t\t<div class=\"elementor-widget-container\">\n\t\t\t\t\t<div class=\"pp-advanced-tabs pp-style-4 pp-tabs-responsive-tablet pp-advabced-tabs-responsive\" role=\"tablist\">\n\t\t\t<div class=\"pp-advanced-tabs-wrapper pp-tabs-labels at-horizontal  at-no-hover\">\n\t\t\t\t\t\t\t\t\t\t\t<div id=\"pp-advanced-tabs-title-1891\" class=\"pp-advanced-tabs-title pp-tabs-label pp-advanced-tabs-desktop-title pp-tab-active\" data-tab=\"1\" data-index=\"1891\" tabindex=\"1891\" role=\"tab\" aria-controls=\"pp-advanced-tabs-content-1891\">\n\n\t\t\t\t\t\t\t\t\t\t\t<span class=\"pp-icon pp-advanced-tabs-icon-top\">\n\t\t\t<i aria-hidden=\"true\" class=\"fas fa-check\"><\/i>\t\t\t<\/span>\n\t\t\t\n\t\t\t\t\t\t\t\t<span class=\"pp-advanced-tabs-title-text\">Register for a license<\/span>\n\t\t\t\t\t\t\t\t\t\t\t\t\t\t\t<\/div>\n\t\t\t\t\t\t\t\t\t\t\t\t\t<div id=\"pp-advanced-tabs-title-1892\" class=\"pp-advanced-tabs-title pp-tabs-label pp-advanced-tabs-desktop-title\" data-tab=\"2\" data-index=\"1892\" tabindex=\"1892\" role=\"tab\" aria-controls=\"pp-advanced-tabs-content-1892\">\n\n\t\t\t\t\t\t\t\t\n\t\t\t\t\t\t\t\t<span class=\"pp-advanced-tabs-title-text\">Participate in court proceedings<\/span>\n\t\t\t\t\t\t\t\t\t\t\t\t\t\t\t<\/div>\n\t\t\t\t\t\t\t\t\t\t\t\t\t<div id=\"pp-advanced-tabs-title-1893\" class=\"pp-advanced-tabs-title pp-tabs-label pp-advanced-tabs-desktop-title\" data-tab=\"3\" data-index=\"1893\" tabindex=\"1893\" role=\"tab\" aria-controls=\"pp-advanced-tabs-content-1893\">\n\n\t\t\t\t\t\t\t\t\n\t\t\t\t\t\t\t\t<span class=\"pp-advanced-tabs-title-text\">Consulting and drafting Applications<\/span>\n\t\t\t\t\t\t\t\t\t\t\t\t\t\t\t<\/div>\n\t\t\t\t\t\t\t\t\t\t\t\t\t<div id=\"pp-advanced-tabs-title-1894\" class=\"pp-advanced-tabs-title pp-tabs-label pp-advanced-tabs-desktop-title\" data-tab=\"4\" data-index=\"1894\" tabindex=\"1894\" role=\"tab\" aria-controls=\"pp-advanced-tabs-content-1894\">\n\n\t\t\t\t\t\t\t\t\n\t\t\t\t\t\t\t\t<span class=\"pp-advanced-tabs-title-text\">Real estate document services<\/span>\n\t\t\t\t\t\t\t\t\t\t\t\t\t\t\t<\/div>\n\t\t\t\t\t\t\t\t\t<\/div>\n\t\t\t<div class=\"pp-advanced-tabs-content-wrapper pp-tabs-panels at-horizontal-content\">\n\t\t\t\t\t\t\t\t\t<div class=\"pp-tabs-panel\">\n\t\t\t\t\t<div class=\"pp-advanced-tabs-title pp-tabs-label pp-tab-responsive pp-tab-active at-no-hover\" data-index =\"1891\">\n\t\t\t\t\t\t<div class=\"pp-advanced-tabs-title-inner\">\n\t\t\t\t\t\t\t\t\t\t<span class=\"pp-icon pp-advanced-tabs-icon-top\">\n\t\t\t<i aria-hidden=\"true\" class=\"fas fa-check\"><\/i>\t\t\t<\/span>\n\t\t\t\n\t\t\t\t\t\t\t<span class=\"pp-advanced-tabs-title-text\">Register for a license<\/span>\n\t\t\t\t\t\t\t<i class=\"pp-toggle-icon pp-tab-open fa\"><\/i>\n\t\t\t\t\t\t<\/div>\n\t\t\t\t\t<\/div>\n\t\t\t\t\t<div id=\"pp-advanced-tabs-content-1891\" class=\"pp-advanced-tabs-content elementor-clearfix pp-advanced-tabs-tab_content pp-tab-active\" data-tab=\"1\" role=\"tabpanel\" aria-labelledby=\"pp-advanced-tabs-title-1891\">\n\t\t\t\t\t\t<p>Please contact MEDLAW to receive a detailed quote for each customer's case.<br \/>We understand that applying for a license is a complicated process, requiring a lot of time, effort and care.<\/p><p>With a team of experienced Lawyers and Advisors and understanding of these processes and procedures, MEDLAW is committed to providing fast, professional License Registration services, saving time, costs and ensure convenience for customers.<\/p><p>MEDLAW provides Registration Services for all types of licenses, including:<br \/>&#8211; Gi\u1ea5y ph\u00e9p ho\u1ea1t \u0111\u1ed9ng ph\u00f2ng kh\u00e1m chuy\u00ean khoa, \u0111a khoa<br \/>&#8211; Gi\u1ea5y ph\u00e9p h\u00e0nh ngh\u1ec1 kh\u00e1m b\u1ec7nh, ch\u1eefa b\u1ec7nh (\u0111\u1ed1i v\u1edbi b\u00e1c s\u1ef9, y s\u0129, \u0111i\u1ec1u d\u01b0\u1ee1ng\u2026)<br \/>&#8211; Gi\u1ea5y ph\u00e9p h\u00e0nh ngh\u1ec1 kh\u00e1m b\u1ec7nh, ch\u1eefa b\u1ec7nh (\u0111\u1ed1i v\u1edbi b\u00e1c s\u1ef9, y s\u0129, \u0111i\u1ec1u d\u01b0\u1ee1ng\u2026) \u0111\u1ed1i v\u1edbi ng\u01b0\u1eddi n\u01b0\u1edbc ngo\u00e0i<br \/>&#8211; Gi\u1ea5y \u0111\u0103ng k\u00fd l\u01b0u h\u00e0nh thu\u1ed1c, nguy\u00ean li\u1ec7u l\u00e0m thu\u1ed1c (Visa thu\u1ed1c)<br \/>&#8211; Gi\u1ea5y ch\u1ee9ng nh\u1eadn \u0111\u1ea1t th\u1ef1c h\u00e0nh t\u1ed1t c\u01a1 s\u1edf b\u00e1n l\u1ebb thu\u1ed1c (GPP)<br \/>&#8211; Gi\u1ea5y ch\u1ee9ng nh\u1eadn \u0111\u1ea1t ti\u00eau chu\u1ea9n \u201cth\u1ef1c h\u00e0nh t\u1ed1t s\u1ea3n xu\u1ea5t thu\u1ed1c\u201d (GMP)<br \/>&#8211; Gi\u1ea5y ch\u1ee9ng nh\u1eadn \u0111\u0103ng k\u00fd doanh nghi\u1ec7p<br \/>&#8211; Gi\u1ea5y ch\u1ee9ng nh\u1eadn \u0111\u0103ng k\u00fd \u0111\u1ea7u t\u01b0<br \/>&#8211; Gi\u1ea5y ph\u00e9p lao \u0111\u1ed9ng cho ng\u01b0\u1eddi n\u01b0\u1edbc ngo\u00e0i v\u00e0o l\u00e0m vi\u1ec7c t\u1ea1i Vi\u1ec7t Nam<br \/>&#8211; Gi\u1ea5y ch\u1ee9ng nh\u1eadn v\u1ec7 sinh an to\u00e0n th\u1ef1c ph\u1ea9m<br \/>&#8211; Gi\u1ea5y ph\u00e9p v\u1ec1 ph\u00f2ng ch\u00e1y ch\u1eefa ch\u00e1y, kinh doanh, ch\u0103n nu\u00f4i\u2026<\/p>\t\t\t\t\t<\/div>\n\t\t\t\t\t<\/div>\n\t\t\t\t\t\t\t\t\t<div class=\"pp-tabs-panel\">\n\t\t\t\t\t<div class=\"pp-advanced-tabs-title pp-tabs-label pp-tab-responsive  at-no-hover\" data-index =\"1892\">\n\t\t\t\t\t\t<div class=\"pp-advanced-tabs-title-inner\">\n\t\t\t\t\t\t\t\n\t\t\t\t\t\t\t<span class=\"pp-advanced-tabs-title-text\">Participate in court proceedings<\/span>\n\t\t\t\t\t\t\t<i class=\"pp-toggle-icon pp-tab-open fa\"><\/i>\n\t\t\t\t\t\t<\/div>\n\t\t\t\t\t<\/div>\n\t\t\t\t\t<div id=\"pp-advanced-tabs-content-1892\" class=\"pp-advanced-tabs-content elementor-clearfix pp-advanced-tabs-tab_content\" data-tab=\"2\" role=\"tabpanel\" aria-labelledby=\"pp-advanced-tabs-title-1892\">\n\t\t\t\t\t\t<p>Please contact MEDLAW to receive a detailed quote for each customer's case.<\/p><p><strong>MEDLAW provides Court Litigation Services<\/strong><strong> In civil cases, marriage and family, labor, commercial business, etc.:<\/strong><\/p><ol><li>Comprehensively assess legal issues related to disputes to consult for customers.<\/li><li>Propose negotiation options to customers; Participate in negotiations to resolve civil disputes at the request of customers.<\/li><li>Consult and assist customers in preparing necessary documents to settle disputes.<\/li><li>Representing customers in contacting competent state agencies to resolve disputes.<\/li><li>Appoint a representative lawyer to participate in conciliation sessions<\/li><li>Appoint lawyers to participate in proceedings at Courts at all levels at the request of customers.<\/li><\/ol>\t\t\t\t\t<\/div>\n\t\t\t\t\t<\/div>\n\t\t\t\t\t\t\t\t\t<div class=\"pp-tabs-panel\">\n\t\t\t\t\t<div class=\"pp-advanced-tabs-title pp-tabs-label pp-tab-responsive  at-no-hover\" data-index =\"1893\">\n\t\t\t\t\t\t<div class=\"pp-advanced-tabs-title-inner\">\n\t\t\t\t\t\t\t\n\t\t\t\t\t\t\t<span class=\"pp-advanced-tabs-title-text\">Consulting and drafting Applications<\/span>\n\t\t\t\t\t\t\t<i class=\"pp-toggle-icon pp-tab-open fa\"><\/i>\n\t\t\t\t\t\t<\/div>\n\t\t\t\t\t<\/div>\n\t\t\t\t\t<div id=\"pp-advanced-tabs-content-1893\" class=\"pp-advanced-tabs-content elementor-clearfix pp-advanced-tabs-tab_content\" data-tab=\"3\" role=\"tabpanel\" aria-labelledby=\"pp-advanced-tabs-title-1893\">\n\t\t\t\t\t\t<p>Please contact MEDLAW to receive a detailed quote for each customer's case.<\/p><ol><li>Drafting the Petition and Request:<ul><li>Application for recognition of divorce by mutual consent<\/li><li>Application for recognition<\/li><li>Application to declare a notarized document invalid, request to declare or cancel a decision declaring a person missing or dead<\/li><li>Application to declare or cancel the decision declaring a person to have lost civil act capacity, have limited civil act capacity, or have difficulty in cognition and behavior control.<\/li><li>Unilateral petition for divorce<\/li><li>Labor dispute petition,<\/li><li>Petition for land and inheritance dispute; initiate a lawsuit over a rental contract dispute; File a lawsuit over a contract to transfer land use rights, file a lawsuit for property division after divorce.<\/li><li>Petition for a dispute over a goods purchase and sale contract, business cooperation contract,<\/li><li>Petition for administrative case: cancellation of administrative decisions, administrative acts,...<\/li><li>Application for prosecution of criminal case,\u2026<\/li><\/ul><\/li><li>Drafting a complaint:<\/li><li>Drafting complaints: Consulting on drafting complaints against administrative decisions, administrative acts, complaints about unsatisfactory complaint resolution decisions,...;<\/li><li>Drafting wills, documents declaring domestic inheritance and declaring inheritance with foreign elements<\/li><li>Drafting separate property commitment documents and property agreements between husband and wife during the marriage period<\/li><li>Drafting application documents for construction permits;<\/li><li>Consulting and drafting business establishment documents;<\/li><li>Consulting and drafting intellectual property registration documents:<ul><li>Register copyright<\/li><li>Register industrial property rights<\/li><li>Registering trademark<\/li><li>Drafting logo copyright registration documents<\/li><\/ul><\/li><\/ol>\t\t\t\t\t<\/div>\n\t\t\t\t\t<\/div>\n\t\t\t\t\t\t\t\t\t<div class=\"pp-tabs-panel\">\n\t\t\t\t\t<div class=\"pp-advanced-tabs-title pp-tabs-label pp-tab-responsive  at-no-hover\" data-index =\"1894\">\n\t\t\t\t\t\t<div class=\"pp-advanced-tabs-title-inner\">\n\t\t\t\t\t\t\t\n\t\t\t\t\t\t\t<span class=\"pp-advanced-tabs-title-text\">Real estate document services<\/span>\n\t\t\t\t\t\t\t<i class=\"pp-toggle-icon pp-tab-open fa\"><\/i>\n\t\t\t\t\t\t<\/div>\n\t\t\t\t\t<\/div>\n\t\t\t\t\t<div id=\"pp-advanced-tabs-content-1894\" class=\"pp-advanced-tabs-content elementor-clearfix pp-advanced-tabs-tab_content\" data-tab=\"4\" role=\"tabpanel\" aria-labelledby=\"pp-advanced-tabs-title-1894\">\n\t\t\t\t\t\t<p>Please contact MEDLAW to receive a detailed quote for each customer's case.<\/p><p>With extensive experience in the field of land law, MEDLAW supports customers with real estate document services including:<\/p><ol><li>Apply for a new or re-issued Certificate of land use rights, ownership of housing and other assets attached to land;<\/li><li>Apply for a license to build and repair houses;<\/li><li>Carry out procedures for changing land use purposes;<\/li><li>Carry out procedures for registering inheritance of land use rights and ownership of assets attached to land for households and individuals;<\/li><li>Carry out procedures for transferring land use rights;<\/li><li>Other services on real estate documents.<\/li><\/ol>\t\t\t\t\t<\/div>\n\t\t\t\t\t<\/div>\n\t\t\t\t\t\t\t<\/div>\n\t\t<\/div>\n\t\t\t\t<\/div>\n\t\t\t\t<\/div>\n\t\t\t\t\t\t<\/div>\n\t\t\t<\/div>\n\t\t<\/div>\n\t\t\t\t\t\t<\/div>\n\t\t\t<\/div>\n\t\t<\/section>\n\t\t\t\t<section class=\"elementor-element elementor-element-673befe5 elementor-section-boxed elementor-section-height-default elementor-section-height-default elementor-section elementor-top-section\" data-id=\"673befe5\" data-element_type=\"section\" data-settings=\"{&quot;background_background&quot;:&quot;classic&quot;}\">\n\t\t\t\t\t\t<div class=\"elementor-container elementor-column-gap-default\">\n\t\t\t\t<div class=\"elementor-row\">\n\t\t\t\t<div class=\"elementor-element elementor-element-5a0ade1a elementor-invisible elementor-column elementor-col-50 elementor-top-column\" data-id=\"5a0ade1a\" data-element_type=\"column\" data-settings=\"{&quot;background_background&quot;:&quot;classic&quot;,&quot;animation&quot;:&quot;fadeInLeft&quot;}\">\n\t\t\t<div class=\"elementor-column-wrap  elementor-element-populated\">\n\t\t\t\t\t\t\t<div class=\"elementor-background-overlay\"><\/div>\n\t\t\t\t\t<div class=\"elementor-widget-wrap\">\n\t\t\t\t<div class=\"elementor-element elementor-element-5dc5c08 elementor-widget elementor-widget-pp-modal-popup\" data-id=\"5dc5c08\" data-element_type=\"widget\" id=\"buttonhoadon\" data-settings=\"{&quot;layout_type&quot;:&quot;standard&quot;,&quot;trigger&quot;:&quot;on-click&quot;,&quot;prevent_scroll&quot;:&quot;yes&quot;,&quot;close_button&quot;:&quot;yes&quot;,&quot;esc_exit&quot;:&quot;yes&quot;,&quot;click_exit&quot;:&quot;yes&quot;,&quot;popup_animation_in&quot;:&quot;mfp-zoom-in&quot;,&quot;overlay_switch&quot;:&quot;yes&quot;,&quot;close_button_position&quot;:&quot;win-top-right&quot;}\" data-widget_type=\"pp-modal-popup.default\">\n\t\t\t\t<div class=\"elementor-widget-container\">\n\t\t\t\t\t<div id=\"pp-modal-popup-wrap-5dc5c08\" class=\"pp-modal-popup-wrap\">\n\t\t\t<div class=\"pp-modal-popup\" data-type=\"inline\" data-src=\"#pp-modal-popup-window-5dc5c08\" data-trigger-element=\".pp-modal-popup-link-5dc5c08\">\n\t\t\t\t<span class=\"pp-modal-popup-button pp-modal-popup-link pp-modal-popup-link-5dc5c08 elementor-button elementor-size-md\"><span >Click Here<\/span><\/span>\t\t\t<\/div>\n\t\t<\/div>\n\t\t<div class=\"pp-modal-popup-window pp-modal-popup-window-5dc5c08\" id=\"pp-modal-popup-window-5dc5c08\">\n\t\t\t\t\t\t\t<div class=\"pp-popup-content\" id=\"pp-popup-content\"><p><strong>Account information:<\/strong><\/p>\n<p>Account name: MEDLAW LAW CO., LTD <br \/>Account No.: 101214851034541 <br \/>Bank: Vietnam Import-Export Trading Joint Stock Company - District 10 Branch (Eximbank Dist.10 Branch) <br \/>The transfer content clearly states: Customer service choose + Full name + Phone number<\/p>\n<p>MEDLAW is honored to be your companion!<\/p>\n<\/div>\t\t<\/div>\n\t\t\t\t<\/div>\n\t\t\t\t<\/div>\n\t\t\t\t<div class=\"elementor-element elementor-element-16bf4300 elementor-widget elementor-widget-heading\" data-id=\"16bf4300\" data-element_type=\"widget\" data-widget_type=\"heading.default\">\n\t\t\t\t<div class=\"elementor-widget-container\">\n\t\t\t<h2 class=\"elementor-heading-title elementor-size-default\"><a href=\"https:\/\/medlaw.vn\/en\/dich-vu\/\">TO KNOW MORE ABOUT SERVICES <br>PLEASE VISIT <span style=\"color:#A60000\">SERVICES<\/span><\/a><\/h2>\t\t<\/div>\n\t\t\t\t<\/div>\n\t\t\t\t\t\t<\/div>\n\t\t\t<\/div>\n\t\t<\/div>\n\t\t\t\t<div class=\"elementor-element elementor-element-7840fdf3 elementor-invisible elementor-column elementor-col-50 elementor-top-column\" data-id=\"7840fdf3\" data-element_type=\"column\" data-settings=\"{&quot;background_background&quot;:&quot;classic&quot;,&quot;animation&quot;:&quot;fadeInRight&quot;}\">\n\t\t\t<div class=\"elementor-column-wrap  elementor-element-populated\">\n\t\t\t\t\t<div class=\"elementor-widget-wrap\">\n\t\t\t\t<div class=\"elementor-element elementor-element-7c6c7129 elementor-widget elementor-widget-heading\" data-id=\"7c6c7129\" data-element_type=\"widget\" data-widget_type=\"heading.default\">\n\t\t\t\t<div class=\"elementor-widget-container\">\n\t\t\t<h2 class=\"elementor-heading-title elementor-size-default\">FREE LEGAL CONSULTANCY<\/h2>\t\t<\/div>\n\t\t\t\t<\/div>\n\t\t\t\t<div class=\"elementor-element elementor-element-28f10ebb elementor-button-align-center elementor-widget elementor-widget-form\" data-id=\"28f10ebb\" data-element_type=\"widget\" id=\"formtuvans\" data-settings=\"{&quot;step_next_label&quot;:&quot;Next&quot;,&quot;step_previous_label&quot;:&quot;Previous&quot;,&quot;button_width&quot;:&quot;100&quot;,&quot;step_type&quot;:&quot;number_text&quot;,&quot;step_icon_shape&quot;:&quot;circle&quot;}\" data-widget_type=\"form.default\">\n\t\t\t\t<div class=\"elementor-widget-container\">\n\t\t\t\t\t<form class=\"elementor-form\" method=\"post\" name=\"New Form\" action=\"\">\n\t\t\t<input type=\"hidden\" name=\"post_id\" value=\"23\"\/>\n\t\t\t<input type=\"hidden\" name=\"form_id\" value=\"28f10ebb\"\/>\n\n\t\t\t\n\t\t\t<div class=\"elementor-form-fields-wrapper elementor-labels-\">\n\t\t\t\t\t\t\t\t<div class=\"elementor-field-type-text elementor-field-group elementor-column elementor-field-group-name elementor-col-100\">\n\t\t\t\t\t<input size=\"1\" type=\"text\" name=\"form_fields[name]\" id=\"form-field-name\" class=\"elementor-field elementor-size-sm  elementor-field-textual\" placeholder=\"Full name\">\t\t\t\t<\/div>\n\t\t\t\t\t\t\t\t<div class=\"elementor-field-type-email elementor-field-group elementor-column elementor-field-group-email elementor-col-100 elementor-field-required\">\n\t\t\t\t\t<label for=\"form-field-email\" class=\"elementor-field-label elementor-screen-only\">Email<\/label><input size=\"1\" type=\"email\" name=\"form_fields[email]\" id=\"form-field-email\" class=\"elementor-field elementor-size-sm  elementor-field-textual\" placeholder=\"Email\" required=\"required\" aria-required=\"true\">\t\t\t\t<\/div>\n\t\t\t\t\t\t\t\t<div class=\"elementor-field-type-tel elementor-field-group elementor-column elementor-field-group-tel elementor-col-100\">\n\t\t\t\t\t<input size=\"1\" type=\"tel\" name=\"form_fields[tel]\" id=\"form-field-tel\" class=\"elementor-field elementor-size-sm  elementor-field-textual\" placeholder=\"Phone number\" pattern=\"[0-9()#&amp;+*-=.]+\" title=\"Only numbers and phone characters (#, -, *, etc) are accepted.\">\t\t\t\t<\/div>\n\t\t\t\t\t\t\t\t<div class=\"elementor-field-type-textarea elementor-field-group elementor-column elementor-field-group-message elementor-col-100\">\n\t\t\t\t\t<label for=\"form-field-message\" class=\"elementor-field-label elementor-screen-only\">Message<\/label><textarea class=\"elementor-field-textual elementor-field  elementor-size-sm\" name=\"form_fields[message]\" id=\"form-field-message\" rows=\"4\" placeholder=\"Message\"><\/textarea>\t\t\t\t<\/div>\n\t\t\t\t\t\t\t\t<div class=\"elementor-field-group elementor-column elementor-field-type-submit elementor-col-100 e-form__buttons\">\n\t\t\t\t\t<button type=\"submit\" class=\"elementor-button elementor-size-sm\">\n\t\t\t\t\t\t<span >\n\t\t\t\t\t\t\t\t\t\t\t\t\t\t\t<span class=\"elementor-button-icon\">\n\t\t\t\t\t\t\t\t\t\t\t\t\t\t\t\t\t\t\t\t\t\t\t\t\t\t<\/span>\n\t\t\t\t\t\t\t\t\t\t\t\t\t\t\t\t\t\t\t\t\t\t<span class=\"elementor-button-text\">SEND<\/span>\n\t\t\t\t\t\t\t\t\t\t\t\t\t<\/span>\n\t\t\t\t\t<\/button>\n\t\t\t\t<\/div>\n\t\t\t<\/div>\n\t\t<input type=\"hidden\" name=\"trp-form-language\" value=\"en\"\/><\/form>\n\t\t\t\t<\/div>\n\t\t\t\t<\/div>\n\t\t\t\t\t\t<\/div>\n\t\t\t<\/div>\n\t\t<\/div>\n\t\t\t\t\t\t<\/div>\n\t\t\t<\/div>\n\t\t<\/section>\n\t\t\t\t\t\t<\/div>\n\t\t\t<\/div>\n\t\t<\/div>","protected":false},"excerpt":{"rendered":"<p>PH\u00cd D\u1ecaCH V\u1ee4 UY T\u00cdN &#8211; T\u1eacN T\u00c2M &#8211; CHUY\u00caN NGHI\u1ec6P MEDLAW l\u00e0 \u0111\u01a1n v\u1ecb cung c\u1ea5p t\u1edbi kh\u00e1ch h\u00e0ng c\u00e1c gi\u1ea3i ph\u00e1p v\u1ec1 ph\u00e1p l\u00fd m\u1ed9t c\u00e1ch h\u1eefu hi\u1ec7u qua c\u00e1c d\u1ecbch v\u1ee5 h\u1ed7 tr\u1ee3 ph\u00e1p l\u00fd mi\u1ec5n ph\u00ed, t\u01b0 v\u1ea5n ph\u00e1p lu\u1eadt mi\u1ec5n ph\u00ed, t\u01b0 v\u1ea5n ph\u00e1p lu\u1eadt qua Email, v\u0103n b\u1ea3n v\u00e0&#8230;<\/p>","protected":false},"author":1,"featured_media":0,"parent":0,"menu_order":0,"comment_status":"closed","ping_status":"closed","template":"","meta":[],"_links":{"self":[{"href":"https:\/\/medlaw.vn\/en\/wp-json\/wp\/v2\/pages\/23"}],"collection":[{"href":"https:\/\/medlaw.vn\/en\/wp-json\/wp\/v2\/pages"}],"about":[{"href":"https:\/\/medlaw.vn\/en\/wp-json\/wp\/v2\/types\/page"}],"author":[{"embeddable":true,"href":"https:\/\/medlaw.vn\/en\/wp-json\/wp\/v2\/users\/1"}],"replies":[{"embeddable":true,"href":"https:\/\/medlaw.vn\/en\/wp-json\/wp\/v2\/comments?post=23"}],"version-history":[{"count":134,"href":"https:\/\/medlaw.vn\/en\/wp-json\/wp\/v2\/pages\/23\/revisions"}],"predecessor-version":[{"id":5268,"href":"https:\/\/medlaw.vn\/en\/wp-json\/wp\/v2\/pages\/23\/revisions\/5268"}],"wp:attachment":[{"href":"https:\/\/medlaw.vn\/en\/wp-json\/wp\/v2\/media?parent=23"}],"curies":[{"name":"wp","href":"https:\/\/api.w.org\/{rel}","templated":true}]}}