{"id":2191,"date":"2021-01-27T05:15:01","date_gmt":"2021-01-27T05:15:01","guid":{"rendered":"http:\/\/medlaw.vn\/?page_id=2191"},"modified":"2022-07-15T10:12:45","modified_gmt":"2022-07-15T03:12:45","slug":"cac-loai-hinh-doanh-nghiep-khac","status":"publish","type":"page","link":"https:\/\/medlaw.vn\/en\/cac-loai-hinh-doanh-nghiep-khac\/","title":{"rendered":"Other types of corporates"},"content":{"rendered":"<div data-elementor-type=\"wp-page\" data-elementor-id=\"2191\" class=\"elementor elementor-2191\" data-elementor-settings=\"[]\">\n\t\t\t<div class=\"elementor-inner\">\n\t\t\t\t<div class=\"elementor-section-wrap\">\n\t\t\t\t\t\t\t<section class=\"elementor-element elementor-element-781e28f6 elementor-section-stretched elementor-section-height-min-height elementor-section-boxed elementor-section-height-default elementor-section-items-middle elementor-section elementor-top-section\" data-id=\"781e28f6\" data-element_type=\"section\" data-settings=\"{&quot;stretch_section&quot;:&quot;section-stretched&quot;,&quot;background_background&quot;:&quot;classic&quot;}\">\n\t\t\t\t\t\t<div class=\"elementor-container elementor-column-gap-no\">\n\t\t\t\t<div class=\"elementor-row\">\n\t\t\t\t<div class=\"elementor-element elementor-element-79d56036 elementor-column elementor-col-100 elementor-top-column\" data-id=\"79d56036\" data-element_type=\"column\">\n\t\t\t<div class=\"elementor-column-wrap  elementor-element-populated\">\n\t\t\t\t\t<div class=\"elementor-widget-wrap\">\n\t\t\t\t<div class=\"elementor-element elementor-element-32383b0a dividemm elementor-widget elementor-widget-divider\" data-id=\"32383b0a\" data-element_type=\"widget\" data-widget_type=\"divider.default\">\n\t\t\t\t<div class=\"elementor-widget-container\">\n\t\t\t\t\t<div class=\"elementor-divider\">\n\t\t\t<span class=\"elementor-divider-separator\">\n\t\t\t\t\t\t<\/span>\n\t\t<\/div>\n\t\t\t\t<\/div>\n\t\t\t\t<\/div>\n\t\t\t\t<div class=\"elementor-element elementor-element-60a074f6 animated-fast elementor-invisible elementor-widget elementor-widget-heading\" data-id=\"60a074f6\" data-element_type=\"widget\" data-settings=\"{&quot;_animation&quot;:&quot;fadeInDown&quot;}\" data-widget_type=\"heading.default\">\n\t\t\t\t<div class=\"elementor-widget-container\">\n\t\t\t<h2 class=\"elementor-heading-title elementor-size-default\">corporates CUSTOMERS<\/h2>\t\t<\/div>\n\t\t\t\t<\/div>\n\t\t\t\t<div class=\"elementor-element elementor-element-55840552 elementor-widget elementor-widget-text-editor\" data-id=\"55840552\" data-element_type=\"widget\" data-widget_type=\"text-editor.default\">\n\t\t\t\t<div class=\"elementor-widget-container\">\n\t\t\t\t\t<div class=\"elementor-text-editor elementor-clearfix\"><p>Other types of corporates<\/p><\/div>\n\t\t\t\t<\/div>\n\t\t\t\t<\/div>\n\t\t\t\t\t\t<\/div>\n\t\t\t<\/div>\n\t\t<\/div>\n\t\t\t\t\t\t<\/div>\n\t\t\t<\/div>\n\t\t<\/section>\n\t\t\t\t<section class=\"elementor-element elementor-element-7e732694 elementor-section-boxed elementor-section-height-default elementor-section-height-default elementor-section elementor-top-section\" data-id=\"7e732694\" data-element_type=\"section\">\n\t\t\t\t\t\t<div class=\"elementor-container elementor-column-gap-default\">\n\t\t\t\t<div class=\"elementor-row\">\n\t\t\t\t<div class=\"elementor-element elementor-element-14b65012 elementor-column elementor-col-100 elementor-top-column\" data-id=\"14b65012\" data-element_type=\"column\">\n\t\t\t<div class=\"elementor-column-wrap  elementor-element-populated\">\n\t\t\t\t\t<div class=\"elementor-widget-wrap\">\n\t\t\t\t<div class=\"elementor-element elementor-element-3a956c04 elementor-widget elementor-widget-text-editor\" data-id=\"3a956c04\" data-element_type=\"widget\" data-widget_type=\"text-editor.default\">\n\t\t\t\t<div class=\"elementor-widget-container\">\n\t\t\t\t\t<div class=\"elementor-text-editor elementor-clearfix\"><p>In the context of a remarkably and rapidly developing economy, every corporate is aiming to avoiding possible legal risks in the business process and ensuring maximum benefits as well as correctly and regularly performing and updating legal regulations. However, not all corporates fully understand their legitimate rights and interests.<\/p><p>Understanding these difficulties, MEDLAW has attempted to provide supportive solutions in order to bring the best benefit to its clients, including but not limited to:<\/p><ul><li>Joint stock companies<\/li><li>Partnerships<\/li><li>One member limited liability companies<\/li><li>Limited liability companies with two or more members<\/li><li>Private enterprises<\/li><li>\u2026<\/li><\/ul><p><strong>Services provided by MEDLAW:<\/strong><\/p><ul><li>Consult on corporate administration.<\/li><li>Regular legal consultancy for corporates.<\/li><li>Legal consultancy on drafting organizational documents, legal documents, contracts, and transactions.<\/li><li>Consult, represent or appoint lawyers to participate in protecting the legitimate interests of corporates, negotiating and settling disputes at commercial arbitration, courts.<\/li><li>Consult for corporates on labor law, salary and insurance issues.<\/li><li>Consult to settle internal disputes.<\/li><li>Provide relevant legal documents upon request.<\/li><li>Other services as required by the corporates and in accordance with the law.<\/li><li>\u2026<\/li><\/ul><\/div>\n\t\t\t\t<\/div>\n\t\t\t\t<\/div>\n\t\t\t\t\t\t<\/div>\n\t\t\t<\/div>\n\t\t<\/div>\n\t\t\t\t\t\t<\/div>\n\t\t\t<\/div>\n\t\t<\/section>\n\t\t\t\t<section class=\"elementor-element elementor-element-7a98d398 elementor-section-boxed elementor-section-height-default elementor-section-height-default elementor-section elementor-top-section\" data-id=\"7a98d398\" data-element_type=\"section\" data-settings=\"{&quot;background_background&quot;:&quot;classic&quot;}\">\n\t\t\t\t\t\t<div class=\"elementor-container elementor-column-gap-default\">\n\t\t\t\t<div class=\"elementor-row\">\n\t\t\t\t<div class=\"elementor-element elementor-element-4eaf608c elementor-invisible elementor-column elementor-col-50 elementor-top-column\" data-id=\"4eaf608c\" data-element_type=\"column\" data-settings=\"{&quot;background_background&quot;:&quot;classic&quot;,&quot;animation&quot;:&quot;fadeInLeft&quot;}\">\n\t\t\t<div class=\"elementor-column-wrap  elementor-element-populated\">\n\t\t\t\t\t\t\t<div class=\"elementor-background-overlay\"><\/div>\n\t\t\t\t\t<div class=\"elementor-widget-wrap\">\n\t\t\t\t<div class=\"elementor-element elementor-element-34d64cae elementor-widget elementor-widget-pp-modal-popup\" data-id=\"34d64cae\" data-element_type=\"widget\" id=\"buttonhoadon\" data-settings=\"{&quot;layout_type&quot;:&quot;standard&quot;,&quot;trigger&quot;:&quot;on-click&quot;,&quot;prevent_scroll&quot;:&quot;yes&quot;,&quot;close_button&quot;:&quot;yes&quot;,&quot;esc_exit&quot;:&quot;yes&quot;,&quot;click_exit&quot;:&quot;yes&quot;,&quot;popup_animation_in&quot;:&quot;mfp-zoom-in&quot;,&quot;overlay_switch&quot;:&quot;yes&quot;,&quot;close_button_position&quot;:&quot;win-top-right&quot;}\" data-widget_type=\"pp-modal-popup.default\">\n\t\t\t\t<div class=\"elementor-widget-container\">\n\t\t\t\t\t<div id=\"pp-modal-popup-wrap-34d64cae\" class=\"pp-modal-popup-wrap\">\n\t\t\t<div class=\"pp-modal-popup\" data-type=\"inline\" data-src=\"#pp-modal-popup-window-34d64cae\" data-trigger-element=\".pp-modal-popup-link-34d64cae\">\n\t\t\t\t<span class=\"pp-modal-popup-button pp-modal-popup-link pp-modal-popup-link-34d64cae elementor-button elementor-size-md\"><span >Click Here<\/span><\/span>\t\t\t<\/div>\n\t\t<\/div>\n\t\t<div class=\"pp-modal-popup-window pp-modal-popup-window-34d64cae\" id=\"pp-modal-popup-window-34d64cae\">\n\t\t\t\t\t\t\t<div class=\"pp-popup-content\" id=\"pp-popup-content\"><p><strong>Account information:<\/strong><\/p>\n<p>Account name: MEDLAW LAW CO., LTD <br \/>Account No.: 101214851034541 <br \/>Bank: Vietnam Import-Export Trading Joint Stock Company - District 10 Branch (Eximbank Dist.10 Branch) <br \/>The transfer content clearly states: Customer service choose + Full name + Phone number<\/p>\n<p>MEDLAW is honored to be your companion!<\/p>\n<\/div>\t\t<\/div>\n\t\t\t\t<\/div>\n\t\t\t\t<\/div>\n\t\t\t\t<div class=\"elementor-element elementor-element-b756cf3 elementor-widget elementor-widget-global elementor-global-2414 elementor-widget-pp-table\" data-id=\"b756cf3\" data-element_type=\"widget\" data-settings=\"{&quot;table_type&quot;:&quot;normal&quot;}\" data-widget_type=\"pp-table.default\">\n\t\t\t\t<div class=\"elementor-widget-container\">\n\t\t\t\t\t<div class=\"pp-table-container\">\n\t\t\t<table class=\"pp-table tablesaw\">\n\t\t\t\t\t\t\t<colgroup>\n\t\t\t\t\t\t\t\t<col\n\t\t\t\t\tspan=\"1\"\n\t\t\t\t\tclass=\"elementor-repeater-item-ce2ba52\"\n\t\t\t\t\t\t\t\t\t\t\tstyle=\"\t\t\t\t\t\t\t\t\t\t\t\t\t\t\t\t\t\t\t\twidth:33%\t\t\t\t\t\t\t\t\t\t\t\t\"\n\t\t\t\t\t\t\t\t\t\t>\n\t\t\t\t\t\t\t\t<col\n\t\t\t\t\tspan=\"2\"\n\t\t\t\t\tclass=\"elementor-repeater-item-426fa06\"\n\t\t\t\t\t\t\t\t\t\t\tstyle=\"\t\t\t\t\t\t\t\t\t\t\t\t\t\t\t\t\t\t\t\twidth:33%\t\t\t\t\t\t\t\t\t\t\t\t\"\n\t\t\t\t\t\t\t\t\t\t>\n\t\t\t\t\t\t\t<\/colgroup>\n\t\t\t\t\t<thead>\n\t\t\t<tr class=\"pp-table-row\">\n\t\t\t\t<th class=\"pp-table-cell pp-table-cell-4d30e9c\"><span class=\"pp-table-cell-content\"><span class=\"pp-table-cell-text\">FEE<\/span><\/span><\/th><th class=\"pp-table-cell pp-table-cell-77f851c\"><span class=\"pp-table-cell-content\"><span class=\"pp-table-cell-text\">FEE<\/span><\/span><\/th>\t\t\t<\/tr>\n\t\t<\/thead>\n\t\t\t\t<tfoot>\n\t\t\t<\/tr>\t\t<\/tfoot>\n\t\t\t\t<tbody>\n\t\t\t<tr ><td class=\"pp-table-cell pp-table-cell-2363fc5\"><span class=\"pp-table-cell-content\"><span class=\"pp-table-cell-text\">Free legal consultancy<\/span><\/span><\/td><td class=\"pp-table-cell pp-table-cell-2e3e598\"><span class=\"pp-table-cell-content\"><span class=\"pp-table-cell-text\">3 - 10 days<\/span><\/span><\/td><td class=\"pp-table-cell pp-table-cell-fdc4f9e\"><span class=\"pp-table-cell-content\"><span class=\"pp-table-cell-text\">Free<\/span><\/span><\/td><\/tr><tr ><td class=\"pp-table-cell pp-table-cell-d3ac2a6\"><span class=\"pp-table-cell-content\"><span class=\"pp-table-cell-text\">Legal advice for a fee<\/span><\/span><\/td><td class=\"pp-table-cell pp-table-cell-37183f2\"><span class=\"pp-table-cell-content\"><span class=\"pp-table-cell-text\">3 - 7 days<\/span><\/span><\/td><td class=\"pp-table-cell pp-table-cell-32aea5a\"><span class=\"pp-table-cell-content\"><span class=\"pp-table-cell-text\">Depends on the specific case<\/span><\/span><\/td><\/tr><tr ><\/tr><tr ><td class=\"pp-table-cell pp-table-cell-d9e0110\"><span class=\"pp-table-cell-content\"><span class=\"pp-table-cell-text\">Direct legal consultancy<\/span><\/span><\/td><td class=\"pp-table-cell pp-table-cell-c590fd5\"><span class=\"pp-table-cell-content\"><span class=\"pp-table-cell-text\">  <\/span><\/span><\/td><td class=\"pp-table-cell pp-table-cell-b7d9c61\"><span class=\"pp-table-cell-content\"><span class=\"pp-table-cell-text\">Lawyer: <\/BR>\n3.000.000 \u0111<\/BR>\nSenior consultant: direct contact<\/span><\/span><\/td><\/tr><tr ><td class=\"pp-table-cell pp-table-cell-f4b7205\"><span class=\"pp-table-cell-content\"><span class=\"pp-table-cell-text\">Legal training<\/span><\/span><\/td><td class=\"pp-table-cell pp-table-cell-77e2bac\"><span class=\"pp-table-cell-content\"><span class=\"pp-table-cell-text\">  <\/span><\/span><\/td><td class=\"pp-table-cell pp-table-cell-865fe20\"><span class=\"pp-table-cell-content\"><span class=\"pp-table-cell-text\">CONTACT US<\/span><\/span><\/td><\/tr><tr ><td class=\"pp-table-cell pp-table-cell-c034be3\"><span class=\"pp-table-cell-content\"><span class=\"pp-table-cell-text\">Regular legal advice for individuals\/households<\/span><\/span><\/td><td class=\"pp-table-cell pp-table-cell-5c34f38\"><span class=\"pp-table-cell-content\"><span class=\"pp-table-cell-text\">    <\/span><\/span><\/td><td class=\"pp-table-cell pp-table-cell-471547b\"><span class=\"pp-table-cell-content\"><span class=\"pp-table-cell-text\">CONTACT US<\/span><\/span><\/td><\/tr><tr ><td class=\"pp-table-cell pp-table-cell-2daf6f3\"><span class=\"pp-table-cell-content\"><span class=\"pp-table-cell-text\">Regular legal advice for businesses<\/span><\/span><\/td><td class=\"pp-table-cell pp-table-cell-cd790d2\"><span class=\"pp-table-cell-content\"><span class=\"pp-table-cell-text\">   <\/span><\/span><\/td><td class=\"pp-table-cell pp-table-cell-e9bc7bc\"><span class=\"pp-table-cell-content\"><span class=\"pp-table-cell-text\">CONTACT US<\/span><\/span><\/td><\/tr>\t\t<\/tbody>\n\t\t\t\t\t<\/table>\n\t\t<\/div>\n\t\t\t\t<\/div>\n\t\t\t\t<\/div>\n\t\t\t\t<div class=\"elementor-element elementor-element-62cd476d elementor-widget elementor-widget-heading\" data-id=\"62cd476d\" data-element_type=\"widget\" data-widget_type=\"heading.default\">\n\t\t\t\t<div class=\"elementor-widget-container\">\n\t\t\t<h2 class=\"elementor-heading-title elementor-size-default\"><a href=\"https:\/\/medlaw.vn\/en\/dich-vu\/\">TO KNOW MORE ABOUT SERVICES <br>PLEASE VISIT <span style=\"color:#A60000\">SERVICES<\/span><\/a><\/h2>\t\t<\/div>\n\t\t\t\t<\/div>\n\t\t\t\t\t\t<\/div>\n\t\t\t<\/div>\n\t\t<\/div>\n\t\t\t\t<div class=\"elementor-element elementor-element-1fa10d07 elementor-invisible elementor-column elementor-col-50 elementor-top-column\" data-id=\"1fa10d07\" data-element_type=\"column\" data-settings=\"{&quot;background_background&quot;:&quot;classic&quot;,&quot;animation&quot;:&quot;fadeInRight&quot;}\">\n\t\t\t<div class=\"elementor-column-wrap  elementor-element-populated\">\n\t\t\t\t\t<div class=\"elementor-widget-wrap\">\n\t\t\t\t<div class=\"elementor-element elementor-element-16a825be elementor-widget elementor-widget-heading\" data-id=\"16a825be\" data-element_type=\"widget\" data-widget_type=\"heading.default\">\n\t\t\t\t<div class=\"elementor-widget-container\">\n\t\t\t<h2 class=\"elementor-heading-title elementor-size-default\">FREE LEGAL CONSULTANCY<\/h2>\t\t<\/div>\n\t\t\t\t<\/div>\n\t\t\t\t<div class=\"elementor-element elementor-element-1f1dbefb elementor-button-align-center elementor-widget elementor-widget-form\" data-id=\"1f1dbefb\" data-element_type=\"widget\" id=\"formtuvans\" data-settings=\"{&quot;step_next_label&quot;:&quot;Next&quot;,&quot;step_previous_label&quot;:&quot;Previous&quot;,&quot;button_width&quot;:&quot;100&quot;,&quot;step_type&quot;:&quot;number_text&quot;,&quot;step_icon_shape&quot;:&quot;circle&quot;}\" data-widget_type=\"form.default\">\n\t\t\t\t<div class=\"elementor-widget-container\">\n\t\t\t\t\t<form class=\"elementor-form\" method=\"post\" name=\"New Form\" action=\"\">\n\t\t\t<input type=\"hidden\" name=\"post_id\" value=\"2191\"\/>\n\t\t\t<input type=\"hidden\" name=\"form_id\" value=\"1f1dbefb\"\/>\n\n\t\t\t\n\t\t\t<div class=\"elementor-form-fields-wrapper elementor-labels-\">\n\t\t\t\t\t\t\t\t<div class=\"elementor-field-type-text elementor-field-group elementor-column elementor-field-group-name elementor-col-100\">\n\t\t\t\t\t<input size=\"1\" type=\"text\" name=\"form_fields[name]\" id=\"form-field-name\" class=\"elementor-field elementor-size-sm  elementor-field-textual\" placeholder=\"Full name\">\t\t\t\t<\/div>\n\t\t\t\t\t\t\t\t<div class=\"elementor-field-type-email elementor-field-group elementor-column elementor-field-group-email elementor-col-100 elementor-field-required\">\n\t\t\t\t\t<label for=\"form-field-email\" class=\"elementor-field-label elementor-screen-only\">Email<\/label><input size=\"1\" type=\"email\" name=\"form_fields[email]\" id=\"form-field-email\" class=\"elementor-field elementor-size-sm  elementor-field-textual\" placeholder=\"Email\" required=\"required\" aria-required=\"true\">\t\t\t\t<\/div>\n\t\t\t\t\t\t\t\t<div class=\"elementor-field-type-tel elementor-field-group elementor-column elementor-field-group-tel elementor-col-100\">\n\t\t\t\t\t<input size=\"1\" type=\"tel\" name=\"form_fields[tel]\" id=\"form-field-tel\" class=\"elementor-field elementor-size-sm  elementor-field-textual\" placeholder=\"Phone number\" pattern=\"[0-9()#&amp;+*-=.]+\" title=\"Only numbers and phone characters (#, -, *, etc) are accepted.\">\t\t\t\t<\/div>\n\t\t\t\t\t\t\t\t<div class=\"elementor-field-type-textarea elementor-field-group elementor-column elementor-field-group-message elementor-col-100\">\n\t\t\t\t\t<label for=\"form-field-message\" class=\"elementor-field-label elementor-screen-only\">Message<\/label><textarea class=\"elementor-field-textual elementor-field  elementor-size-sm\" name=\"form_fields[message]\" id=\"form-field-message\" rows=\"4\" placeholder=\"Message\"><\/textarea>\t\t\t\t<\/div>\n\t\t\t\t\t\t\t\t<div class=\"elementor-field-group elementor-column elementor-field-type-submit elementor-col-100 e-form__buttons\">\n\t\t\t\t\t<button type=\"submit\" class=\"elementor-button elementor-size-sm\">\n\t\t\t\t\t\t<span >\n\t\t\t\t\t\t\t\t\t\t\t\t\t\t\t<span class=\"elementor-button-icon\">\n\t\t\t\t\t\t\t\t\t\t\t\t\t\t\t\t\t\t\t\t\t\t\t\t\t\t<\/span>\n\t\t\t\t\t\t\t\t\t\t\t\t\t\t\t\t\t\t\t\t\t\t<span class=\"elementor-button-text\">SEND<\/span>\n\t\t\t\t\t\t\t\t\t\t\t\t\t<\/span>\n\t\t\t\t\t<\/button>\n\t\t\t\t<\/div>\n\t\t\t<\/div>\n\t\t<input type=\"hidden\" name=\"trp-form-language\" value=\"en\"\/><\/form>\n\t\t\t\t<\/div>\n\t\t\t\t<\/div>\n\t\t\t\t\t\t<\/div>\n\t\t\t<\/div>\n\t\t<\/div>\n\t\t\t\t\t\t<\/div>\n\t\t\t<\/div>\n\t\t<\/section>\n\t\t\t\t\t\t<\/div>\n\t\t\t<\/div>\n\t\t<\/div>","protected":false},"excerpt":{"rendered":"<p>kh\u00e1ch h\u00e0ng doanh nghi\u1ec7p c\u00e1c lo\u1ea1i h\u00ecnh doanh nghi\u1ec7p kh\u00e1c Trong b\u1ed1i c\u1ea3nh n\u1ec1n kinh t\u1ebf ph\u00e1t tri\u1ec3n nhanh ch\u00f3ng v\u00e0 v\u01b0\u1ee3t b\u1eadc, vi\u1ec7c tr\u00e1nh \u0111\u01b0\u1ee3c c\u00e1c r\u1ee7i ro ph\u00e1p l\u00fd c\u00f3 th\u1ec3 x\u1ea3y ra trong qu\u00e1 tr\u00ecnh kinh doanh v\u00e0 \u0111\u1ea3m b\u1ea3o t\u1ed1i \u0111a quy\u1ec1n l\u1ee3i c\u0169ng nh\u01b0 th\u1ef1c hi\u1ec7n \u0111\u00fang, c\u1eadp nh\u1eadt th\u01b0\u1eddng&#8230;<\/p>","protected":false},"author":1,"featured_media":0,"parent":0,"menu_order":0,"comment_status":"closed","ping_status":"closed","template":"","meta":[],"_links":{"self":[{"href":"https:\/\/medlaw.vn\/en\/wp-json\/wp\/v2\/pages\/2191"}],"collection":[{"href":"https:\/\/medlaw.vn\/en\/wp-json\/wp\/v2\/pages"}],"about":[{"href":"https:\/\/medlaw.vn\/en\/wp-json\/wp\/v2\/types\/page"}],"author":[{"embeddable":true,"href":"https:\/\/medlaw.vn\/en\/wp-json\/wp\/v2\/users\/1"}],"replies":[{"embeddable":true,"href":"https:\/\/medlaw.vn\/en\/wp-json\/wp\/v2\/comments?post=2191"}],"version-history":[{"count":15,"href":"https:\/\/medlaw.vn\/en\/wp-json\/wp\/v2\/pages\/2191\/revisions"}],"predecessor-version":[{"id":4829,"href":"https:\/\/medlaw.vn\/en\/wp-json\/wp\/v2\/pages\/2191\/revisions\/4829"}],"wp:attachment":[{"href":"https:\/\/medlaw.vn\/en\/wp-json\/wp\/v2\/media?parent=2191"}],"curies":[{"name":"wp","href":"https:\/\/api.w.org\/{rel}","templated":true}]}}