{"id":2188,"date":"2021-01-27T05:10:18","date_gmt":"2021-01-27T05:10:18","guid":{"rendered":"http:\/\/medlaw.vn\/?page_id=2188"},"modified":"2022-07-15T10:11:36","modified_gmt":"2022-07-15T03:11:36","slug":"doanh-nghiep-trong-linh-vuc-y-te","status":"publish","type":"page","link":"https:\/\/medlaw.vn\/en\/doanh-nghiep-trong-linh-vuc-y-te\/","title":{"rendered":"Corporates in the medical field"},"content":{"rendered":"<div data-elementor-type=\"wp-page\" data-elementor-id=\"2188\" class=\"elementor elementor-2188\" data-elementor-settings=\"[]\">\n\t\t\t<div class=\"elementor-inner\">\n\t\t\t\t<div class=\"elementor-section-wrap\">\n\t\t\t\t\t\t\t<section class=\"elementor-element elementor-element-1d5a0da6 elementor-section-stretched elementor-section-height-min-height elementor-section-boxed elementor-section-height-default elementor-section-items-middle elementor-section elementor-top-section\" data-id=\"1d5a0da6\" data-element_type=\"section\" data-settings=\"{&quot;stretch_section&quot;:&quot;section-stretched&quot;,&quot;background_background&quot;:&quot;classic&quot;}\">\n\t\t\t\t\t\t<div class=\"elementor-container elementor-column-gap-no\">\n\t\t\t\t<div class=\"elementor-row\">\n\t\t\t\t<div class=\"elementor-element elementor-element-1068ca51 elementor-column elementor-col-100 elementor-top-column\" data-id=\"1068ca51\" data-element_type=\"column\">\n\t\t\t<div class=\"elementor-column-wrap  elementor-element-populated\">\n\t\t\t\t\t<div class=\"elementor-widget-wrap\">\n\t\t\t\t<div class=\"elementor-element elementor-element-69cb920e dividemm elementor-widget elementor-widget-divider\" data-id=\"69cb920e\" data-element_type=\"widget\" data-widget_type=\"divider.default\">\n\t\t\t\t<div class=\"elementor-widget-container\">\n\t\t\t\t\t<div class=\"elementor-divider\">\n\t\t\t<span class=\"elementor-divider-separator\">\n\t\t\t\t\t\t<\/span>\n\t\t<\/div>\n\t\t\t\t<\/div>\n\t\t\t\t<\/div>\n\t\t\t\t<div class=\"elementor-element elementor-element-2b35449 animated-fast elementor-invisible elementor-widget elementor-widget-heading\" data-id=\"2b35449\" data-element_type=\"widget\" data-settings=\"{&quot;_animation&quot;:&quot;fadeInDown&quot;}\" data-widget_type=\"heading.default\">\n\t\t\t\t<div class=\"elementor-widget-container\">\n\t\t\t<h2 class=\"elementor-heading-title elementor-size-default\">corporates CUSTOMERS<\/h2>\t\t<\/div>\n\t\t\t\t<\/div>\n\t\t\t\t<div class=\"elementor-element elementor-element-295a6e1b elementor-widget elementor-widget-text-editor\" data-id=\"295a6e1b\" data-element_type=\"widget\" data-widget_type=\"text-editor.default\">\n\t\t\t\t<div class=\"elementor-widget-container\">\n\t\t\t\t\t<div class=\"elementor-text-editor elementor-clearfix\"><p>Corporates in the medical field<\/p><\/div>\n\t\t\t\t<\/div>\n\t\t\t\t<\/div>\n\t\t\t\t\t\t<\/div>\n\t\t\t<\/div>\n\t\t<\/div>\n\t\t\t\t\t\t<\/div>\n\t\t\t<\/div>\n\t\t<\/section>\n\t\t\t\t<section class=\"elementor-element elementor-element-f3b2f52 elementor-section-boxed elementor-section-height-default elementor-section-height-default elementor-section elementor-top-section\" data-id=\"f3b2f52\" data-element_type=\"section\">\n\t\t\t\t\t\t<div class=\"elementor-container elementor-column-gap-default\">\n\t\t\t\t<div class=\"elementor-row\">\n\t\t\t\t<div class=\"elementor-element elementor-element-1b7b5140 elementor-column elementor-col-100 elementor-top-column\" data-id=\"1b7b5140\" data-element_type=\"column\">\n\t\t\t<div class=\"elementor-column-wrap  elementor-element-populated\">\n\t\t\t\t\t<div class=\"elementor-widget-wrap\">\n\t\t\t\t<div class=\"elementor-element elementor-element-6e7b7993 elementor-widget elementor-widget-text-editor\" data-id=\"6e7b7993\" data-element_type=\"widget\" data-widget_type=\"text-editor.default\">\n\t\t\t\t<div class=\"elementor-widget-container\">\n\t\t\t\t\t<div class=\"elementor-text-editor elementor-clearfix\"><p>In recent years, the Vietnamese medical sector is facing an overload situation, and the quality of medical examination and treatment cannot meet the demands of the people. In addition, the increasing demand for medical and healthcare services of the people makes the medical sector face a dual challenge of improving services as well as reducing costs and optimizing the resources. However, during the operation process, corporates in the medical sector have not fully understood their legitimate rights and interests, leading to many challenges in the legal field.<\/p><p>Understanding these difficulties, MEDLAW has attempted to provide supportive solutions in order to bring the best benefit to its clients, including but not limited to the types of corporates:<\/p><ul><li>Public hospitals<\/li><li>Private hospitals<\/li><li>General and specialized hospitals<\/li><li>General clinics<\/li><li>Specialized clinics<\/li><li>Spa, Beauty salons<\/li><li>Pharmaceutical companies<\/li><li>Medical equipment companies<\/li><li>\u2026<\/li><\/ul><p><strong>Services provided by MEDLAW:<br \/><\/strong><\/p><ul><li>Consult on setting up medical investment projects: hospitals, clinics, etc.<\/li><li>Deploy, consult on Project management, Corporate administration for different types of medical corporates (hospitals, clinics, companies, etc.)<\/li><li>Consult on completing administrative documents, drafting legal documents, corporate legislation.<\/li><li>Support with drafting official documents, papers, labor contracts, insurance, etc.<\/li><li>Support for drafting operation processes of sectors\/ departments\/ divisions.<\/li><li>Consult on solutions to prevent legal risks.<\/li><li>Consult on optimal solutions for existing and ongoing disputes.<\/li><li>Provide legal documents regularly, periodically and upon request.<\/li><li>Organize, support, introduce lawyers and attorneys to join participate in the Professional Council and join as members of the Medical Ethics Committee (with proper medical ethics training certificate).<\/li><li>\u2026<\/li><\/ul><\/div>\n\t\t\t\t<\/div>\n\t\t\t\t<\/div>\n\t\t\t\t\t\t<\/div>\n\t\t\t<\/div>\n\t\t<\/div>\n\t\t\t\t\t\t<\/div>\n\t\t\t<\/div>\n\t\t<\/section>\n\t\t\t\t<section class=\"elementor-element elementor-element-1bc47d3a elementor-section-boxed elementor-section-height-default elementor-section-height-default elementor-section elementor-top-section\" data-id=\"1bc47d3a\" data-element_type=\"section\" data-settings=\"{&quot;background_background&quot;:&quot;classic&quot;}\">\n\t\t\t\t\t\t<div class=\"elementor-container elementor-column-gap-default\">\n\t\t\t\t<div class=\"elementor-row\">\n\t\t\t\t<div class=\"elementor-element elementor-element-202eb901 elementor-column elementor-col-50 elementor-top-column\" data-id=\"202eb901\" data-element_type=\"column\" data-settings=\"{&quot;background_background&quot;:&quot;classic&quot;}\">\n\t\t\t<div class=\"elementor-column-wrap  elementor-element-populated\">\n\t\t\t\t\t\t\t<div class=\"elementor-background-overlay\"><\/div>\n\t\t\t\t\t<div class=\"elementor-widget-wrap\">\n\t\t\t\t<div class=\"elementor-element elementor-element-6ee14c54 elementor-widget elementor-widget-pp-modal-popup\" data-id=\"6ee14c54\" data-element_type=\"widget\" id=\"buttonhoadon\" data-settings=\"{&quot;layout_type&quot;:&quot;standard&quot;,&quot;trigger&quot;:&quot;on-click&quot;,&quot;prevent_scroll&quot;:&quot;yes&quot;,&quot;close_button&quot;:&quot;yes&quot;,&quot;esc_exit&quot;:&quot;yes&quot;,&quot;click_exit&quot;:&quot;yes&quot;,&quot;popup_animation_in&quot;:&quot;mfp-zoom-in&quot;,&quot;overlay_switch&quot;:&quot;yes&quot;,&quot;close_button_position&quot;:&quot;win-top-right&quot;}\" data-widget_type=\"pp-modal-popup.default\">\n\t\t\t\t<div class=\"elementor-widget-container\">\n\t\t\t\t\t<div id=\"pp-modal-popup-wrap-6ee14c54\" class=\"pp-modal-popup-wrap\">\n\t\t\t<div class=\"pp-modal-popup\" data-type=\"inline\" data-src=\"#pp-modal-popup-window-6ee14c54\" data-trigger-element=\".pp-modal-popup-link-6ee14c54\">\n\t\t\t\t<span class=\"pp-modal-popup-button pp-modal-popup-link pp-modal-popup-link-6ee14c54 elementor-button elementor-size-md\"><span >Click Here<\/span><\/span>\t\t\t<\/div>\n\t\t<\/div>\n\t\t<div class=\"pp-modal-popup-window pp-modal-popup-window-6ee14c54\" id=\"pp-modal-popup-window-6ee14c54\">\n\t\t\t\t\t\t\t<div class=\"pp-popup-content\" id=\"pp-popup-content\"><p><strong>Account information:<\/strong><\/p>\n<p>Account name: MEDLAW LAW CO., LTD <br \/>Account No.: 101214851034541 <br \/>Bank: Vietnam Import-Export Trading Joint Stock Company - District 10 Branch (Eximbank Dist.10 Branch) <br \/>The transfer content clearly states: Customer service choose + Full name + Phone number<\/p>\n<p>MEDLAW is honored to be your companion!<\/p>\n<\/div>\t\t<\/div>\n\t\t\t\t<\/div>\n\t\t\t\t<\/div>\n\t\t\t\t<div class=\"elementor-element elementor-element-eed53fb elementor-widget elementor-widget-global elementor-global-2414 elementor-widget-pp-table\" data-id=\"eed53fb\" data-element_type=\"widget\" data-settings=\"{&quot;table_type&quot;:&quot;normal&quot;}\" data-widget_type=\"pp-table.default\">\n\t\t\t\t<div class=\"elementor-widget-container\">\n\t\t\t\t\t<div class=\"pp-table-container\">\n\t\t\t<table class=\"pp-table tablesaw\">\n\t\t\t\t\t\t\t<colgroup>\n\t\t\t\t\t\t\t\t<col\n\t\t\t\t\tspan=\"1\"\n\t\t\t\t\tclass=\"elementor-repeater-item-ce2ba52\"\n\t\t\t\t\t\t\t\t\t\t\tstyle=\"\t\t\t\t\t\t\t\t\t\t\t\t\t\t\t\t\t\t\t\twidth:33%\t\t\t\t\t\t\t\t\t\t\t\t\"\n\t\t\t\t\t\t\t\t\t\t>\n\t\t\t\t\t\t\t\t<col\n\t\t\t\t\tspan=\"2\"\n\t\t\t\t\tclass=\"elementor-repeater-item-426fa06\"\n\t\t\t\t\t\t\t\t\t\t\tstyle=\"\t\t\t\t\t\t\t\t\t\t\t\t\t\t\t\t\t\t\t\twidth:33%\t\t\t\t\t\t\t\t\t\t\t\t\"\n\t\t\t\t\t\t\t\t\t\t>\n\t\t\t\t\t\t\t<\/colgroup>\n\t\t\t\t\t<thead>\n\t\t\t<tr class=\"pp-table-row\">\n\t\t\t\t<th class=\"pp-table-cell pp-table-cell-4d30e9c\"><span class=\"pp-table-cell-content\"><span class=\"pp-table-cell-text\">FEE<\/span><\/span><\/th><th class=\"pp-table-cell pp-table-cell-77f851c\"><span class=\"pp-table-cell-content\"><span class=\"pp-table-cell-text\">FEE<\/span><\/span><\/th>\t\t\t<\/tr>\n\t\t<\/thead>\n\t\t\t\t<tfoot>\n\t\t\t<\/tr>\t\t<\/tfoot>\n\t\t\t\t<tbody>\n\t\t\t<tr ><td class=\"pp-table-cell pp-table-cell-2363fc5\"><span class=\"pp-table-cell-content\"><span class=\"pp-table-cell-text\">Free legal consultancy<\/span><\/span><\/td><td class=\"pp-table-cell pp-table-cell-2e3e598\"><span class=\"pp-table-cell-content\"><span class=\"pp-table-cell-text\">3 - 10 days<\/span><\/span><\/td><td class=\"pp-table-cell pp-table-cell-fdc4f9e\"><span class=\"pp-table-cell-content\"><span class=\"pp-table-cell-text\">Free<\/span><\/span><\/td><\/tr><tr ><td class=\"pp-table-cell pp-table-cell-d3ac2a6\"><span class=\"pp-table-cell-content\"><span class=\"pp-table-cell-text\">Legal advice for a fee<\/span><\/span><\/td><td class=\"pp-table-cell pp-table-cell-37183f2\"><span class=\"pp-table-cell-content\"><span class=\"pp-table-cell-text\">3 - 7 days<\/span><\/span><\/td><td class=\"pp-table-cell pp-table-cell-32aea5a\"><span class=\"pp-table-cell-content\"><span class=\"pp-table-cell-text\">Depends on the specific case<\/span><\/span><\/td><\/tr><tr ><\/tr><tr ><td class=\"pp-table-cell pp-table-cell-d9e0110\"><span class=\"pp-table-cell-content\"><span class=\"pp-table-cell-text\">Direct legal consultancy<\/span><\/span><\/td><td class=\"pp-table-cell pp-table-cell-c590fd5\"><span class=\"pp-table-cell-content\"><span class=\"pp-table-cell-text\">  <\/span><\/span><\/td><td class=\"pp-table-cell pp-table-cell-b7d9c61\"><span class=\"pp-table-cell-content\"><span class=\"pp-table-cell-text\">Lawyer: <\/BR>\n3.000.000 \u0111<\/BR>\nSenior consultant: direct contact<\/span><\/span><\/td><\/tr><tr ><td class=\"pp-table-cell pp-table-cell-f4b7205\"><span class=\"pp-table-cell-content\"><span class=\"pp-table-cell-text\">Legal training<\/span><\/span><\/td><td class=\"pp-table-cell pp-table-cell-77e2bac\"><span class=\"pp-table-cell-content\"><span class=\"pp-table-cell-text\">  <\/span><\/span><\/td><td class=\"pp-table-cell pp-table-cell-865fe20\"><span class=\"pp-table-cell-content\"><span class=\"pp-table-cell-text\">CONTACT US<\/span><\/span><\/td><\/tr><tr ><td class=\"pp-table-cell pp-table-cell-c034be3\"><span class=\"pp-table-cell-content\"><span class=\"pp-table-cell-text\">Regular legal advice for individuals\/households<\/span><\/span><\/td><td class=\"pp-table-cell pp-table-cell-5c34f38\"><span class=\"pp-table-cell-content\"><span class=\"pp-table-cell-text\">    <\/span><\/span><\/td><td class=\"pp-table-cell pp-table-cell-471547b\"><span class=\"pp-table-cell-content\"><span class=\"pp-table-cell-text\">CONTACT US<\/span><\/span><\/td><\/tr><tr ><td class=\"pp-table-cell pp-table-cell-2daf6f3\"><span class=\"pp-table-cell-content\"><span class=\"pp-table-cell-text\">Regular legal advice for businesses<\/span><\/span><\/td><td class=\"pp-table-cell pp-table-cell-cd790d2\"><span class=\"pp-table-cell-content\"><span class=\"pp-table-cell-text\">   <\/span><\/span><\/td><td class=\"pp-table-cell pp-table-cell-e9bc7bc\"><span class=\"pp-table-cell-content\"><span class=\"pp-table-cell-text\">CONTACT US<\/span><\/span><\/td><\/tr>\t\t<\/tbody>\n\t\t\t\t\t<\/table>\n\t\t<\/div>\n\t\t\t\t<\/div>\n\t\t\t\t<\/div>\n\t\t\t\t<div class=\"elementor-element elementor-element-4475881b elementor-widget elementor-widget-heading\" data-id=\"4475881b\" data-element_type=\"widget\" data-widget_type=\"heading.default\">\n\t\t\t\t<div class=\"elementor-widget-container\">\n\t\t\t<h2 class=\"elementor-heading-title elementor-size-default\"><a href=\"https:\/\/medlaw.vn\/en\/dich-vu\/\">TO KNOW MORE ABOUT SERVICES <br>PLEASE VISIT <span style=\"color:#A60000\">SERVICES<\/span><\/a><\/h2>\t\t<\/div>\n\t\t\t\t<\/div>\n\t\t\t\t\t\t<\/div>\n\t\t\t<\/div>\n\t\t<\/div>\n\t\t\t\t<div class=\"elementor-element elementor-element-1fbfe598 elementor-column elementor-col-50 elementor-top-column\" data-id=\"1fbfe598\" data-element_type=\"column\" data-settings=\"{&quot;background_background&quot;:&quot;classic&quot;}\">\n\t\t\t<div class=\"elementor-column-wrap  elementor-element-populated\">\n\t\t\t\t\t<div class=\"elementor-widget-wrap\">\n\t\t\t\t<div class=\"elementor-element elementor-element-24075f88 elementor-widget elementor-widget-heading\" data-id=\"24075f88\" data-element_type=\"widget\" data-widget_type=\"heading.default\">\n\t\t\t\t<div class=\"elementor-widget-container\">\n\t\t\t<h2 class=\"elementor-heading-title elementor-size-default\">FREE LEGAL CONSULTANCY<\/h2>\t\t<\/div>\n\t\t\t\t<\/div>\n\t\t\t\t<div class=\"elementor-element elementor-element-2d61f5be elementor-button-align-center elementor-widget elementor-widget-form\" data-id=\"2d61f5be\" data-element_type=\"widget\" data-settings=\"{&quot;step_next_label&quot;:&quot;Next&quot;,&quot;step_previous_label&quot;:&quot;Previous&quot;,&quot;button_width&quot;:&quot;100&quot;,&quot;step_type&quot;:&quot;number_text&quot;,&quot;step_icon_shape&quot;:&quot;circle&quot;}\" data-widget_type=\"form.default\">\n\t\t\t\t<div class=\"elementor-widget-container\">\n\t\t\t\t\t<form class=\"elementor-form\" method=\"post\" name=\"New Form\" action=\"\">\n\t\t\t<input type=\"hidden\" name=\"post_id\" value=\"2188\"\/>\n\t\t\t<input type=\"hidden\" name=\"form_id\" value=\"2d61f5be\"\/>\n\n\t\t\t\n\t\t\t<div class=\"elementor-form-fields-wrapper elementor-labels-\">\n\t\t\t\t\t\t\t\t<div class=\"elementor-field-type-text elementor-field-group elementor-column elementor-field-group-name elementor-col-100\">\n\t\t\t\t\t<input size=\"1\" type=\"text\" name=\"form_fields[name]\" id=\"form-field-name\" class=\"elementor-field elementor-size-sm  elementor-field-textual\" placeholder=\"Full name\">\t\t\t\t<\/div>\n\t\t\t\t\t\t\t\t<div class=\"elementor-field-type-email elementor-field-group elementor-column elementor-field-group-email elementor-col-100 elementor-field-required\">\n\t\t\t\t\t<label for=\"form-field-email\" class=\"elementor-field-label elementor-screen-only\">Email<\/label><input size=\"1\" type=\"email\" name=\"form_fields[email]\" id=\"form-field-email\" class=\"elementor-field elementor-size-sm  elementor-field-textual\" placeholder=\"Email\" required=\"required\" aria-required=\"true\">\t\t\t\t<\/div>\n\t\t\t\t\t\t\t\t<div class=\"elementor-field-type-tel elementor-field-group elementor-column elementor-field-group-tel elementor-col-100\">\n\t\t\t\t\t<input size=\"1\" type=\"tel\" name=\"form_fields[tel]\" id=\"form-field-tel\" class=\"elementor-field elementor-size-sm  elementor-field-textual\" placeholder=\"Phone number\" pattern=\"[0-9()#&amp;+*-=.]+\" title=\"Only numbers and phone characters (#, -, *, etc) are accepted.\">\t\t\t\t<\/div>\n\t\t\t\t\t\t\t\t<div class=\"elementor-field-type-textarea elementor-field-group elementor-column elementor-field-group-message elementor-col-100\">\n\t\t\t\t\t<label for=\"form-field-message\" class=\"elementor-field-label elementor-screen-only\">Message<\/label><textarea class=\"elementor-field-textual elementor-field  elementor-size-sm\" name=\"form_fields[message]\" id=\"form-field-message\" rows=\"4\" placeholder=\"Message\"><\/textarea>\t\t\t\t<\/div>\n\t\t\t\t\t\t\t\t<div class=\"elementor-field-group elementor-column elementor-field-type-submit elementor-col-100 e-form__buttons\">\n\t\t\t\t\t<button type=\"submit\" class=\"elementor-button elementor-size-sm\">\n\t\t\t\t\t\t<span >\n\t\t\t\t\t\t\t\t\t\t\t\t\t\t\t<span class=\"elementor-button-icon\">\n\t\t\t\t\t\t\t\t\t\t\t\t\t\t\t\t\t\t\t\t\t\t\t\t\t\t<\/span>\n\t\t\t\t\t\t\t\t\t\t\t\t\t\t\t\t\t\t\t\t\t\t<span class=\"elementor-button-text\">SEND<\/span>\n\t\t\t\t\t\t\t\t\t\t\t\t\t<\/span>\n\t\t\t\t\t<\/button>\n\t\t\t\t<\/div>\n\t\t\t<\/div>\n\t\t<input type=\"hidden\" name=\"trp-form-language\" value=\"en\"\/><\/form>\n\t\t\t\t<\/div>\n\t\t\t\t<\/div>\n\t\t\t\t\t\t<\/div>\n\t\t\t<\/div>\n\t\t<\/div>\n\t\t\t\t\t\t<\/div>\n\t\t\t<\/div>\n\t\t<\/section>\n\t\t\t\t\t\t<\/div>\n\t\t\t<\/div>\n\t\t<\/div>","protected":false},"excerpt":{"rendered":"<p>kh\u00e1ch h\u00e0ng doanh nghi\u1ec7p doanh nghi\u1ec7p trong l\u0129nh v\u1ef1c y t\u1ebf Trong nh\u1eefng n\u0103m g\u1ea7n \u0111\u00e2y, ng\u00e0nh y t\u1ebf Vi\u1ec7t \u0111ang \u0111\u1ee9ng tr\u01b0\u1edbc t\u00ecnh tr\u1ea1ng qu\u00e1 t\u1ea3i, ch\u1ea5t l\u01b0\u1ee3ng kh\u00e1m ch\u1eefa b\u1ec7nh kh\u00f4ng \u0111\u00e1p \u1ee9ng k\u1ecbp nhu c\u1ea7u c\u1ee7a ng\u01b0\u1eddi d\u00e2n. B\u00ean c\u1ea1nh \u0111\u00f3 nhu c\u1ea7u v\u1ec1 d\u1ecbch v\u1ee5 y t\u1ebf, ch\u0103m s\u00f3c s\u1ee9c kh\u1ecfe&#8230;<\/p>","protected":false},"author":1,"featured_media":0,"parent":0,"menu_order":0,"comment_status":"closed","ping_status":"closed","template":"","meta":[],"_links":{"self":[{"href":"https:\/\/medlaw.vn\/en\/wp-json\/wp\/v2\/pages\/2188"}],"collection":[{"href":"https:\/\/medlaw.vn\/en\/wp-json\/wp\/v2\/pages"}],"about":[{"href":"https:\/\/medlaw.vn\/en\/wp-json\/wp\/v2\/types\/page"}],"author":[{"embeddable":true,"href":"https:\/\/medlaw.vn\/en\/wp-json\/wp\/v2\/users\/1"}],"replies":[{"embeddable":true,"href":"https:\/\/medlaw.vn\/en\/wp-json\/wp\/v2\/comments?post=2188"}],"version-history":[{"count":13,"href":"https:\/\/medlaw.vn\/en\/wp-json\/wp\/v2\/pages\/2188\/revisions"}],"predecessor-version":[{"id":4828,"href":"https:\/\/medlaw.vn\/en\/wp-json\/wp\/v2\/pages\/2188\/revisions\/4828"}],"wp:attachment":[{"href":"https:\/\/medlaw.vn\/en\/wp-json\/wp\/v2\/media?parent=2188"}],"curies":[{"name":"wp","href":"https:\/\/api.w.org\/{rel}","templated":true}]}}