{"id":2171,"date":"2021-01-27T04:49:52","date_gmt":"2021-01-27T04:49:52","guid":{"rendered":"http:\/\/medlaw.vn\/?page_id=2171"},"modified":"2022-07-15T10:01:37","modified_gmt":"2022-07-15T03:01:37","slug":"ca-nhan-co-giao-dich-trong-linh-vuc-kinh-te","status":"publish","type":"page","link":"https:\/\/medlaw.vn\/en\/ca-nhan-co-giao-dich-trong-linh-vuc-kinh-te\/","title":{"rendered":"C\u00e1 nh\u00e2n c\u00f3 giao d\u1ecbch trong l\u0129nh v\u1ef1c kinh t\u1ebf"},"content":{"rendered":"<div data-elementor-type=\"wp-page\" data-elementor-id=\"2171\" class=\"elementor elementor-2171\" data-elementor-settings=\"[]\">\n\t\t\t<div class=\"elementor-inner\">\n\t\t\t\t<div class=\"elementor-section-wrap\">\n\t\t\t\t\t\t\t<section class=\"elementor-element elementor-element-26f0df74 elementor-section-stretched elementor-section-height-min-height elementor-section-boxed elementor-section-height-default elementor-section-items-middle elementor-section elementor-top-section\" data-id=\"26f0df74\" data-element_type=\"section\" data-settings=\"{&quot;stretch_section&quot;:&quot;section-stretched&quot;,&quot;background_background&quot;:&quot;classic&quot;}\">\n\t\t\t\t\t\t<div class=\"elementor-container elementor-column-gap-no\">\n\t\t\t\t<div class=\"elementor-row\">\n\t\t\t\t<div class=\"elementor-element elementor-element-4044bab9 elementor-column elementor-col-100 elementor-top-column\" data-id=\"4044bab9\" data-element_type=\"column\">\n\t\t\t<div class=\"elementor-column-wrap  elementor-element-populated\">\n\t\t\t\t\t<div class=\"elementor-widget-wrap\">\n\t\t\t\t<div class=\"elementor-element elementor-element-2101804b dividemm elementor-widget elementor-widget-divider\" data-id=\"2101804b\" data-element_type=\"widget\" data-widget_type=\"divider.default\">\n\t\t\t\t<div class=\"elementor-widget-container\">\n\t\t\t\t\t<div class=\"elementor-divider\">\n\t\t\t<span class=\"elementor-divider-separator\">\n\t\t\t\t\t\t<\/span>\n\t\t<\/div>\n\t\t\t\t<\/div>\n\t\t\t\t<\/div>\n\t\t\t\t<div class=\"elementor-element elementor-element-6540d848 animated-fast elementor-invisible elementor-widget elementor-widget-heading\" data-id=\"6540d848\" data-element_type=\"widget\" data-settings=\"{&quot;_animation&quot;:&quot;fadeInDown&quot;}\" data-widget_type=\"heading.default\">\n\t\t\t\t<div class=\"elementor-widget-container\">\n\t\t\t<h2 class=\"elementor-heading-title elementor-size-default\">Personal customers<\/h2>\t\t<\/div>\n\t\t\t\t<\/div>\n\t\t\t\t<div class=\"elementor-element elementor-element-7e333232 elementor-widget elementor-widget-text-editor\" data-id=\"7e333232\" data-element_type=\"widget\" data-widget_type=\"text-editor.default\">\n\t\t\t\t<div class=\"elementor-widget-container\">\n\t\t\t\t\t<div class=\"elementor-text-editor elementor-clearfix\"><p>Individuals having transactions in Economics<\/p><\/div>\n\t\t\t\t<\/div>\n\t\t\t\t<\/div>\n\t\t\t\t\t\t<\/div>\n\t\t\t<\/div>\n\t\t<\/div>\n\t\t\t\t\t\t<\/div>\n\t\t\t<\/div>\n\t\t<\/section>\n\t\t\t\t<section class=\"elementor-element elementor-element-4e5ad6e2 elementor-section-boxed elementor-section-height-default elementor-section-height-default elementor-section elementor-top-section\" data-id=\"4e5ad6e2\" data-element_type=\"section\">\n\t\t\t\t\t\t<div class=\"elementor-container elementor-column-gap-default\">\n\t\t\t\t<div class=\"elementor-row\">\n\t\t\t\t<div class=\"elementor-element elementor-element-31955441 elementor-column elementor-col-100 elementor-top-column\" data-id=\"31955441\" data-element_type=\"column\">\n\t\t\t<div class=\"elementor-column-wrap  elementor-element-populated\">\n\t\t\t\t\t<div class=\"elementor-widget-wrap\">\n\t\t\t\t<div class=\"elementor-element elementor-element-1973e0bc elementor-widget elementor-widget-text-editor\" data-id=\"1973e0bc\" data-element_type=\"widget\" data-widget_type=\"text-editor.default\">\n\t\t\t\t<div class=\"elementor-widget-container\">\n\t\t\t\t\t<div class=\"elementor-text-editor elementor-clearfix\"><p dir=\"ltr\" style=\"line-height:1.38;text-align: justify;margin-top:0pt;margin-bottom:0pt;\"><span style=\"font-size:13.999999999999998pt;font-family:'Times New Roman';color:#000000;background-color:transparent;font-weight:400;font-style:normal;font-variant:normal;text-decoration:none;vertical-align:baseline;white-space:pre;white-space:pre-wrap;\">Along with the economic growth, transactions in economics are being developed in various of forms, especially commodity transactions. Commodity transactions include different subjects, not only trading existential goods but also goods that will appear on market. This results in rules of agreements between parties to avoid legal risk. However, even if the transactions have been formed legally between parties, disputes about formality, capability, rights and obligations of the parties during process of executing contract are inevitable.<\/span><\/p>\n<p dir=\"ltr\" style=\"line-height:1.38;text-align: justify;margin-top:0pt;margin-bottom:0pt;\"><span style=\"font-size:13.999999999999998pt;font-family:'Times New Roman';color:#000000;background-color:transparent;font-weight:400;font-style:normal;font-variant:normal;text-decoration:none;vertical-align:baseline;white-space:pre;white-space:pre-wrap;\">With thorough understanding all the concerns above, MEDLAW always puts effort in bringing the optimal solution in protecting legal rights of clients in process of commodity transactions.&nbsp;<\/span><\/p>\n<p><\/p>\n<p dir=\"ltr\" style=\"line-height:1.38;text-align: justify;margin-top:0pt;margin-bottom:0pt;\"><span style=\"font-size:13.999999999999998pt;font-family:'Times New Roman';color:#000000;background-color:transparent;font-weight:700;font-style:normal;font-variant:normal;text-decoration:none;vertical-align:baseline;white-space:pre;white-space:pre-wrap;\">WHO WE SERVE<\/span><\/p>\n<p dir=\"ltr\" style=\"line-height:1.38;text-align: justify;margin-top:0pt;margin-bottom:0pt;\"><span style=\"font-size:13.999999999999998pt;font-family:'Times New Roman';color:#000000;background-color:transparent;font-weight:400;font-style:normal;font-variant:normal;text-decoration:none;vertical-align:baseline;white-space:pre;white-space:pre-wrap;\">Transactions in economics (Economic transaction for shortage) could be seen as commodity transaction, service, income of  employees, income of investment, one-way temporary transference, one-way capital transference, capital transference into Vietnam, capital transference abroad in direct investment field, investment in valuable papers, foreign loan payment, foreign loan and loan withdrawal, other forms of investment and other transactions under Vietnamese Law that increase or decrease the current assets or the loan asset between resident and non-resident; therefore, clients that we serve unlimitedly include:<\/span><\/p>\n<p dir=\"ltr\" style=\"line-height:1.38;margin-left: 28.346456692913378pt;text-align: justify;margin-top:0pt;margin-bottom:0pt;\"><span style=\"font-size:13.999999999999998pt;font-family:'Times New Roman';color:#000000;background-color:transparent;font-weight:400;font-style:normal;font-variant:normal;text-decoration:none;vertical-align:baseline;white-space:pre;white-space:pre-wrap;\">\u21f4 Domestic businessman and Foreign businessman;<\/span><\/p>\n<p dir=\"ltr\" style=\"line-height:1.38;margin-left: 28.346456692913378pt;text-align: justify;margin-top:0pt;margin-bottom:0pt;\"><span style=\"font-size:13.999999999999998pt;font-family:'Times New Roman';color:#000000;background-color:transparent;font-weight:400;font-style:normal;font-variant:normal;text-decoration:none;vertical-align:baseline;white-space:pre;white-space:pre-wrap;\">\u21f4 Employee;<\/span><\/p>\n<p dir=\"ltr\" style=\"line-height:1.38;margin-left: 28.346456692913378pt;text-align: justify;margin-top:0pt;margin-bottom:0pt;\"><span style=\"font-size:13.999999999999998pt;font-family:'Times New Roman';color:#000000;background-color:transparent;font-weight:400;font-style:normal;font-variant:normal;text-decoration:none;vertical-align:baseline;white-space:pre;white-space:pre-wrap;\">\u21f4 Enterprise manager;<\/span><\/p>\n<p dir=\"ltr\" style=\"line-height:1.38;margin-left: 28.346456692913378pt;text-align: justify;margin-top:0pt;margin-bottom:0pt;\"><span style=\"font-size:13.999999999999998pt;font-family:'Times New Roman';color:#000000;background-color:transparent;font-weight:400;font-style:normal;font-variant:normal;text-decoration:none;vertical-align:baseline;white-space:pre;white-space:pre-wrap;\">\u21f4 Shareholder, Limited partner;<\/span><\/p>\n<p dir=\"ltr\" style=\"line-height:1.38;margin-left: 28.346456692913378pt;text-align: justify;margin-top:0pt;margin-bottom:0pt;\"><span style=\"font-size:13.999999999999998pt;font-family:'Times New Roman';color:#000000;background-color:transparent;font-weight:400;font-style:normal;font-variant:normal;text-decoration:none;vertical-align:baseline;white-space:pre;white-space:pre-wrap;\">\u21f4 \u2026\u2026;<\/span><\/p>\n<p><\/p>\n<p dir=\"ltr\" style=\"line-height:1.38;text-align: justify;margin-top:0pt;margin-bottom:0pt;\"><span style=\"font-size:13.999999999999998pt;font-family:'Times New Roman';color:#000000;background-color:transparent;font-weight:700;font-style:normal;font-variant:normal;text-decoration:none;vertical-align:baseline;white-space:pre;white-space:pre-wrap;\">Legal services supplied by MEDLAW:<\/span><\/p>\n<p dir=\"ltr\" style=\"line-height:1.38;text-align: justify;margin-top:0pt;margin-bottom:0pt;\"><span style=\"font-size:13.999999999999998pt;font-family:'Times New Roman';color:#000000;background-color:transparent;font-weight:400;font-style:normal;font-variant:normal;text-decoration:none;vertical-align:baseline;white-space:pre;white-space:pre-wrap;\">Along with the professionalism of the Lawyers that gain long-term experiences in Economics and also, the enthusiasm of the staffs, MEDLAW always puts our heart into supplying the best service that we have for clients when entering into Economic transactions. You can refer these following services that we serve, unlimitedly include:<\/span><\/p>\n<p dir=\"ltr\" style=\"line-height:1.38;margin-left: 28.346456692913378pt;text-align: justify;margin-top:0pt;margin-bottom:0pt;\"><span style=\"font-size:13.999999999999998pt;font-family:'Times New Roman';color:#000000;background-color:transparent;font-weight:400;font-style:normal;font-variant:normal;text-decoration:none;vertical-align:baseline;white-space:pre;white-space:pre-wrap;\">\u21f4 Drafting contract and advising client in economic transaction;<\/span><\/p>\n<p dir=\"ltr\" style=\"line-height:1.38;margin-left: 28.346456692913378pt;text-align: justify;margin-top:0pt;margin-bottom:0pt;\"><span style=\"font-size:13.999999999999998pt;font-family:'Times New Roman';color:#000000;background-color:transparent;font-weight:400;font-style:normal;font-variant:normal;text-decoration:none;vertical-align:baseline;white-space:pre;white-space:pre-wrap;\">\u21f4 Authorized representing for client in request;<\/span><\/p>\n<p dir=\"ltr\" style=\"line-height:1.38;margin-left: 28.346456692913378pt;text-align: justify;margin-top:0pt;margin-bottom:0pt;\"><span style=\"font-size:13.999999999999998pt;font-family:'Times New Roman';color:#000000;background-color:transparent;font-weight:400;font-style:normal;font-variant:normal;text-decoration:none;vertical-align:baseline;white-space:pre;white-space:pre-wrap;\">\u21f4 Advising for client's concern in economic transaction;<\/span><\/p>\n<p dir=\"ltr\" style=\"line-height:1.38;margin-left: 28.346456692913378pt;text-align: justify;margin-top:0pt;margin-bottom:0pt;\"><span style=\"font-size:13.999999999999998pt;font-family:'Times New Roman';color:#000000;background-color:transparent;font-weight:400;font-style:normal;font-variant:normal;text-decoration:none;vertical-align:baseline;white-space:pre;white-space:pre-wrap;\">\u21f4 Participating in negotiating, advising on momentous transaction of client;<br><\/span><span style=\"background-color: transparent; color: rgb(0, 0, 0); font-family: &quot;Times New Roman&quot;; font-size: 14pt; font-style: normal; font-weight: 400; white-space: pre-wrap;\">\u21f4 \u2026\u2026;<\/span><\/p>\n<ul>\n<\/ul><\/div>\n\t\t\t\t<\/div>\n\t\t\t\t<\/div>\n\t\t\t\t\t\t<\/div>\n\t\t\t<\/div>\n\t\t<\/div>\n\t\t\t\t\t\t<\/div>\n\t\t\t<\/div>\n\t\t<\/section>\n\t\t\t\t<section class=\"elementor-element elementor-element-353bd86e elementor-section-boxed elementor-section-height-default elementor-section-height-default elementor-section elementor-top-section\" data-id=\"353bd86e\" data-element_type=\"section\" data-settings=\"{&quot;background_background&quot;:&quot;classic&quot;}\">\n\t\t\t\t\t\t<div class=\"elementor-container elementor-column-gap-default\">\n\t\t\t\t<div class=\"elementor-row\">\n\t\t\t\t<div class=\"elementor-element elementor-element-5dbf2568 elementor-column elementor-col-50 elementor-top-column\" data-id=\"5dbf2568\" data-element_type=\"column\" data-settings=\"{&quot;background_background&quot;:&quot;classic&quot;}\">\n\t\t\t<div class=\"elementor-column-wrap  elementor-element-populated\">\n\t\t\t\t\t\t\t<div class=\"elementor-background-overlay\"><\/div>\n\t\t\t\t\t<div class=\"elementor-widget-wrap\">\n\t\t\t\t<div class=\"elementor-element elementor-element-144ae2b4 elementor-widget elementor-widget-pp-modal-popup\" data-id=\"144ae2b4\" data-element_type=\"widget\" id=\"buttonhoadon\" data-settings=\"{&quot;layout_type&quot;:&quot;standard&quot;,&quot;trigger&quot;:&quot;on-click&quot;,&quot;prevent_scroll&quot;:&quot;yes&quot;,&quot;close_button&quot;:&quot;yes&quot;,&quot;esc_exit&quot;:&quot;yes&quot;,&quot;click_exit&quot;:&quot;yes&quot;,&quot;popup_animation_in&quot;:&quot;mfp-zoom-in&quot;,&quot;overlay_switch&quot;:&quot;yes&quot;,&quot;close_button_position&quot;:&quot;win-top-right&quot;}\" data-widget_type=\"pp-modal-popup.default\">\n\t\t\t\t<div class=\"elementor-widget-container\">\n\t\t\t\t\t<div id=\"pp-modal-popup-wrap-144ae2b4\" class=\"pp-modal-popup-wrap\">\n\t\t\t<div class=\"pp-modal-popup\" data-type=\"inline\" data-src=\"#pp-modal-popup-window-144ae2b4\" data-trigger-element=\".pp-modal-popup-link-144ae2b4\">\n\t\t\t\t<span class=\"pp-modal-popup-button pp-modal-popup-link pp-modal-popup-link-144ae2b4 elementor-button elementor-size-md\"><span >Click Here<\/span><\/span>\t\t\t<\/div>\n\t\t<\/div>\n\t\t<div class=\"pp-modal-popup-window pp-modal-popup-window-144ae2b4\" id=\"pp-modal-popup-window-144ae2b4\">\n\t\t\t\t\t\t\t<div class=\"pp-popup-content\" id=\"pp-popup-content\"><p><strong>Account information:<\/strong><\/p>\n<p>Account name: MEDLAW LAW CO., LTD <br \/>Account No.: 101214851034541 <br \/>Bank: Vietnam Import-Export Trading Joint Stock Company - District 10 Branch (Eximbank Dist.10 Branch) <br \/>The transfer content clearly states: Customer service choose + Full name + Phone number<\/p>\n<p>MEDLAW is honored to be your companion!<\/p>\n<\/div>\t\t<\/div>\n\t\t\t\t<\/div>\n\t\t\t\t<\/div>\n\t\t\t\t<div class=\"elementor-element elementor-element-fd7e8f4 elementor-widget elementor-widget-global elementor-global-2414 elementor-widget-pp-table\" data-id=\"fd7e8f4\" data-element_type=\"widget\" data-settings=\"{&quot;table_type&quot;:&quot;normal&quot;}\" data-widget_type=\"pp-table.default\">\n\t\t\t\t<div class=\"elementor-widget-container\">\n\t\t\t\t\t<div class=\"pp-table-container\">\n\t\t\t<table class=\"pp-table tablesaw\">\n\t\t\t\t\t\t\t<colgroup>\n\t\t\t\t\t\t\t\t<col\n\t\t\t\t\tspan=\"1\"\n\t\t\t\t\tclass=\"elementor-repeater-item-ce2ba52\"\n\t\t\t\t\t\t\t\t\t\t\tstyle=\"\t\t\t\t\t\t\t\t\t\t\t\t\t\t\t\t\t\t\t\twidth:33%\t\t\t\t\t\t\t\t\t\t\t\t\"\n\t\t\t\t\t\t\t\t\t\t>\n\t\t\t\t\t\t\t\t<col\n\t\t\t\t\tspan=\"2\"\n\t\t\t\t\tclass=\"elementor-repeater-item-426fa06\"\n\t\t\t\t\t\t\t\t\t\t\tstyle=\"\t\t\t\t\t\t\t\t\t\t\t\t\t\t\t\t\t\t\t\twidth:33%\t\t\t\t\t\t\t\t\t\t\t\t\"\n\t\t\t\t\t\t\t\t\t\t>\n\t\t\t\t\t\t\t<\/colgroup>\n\t\t\t\t\t<thead>\n\t\t\t<tr class=\"pp-table-row\">\n\t\t\t\t<th class=\"pp-table-cell pp-table-cell-4d30e9c\"><span class=\"pp-table-cell-content\"><span class=\"pp-table-cell-text\">FEE<\/span><\/span><\/th><th class=\"pp-table-cell pp-table-cell-77f851c\"><span class=\"pp-table-cell-content\"><span class=\"pp-table-cell-text\">FEE<\/span><\/span><\/th>\t\t\t<\/tr>\n\t\t<\/thead>\n\t\t\t\t<tfoot>\n\t\t\t<\/tr>\t\t<\/tfoot>\n\t\t\t\t<tbody>\n\t\t\t<tr ><td class=\"pp-table-cell pp-table-cell-2363fc5\"><span class=\"pp-table-cell-content\"><span class=\"pp-table-cell-text\">Free legal consultancy<\/span><\/span><\/td><td class=\"pp-table-cell pp-table-cell-2e3e598\"><span class=\"pp-table-cell-content\"><span class=\"pp-table-cell-text\">3 - 10 days<\/span><\/span><\/td><td class=\"pp-table-cell pp-table-cell-fdc4f9e\"><span class=\"pp-table-cell-content\"><span class=\"pp-table-cell-text\">Free<\/span><\/span><\/td><\/tr><tr ><td class=\"pp-table-cell pp-table-cell-d3ac2a6\"><span class=\"pp-table-cell-content\"><span class=\"pp-table-cell-text\">Legal advice for a fee<\/span><\/span><\/td><td class=\"pp-table-cell pp-table-cell-37183f2\"><span class=\"pp-table-cell-content\"><span class=\"pp-table-cell-text\">3 - 7 days<\/span><\/span><\/td><td class=\"pp-table-cell pp-table-cell-32aea5a\"><span class=\"pp-table-cell-content\"><span class=\"pp-table-cell-text\">Depends on the specific case<\/span><\/span><\/td><\/tr><tr ><\/tr><tr ><td class=\"pp-table-cell pp-table-cell-d9e0110\"><span class=\"pp-table-cell-content\"><span class=\"pp-table-cell-text\">Direct legal consultancy<\/span><\/span><\/td><td class=\"pp-table-cell pp-table-cell-c590fd5\"><span class=\"pp-table-cell-content\"><span class=\"pp-table-cell-text\">  <\/span><\/span><\/td><td class=\"pp-table-cell pp-table-cell-b7d9c61\"><span class=\"pp-table-cell-content\"><span class=\"pp-table-cell-text\">Lawyer: <\/BR>\n3.000.000 \u0111<\/BR>\nSenior consultant: direct contact<\/span><\/span><\/td><\/tr><tr ><td class=\"pp-table-cell pp-table-cell-f4b7205\"><span class=\"pp-table-cell-content\"><span class=\"pp-table-cell-text\">Legal training<\/span><\/span><\/td><td class=\"pp-table-cell pp-table-cell-77e2bac\"><span class=\"pp-table-cell-content\"><span class=\"pp-table-cell-text\">  <\/span><\/span><\/td><td class=\"pp-table-cell pp-table-cell-865fe20\"><span class=\"pp-table-cell-content\"><span class=\"pp-table-cell-text\">CONTACT US<\/span><\/span><\/td><\/tr><tr ><td class=\"pp-table-cell pp-table-cell-c034be3\"><span class=\"pp-table-cell-content\"><span class=\"pp-table-cell-text\">Regular legal advice for individuals\/households<\/span><\/span><\/td><td class=\"pp-table-cell pp-table-cell-5c34f38\"><span class=\"pp-table-cell-content\"><span class=\"pp-table-cell-text\">    <\/span><\/span><\/td><td class=\"pp-table-cell pp-table-cell-471547b\"><span class=\"pp-table-cell-content\"><span class=\"pp-table-cell-text\">CONTACT US<\/span><\/span><\/td><\/tr><tr ><td class=\"pp-table-cell pp-table-cell-2daf6f3\"><span class=\"pp-table-cell-content\"><span class=\"pp-table-cell-text\">Regular legal advice for businesses<\/span><\/span><\/td><td class=\"pp-table-cell pp-table-cell-cd790d2\"><span class=\"pp-table-cell-content\"><span class=\"pp-table-cell-text\">   <\/span><\/span><\/td><td class=\"pp-table-cell pp-table-cell-e9bc7bc\"><span class=\"pp-table-cell-content\"><span class=\"pp-table-cell-text\">CONTACT US<\/span><\/span><\/td><\/tr>\t\t<\/tbody>\n\t\t\t\t\t<\/table>\n\t\t<\/div>\n\t\t\t\t<\/div>\n\t\t\t\t<\/div>\n\t\t\t\t<div class=\"elementor-element elementor-element-34d84c22 elementor-widget elementor-widget-heading\" data-id=\"34d84c22\" data-element_type=\"widget\" data-widget_type=\"heading.default\">\n\t\t\t\t<div class=\"elementor-widget-container\">\n\t\t\t<h2 class=\"elementor-heading-title elementor-size-default\"><a href=\"https:\/\/medlaw.vn\/en\/dich-vu\/\">TO KNOW MORE ABOUT SERVICES\nPLEASE VISIT <span style=\"color:#A60000\">SERVICES<\/span><\/a><\/h2>\t\t<\/div>\n\t\t\t\t<\/div>\n\t\t\t\t\t\t<\/div>\n\t\t\t<\/div>\n\t\t<\/div>\n\t\t\t\t<div class=\"elementor-element elementor-element-281ff77 elementor-column elementor-col-50 elementor-top-column\" data-id=\"281ff77\" data-element_type=\"column\" data-settings=\"{&quot;background_background&quot;:&quot;classic&quot;}\">\n\t\t\t<div class=\"elementor-column-wrap  elementor-element-populated\">\n\t\t\t\t\t<div class=\"elementor-widget-wrap\">\n\t\t\t\t<div class=\"elementor-element elementor-element-7a07ebd5 elementor-widget elementor-widget-heading\" data-id=\"7a07ebd5\" data-element_type=\"widget\" data-widget_type=\"heading.default\">\n\t\t\t\t<div class=\"elementor-widget-container\">\n\t\t\t<h2 class=\"elementor-heading-title elementor-size-default\">FREE LEGAL CONSULTANCY<\/h2>\t\t<\/div>\n\t\t\t\t<\/div>\n\t\t\t\t<div class=\"elementor-element elementor-element-7e5d6923 elementor-button-align-center elementor-widget elementor-widget-form\" data-id=\"7e5d6923\" data-element_type=\"widget\" data-settings=\"{&quot;step_next_label&quot;:&quot;Next&quot;,&quot;step_previous_label&quot;:&quot;Previous&quot;,&quot;button_width&quot;:&quot;100&quot;,&quot;step_type&quot;:&quot;number_text&quot;,&quot;step_icon_shape&quot;:&quot;circle&quot;}\" data-widget_type=\"form.default\">\n\t\t\t\t<div class=\"elementor-widget-container\">\n\t\t\t\t\t<form class=\"elementor-form\" method=\"post\" name=\"New Form\" action=\"\">\n\t\t\t<input type=\"hidden\" name=\"post_id\" value=\"2171\"\/>\n\t\t\t<input type=\"hidden\" name=\"form_id\" value=\"7e5d6923\"\/>\n\n\t\t\t\n\t\t\t<div class=\"elementor-form-fields-wrapper elementor-labels-\">\n\t\t\t\t\t\t\t\t<div class=\"elementor-field-type-text elementor-field-group elementor-column elementor-field-group-name elementor-col-100\">\n\t\t\t\t\t<input size=\"1\" type=\"text\" name=\"form_fields[name]\" id=\"form-field-name\" class=\"elementor-field elementor-size-sm  elementor-field-textual\" placeholder=\"Full name\">\t\t\t\t<\/div>\n\t\t\t\t\t\t\t\t<div class=\"elementor-field-type-email elementor-field-group elementor-column elementor-field-group-email elementor-col-100 elementor-field-required\">\n\t\t\t\t\t<label for=\"form-field-email\" class=\"elementor-field-label elementor-screen-only\">Email<\/label><input size=\"1\" type=\"email\" name=\"form_fields[email]\" id=\"form-field-email\" class=\"elementor-field elementor-size-sm  elementor-field-textual\" placeholder=\"Email\" required=\"required\" aria-required=\"true\">\t\t\t\t<\/div>\n\t\t\t\t\t\t\t\t<div class=\"elementor-field-type-tel elementor-field-group elementor-column elementor-field-group-tel elementor-col-100\">\n\t\t\t\t\t<input size=\"1\" type=\"tel\" name=\"form_fields[tel]\" id=\"form-field-tel\" class=\"elementor-field elementor-size-sm  elementor-field-textual\" placeholder=\"Phone number\" pattern=\"[0-9()#&amp;+*-=.]+\" title=\"Only numbers and phone characters (#, -, *, etc) are accepted.\">\t\t\t\t<\/div>\n\t\t\t\t\t\t\t\t<div class=\"elementor-field-type-textarea elementor-field-group elementor-column elementor-field-group-message elementor-col-100\">\n\t\t\t\t\t<label for=\"form-field-message\" class=\"elementor-field-label elementor-screen-only\">Message<\/label><textarea class=\"elementor-field-textual elementor-field  elementor-size-sm\" name=\"form_fields[message]\" id=\"form-field-message\" rows=\"4\" placeholder=\"Message\"><\/textarea>\t\t\t\t<\/div>\n\t\t\t\t\t\t\t\t<div class=\"elementor-field-group elementor-column elementor-field-type-submit elementor-col-100 e-form__buttons\">\n\t\t\t\t\t<button type=\"submit\" class=\"elementor-button elementor-size-sm\">\n\t\t\t\t\t\t<span >\n\t\t\t\t\t\t\t\t\t\t\t\t\t\t\t<span class=\"elementor-button-icon\">\n\t\t\t\t\t\t\t\t\t\t\t\t\t\t\t\t\t\t\t\t\t\t\t\t\t\t<\/span>\n\t\t\t\t\t\t\t\t\t\t\t\t\t\t\t\t\t\t\t\t\t\t<span class=\"elementor-button-text\">SEND<\/span>\n\t\t\t\t\t\t\t\t\t\t\t\t\t<\/span>\n\t\t\t\t\t<\/button>\n\t\t\t\t<\/div>\n\t\t\t<\/div>\n\t\t<input type=\"hidden\" name=\"trp-form-language\" value=\"en\"\/><\/form>\n\t\t\t\t<\/div>\n\t\t\t\t<\/div>\n\t\t\t\t\t\t<\/div>\n\t\t\t<\/div>\n\t\t<\/div>\n\t\t\t\t\t\t<\/div>\n\t\t\t<\/div>\n\t\t<\/section>\n\t\t\t\t\t\t<\/div>\n\t\t\t<\/div>\n\t\t<\/div>","protected":false},"excerpt":{"rendered":"<p>kh\u00e1ch h\u00e0ng c\u00e1 nh\u00e2n c\u00e1 nh\u00e2n c\u00f3 giao d\u1ecbch trong l\u0129nh v\u1ef1c kinh t\u1ebf C\u00f9ng v\u1edbi s\u1ef1 ph\u00e1t tri\u1ec3n c\u1ee7a n\u1ec1n kinh t\u1ebf \u0111ang t\u0103ng tr\u01b0\u1edfng m\u1ea1nh, giao d\u1ecbch trong l\u0129nh v\u1ef1c kinh t\u1ebf ng\u00e0y c\u00e0ng ph\u00e1t tri\u1ec3n \u0111a d\u1ea1ng. \u0110\u1eb7c bi\u1ec7t, l\u0129nh v\u1ef1c \u0111\u01b0\u1ee3c ph\u00e1t tri\u1ec3n m\u1ea1nh m\u1ebd nh\u1ea5t l\u00e0 c\u00e1c giao d\u1ecbch mua&#8230;<\/p>","protected":false},"author":1,"featured_media":0,"parent":0,"menu_order":0,"comment_status":"closed","ping_status":"closed","template":"","meta":[],"_links":{"self":[{"href":"https:\/\/medlaw.vn\/en\/wp-json\/wp\/v2\/pages\/2171"}],"collection":[{"href":"https:\/\/medlaw.vn\/en\/wp-json\/wp\/v2\/pages"}],"about":[{"href":"https:\/\/medlaw.vn\/en\/wp-json\/wp\/v2\/types\/page"}],"author":[{"embeddable":true,"href":"https:\/\/medlaw.vn\/en\/wp-json\/wp\/v2\/users\/1"}],"replies":[{"embeddable":true,"href":"https:\/\/medlaw.vn\/en\/wp-json\/wp\/v2\/comments?post=2171"}],"version-history":[{"count":16,"href":"https:\/\/medlaw.vn\/en\/wp-json\/wp\/v2\/pages\/2171\/revisions"}],"predecessor-version":[{"id":4825,"href":"https:\/\/medlaw.vn\/en\/wp-json\/wp\/v2\/pages\/2171\/revisions\/4825"}],"wp:attachment":[{"href":"https:\/\/medlaw.vn\/en\/wp-json\/wp\/v2\/media?parent=2171"}],"curies":[{"name":"wp","href":"https:\/\/api.w.org\/{rel}","templated":true}]}}