{"id":2160,"date":"2021-01-27T04:30:34","date_gmt":"2021-01-27T04:30:34","guid":{"rendered":"http:\/\/medlaw.vn\/?page_id=2160"},"modified":"2024-03-31T20:23:28","modified_gmt":"2024-03-31T13:23:28","slug":"tu-van-phap-luat-2","status":"publish","type":"page","link":"https:\/\/medlaw.vn\/en\/tu-van-phap-luat-2\/","title":{"rendered":"Free legal"},"content":{"rendered":"<div data-elementor-type=\"wp-page\" data-elementor-id=\"2160\" class=\"elementor elementor-2160\" data-elementor-settings=\"[]\">\n\t\t\t<div class=\"elementor-inner\">\n\t\t\t\t<div class=\"elementor-section-wrap\">\n\t\t\t\t\t\t\t<section class=\"elementor-element elementor-element-3a686f71 elementor-section-stretched elementor-section-height-min-height elementor-section-boxed elementor-section-height-default elementor-section-items-middle elementor-section elementor-top-section\" data-id=\"3a686f71\" data-element_type=\"section\" data-settings=\"{&quot;stretch_section&quot;:&quot;section-stretched&quot;,&quot;background_background&quot;:&quot;classic&quot;}\">\n\t\t\t\t\t\t<div class=\"elementor-container elementor-column-gap-no\">\n\t\t\t\t<div class=\"elementor-row\">\n\t\t\t\t<div class=\"elementor-element elementor-element-597c605d elementor-column elementor-col-100 elementor-top-column\" data-id=\"597c605d\" data-element_type=\"column\">\n\t\t\t<div class=\"elementor-column-wrap  elementor-element-populated\">\n\t\t\t\t\t<div class=\"elementor-widget-wrap\">\n\t\t\t\t<div class=\"elementor-element elementor-element-60752e1 dividemm elementor-widget elementor-widget-divider\" data-id=\"60752e1\" data-element_type=\"widget\" data-widget_type=\"divider.default\">\n\t\t\t\t<div class=\"elementor-widget-container\">\n\t\t\t\t\t<div class=\"elementor-divider\">\n\t\t\t<span class=\"elementor-divider-separator\">\n\t\t\t\t\t\t<\/span>\n\t\t<\/div>\n\t\t\t\t<\/div>\n\t\t\t\t<\/div>\n\t\t\t\t<div class=\"elementor-element elementor-element-3244aef1 animated-fast elementor-invisible elementor-widget elementor-widget-heading\" data-id=\"3244aef1\" data-element_type=\"widget\" data-settings=\"{&quot;_animation&quot;:&quot;fadeInDown&quot;}\" data-widget_type=\"heading.default\">\n\t\t\t\t<div class=\"elementor-widget-container\">\n\t\t\t<h2 class=\"elementor-heading-title elementor-size-default\">PRACTICES AREAS<\/h2>\t\t<\/div>\n\t\t\t\t<\/div>\n\t\t\t\t<div class=\"elementor-element elementor-element-1dee3116 elementor-widget elementor-widget-text-editor\" data-id=\"1dee3116\" data-element_type=\"widget\" data-widget_type=\"text-editor.default\">\n\t\t\t\t<div class=\"elementor-widget-container\">\n\t\t\t\t\t<div class=\"elementor-text-editor elementor-clearfix\"><p><strong>Land and Housing Consulting<\/strong><\/p><\/div>\n\t\t\t\t<\/div>\n\t\t\t\t<\/div>\n\t\t\t\t\t\t<\/div>\n\t\t\t<\/div>\n\t\t<\/div>\n\t\t\t\t\t\t<\/div>\n\t\t\t<\/div>\n\t\t<\/section>\n\t\t\t\t<section class=\"elementor-element elementor-element-339cb556 elementor-section-boxed elementor-section-height-default elementor-section-height-default elementor-section elementor-top-section\" data-id=\"339cb556\" data-element_type=\"section\">\n\t\t\t\t\t\t<div class=\"elementor-container elementor-column-gap-default\">\n\t\t\t\t<div class=\"elementor-row\">\n\t\t\t\t<div class=\"elementor-element elementor-element-7b74a0ef elementor-column elementor-col-100 elementor-top-column\" data-id=\"7b74a0ef\" data-element_type=\"column\">\n\t\t\t<div class=\"elementor-column-wrap  elementor-element-populated\">\n\t\t\t\t\t<div class=\"elementor-widget-wrap\">\n\t\t\t\t<div class=\"elementor-element elementor-element-c8fa6c7 elementor-widget elementor-widget-text-editor\" data-id=\"c8fa6c7\" data-element_type=\"widget\" data-widget_type=\"text-editor.default\">\n\t\t\t\t<div class=\"elementor-widget-container\">\n\t\t\t\t\t<div class=\"elementor-text-editor elementor-clearfix\"><p>Land - Housing is a valuable asset and has important meaning for organizations and individuals. Besides, the Land - Housing sector is also a complex field, often arising many legal issues related to disputes and administrative procedures. Therefore, understanding the legal regulations on land and housing to ensure the legal rights and interests of organizations and individuals is very important.<\/p><p>V\u1edbi \u0111\u1ed9i ng\u0169 Lu\u1eadt s\u01b0, C\u1ed1 v\u1ea5n d\u00e0y d\u1ea1n kinh nghi\u1ec7m, c\u00f3 ki\u1ebfn th\u1ee9c s\u00e2u r\u1ed9ng v\u1ec1 l\u0129nh v\u1ef1c n\u00e0y, MEDLAW t\u1ef1 h\u00e0o l\u00e0 \u0111\u01a1n v\u1ecb cung c\u1ea5p D\u1ecbch v\u1ee5 ph\u00e1p l\u00fd uy t\u00edn, lu\u00f4n \u0111\u1ed3ng h\u00e0nh, h\u1ed7 tr\u1ee3, \u0111\u1ea3m b\u1ea3o quy\u1ec1n v\u00e0 l\u1ee3i \u00edch h\u1ee3p ph\u00e1p c\u1ee7a kh\u00e1ch h\u00e0ng, gi\u00fap kh\u00e1ch h\u00e0ng an t\u00e2m, t\u1ef1 tin khi th\u1ef1c hi\u1ec7n c\u00e1c giao d\u1ecbch v\u1ec1 \u0111\u1ea5t \u0111ai, nh\u00e0 \u1edf.<\/p><p><strong>C\u00e1c D\u1ecbch v\u1ee5 T\u01b0 v\u1ea5n \u0110\u1ea5t \u0111ai &#8211; Nh\u00e0 \u1edf c\u1ee7a MEDLAW bao g\u1ed3m:<\/strong><\/p><ol><li><strong> T\u01b0 v\u1ea5n c\u00e1c giao d\u1ecbch, tranh ch\u1ea5p v\u1ec1 \u0111\u1ea5t \u0111ai<\/strong><\/li><\/ol><ul><li>Tranh ch\u1ea5p \u0111\u1ea5t \u0111ai v\u1ec1 m\u1ed1c gi\u1edbi, ranh gi\u1edbi th\u1eeda \u0111\u1ea5t li\u1ec1n k\u1ec1<\/li><li>Tranh ch\u1ea5p \u0111\u1ea5t \u0111ai v\u00e0 t\u00e0i s\u1ea3n g\u1eafn li\u1ec1n v\u1edbi \u0111\u1ea5t;<\/li><li>Tranh ch\u1ea5p v\u1ec1 H\u1ee3p \u0111\u1ed3ng chuy\u1ec3n nh\u01b0\u1ee3ng, chuy\u1ec3n \u0111\u1ed5i, t\u1eb7ng cho, th\u1ebf ch\u1ea5p,\u2026quy\u1ec1n s\u1eed d\u1ee5ng \u0111\u1ea5t<\/li><li>Tranh ch\u1ea5p v\u1ec1 quy\u1ec1n s\u1eed d\u1ee5ng \u0111\u1ea5t, quy\u1ec1n s\u1edf h\u1eefu nh\u00e0 \u1edf v\u00e0 t\u00e0i s\u1ea3n g\u1eafn li\u1ec1n v\u1edbi \u0111\u1ea5t khi ly h\u00f4n<\/li><li>Tranh ch\u1ea5p quy\u1ec1n th\u1eeba k\u1ebf \u0111\u1ea5t \u0111ai<\/li><li>Tranh ch\u1ea5p \u0111\u1ea5t \u0111ai v\u1ec1 vi\u1ec7c h\u1ee3p t\u00e1c kinh doanh, g\u00f3p v\u1ed1n b\u1eb1ng quy\u1ec1n s\u1eed d\u1ee5ng \u0111\u1ea5t, t\u00e0i s\u1ea3n tr\u00ean \u0111\u1ea5t<\/li><li>Tranh ch\u1ea5p \u0111\u00f2i l\u1ea1i nh\u00e0 \u0111\u1ea5t \u0111\u00e3 cho m\u01b0\u1ee3n, \u1edf nh\u1edd<\/li><li>C\u00e1c tranh ch\u1ea5p kh\u00e1c v\u1ec1 \u0111\u1ea5t \u0111ai<\/li><\/ul><ol start=\"2\"><li><strong> T\u01b0 v\u1ea5n, thay m\u1eb7t th\u1ef1c hi\u1ec7n c\u00e1c th\u1ee7 t\u1ee5c h\u00e0nh ch\u00ednh li\u00ean quan \u0111\u1ebfn \u0111\u1ea5t \u0111ai<\/strong><\/li><\/ol><ul><li>Th\u1ee7 t\u1ee5c c\u1ea5p m\u1edbi, c\u1ea5p \u0111\u1ed5i Gi\u1ea5y ch\u1ee9ng nh\u1eadn quy\u1ec1n s\u1eed d\u1ee5ng \u0111\u1ea5t; th\u1ee7 t\u1ee5c giao \u0111\u1ea5t, thu\u00ea \u0111\u1ea5t<\/li><li>T\u01b0 v\u1ea5n tr\u00ecnh t\u1ef1, th\u1ee7 t\u1ee5c gi\u1ea3i quy\u1ebft tranh ch\u1ea5p \u0111\u1ea5t \u0111ai; h\u01b0\u1edbng d\u1eabn th\u1ee7 t\u1ee5c h\u00f2a gi\u1ea3i tranh ch\u1ea5p \u0111\u1ea5t \u0111ai;<\/li><li>Th\u1ef1c hi\u1ec7n th\u1ee7 t\u1ee5c mua b\u00e1n, t\u1eb7ng cho, thu\u00ea, nh\u1eadn chuy\u1ec3n nh\u01b0\u1ee3ng quy\u1ec1n s\u1eed d\u1ee5ng nh\u00e0 \u0111\u1ea5t<\/li><li>Th\u1ef1c hi\u1ec7n th\u1ee7 t\u1ee5c sang t\u00ean s\u1ed5 \u0111\u1ecf khi mua b\u00e1n \u0111\u1ea5t<\/li><li>Th\u1ef1c hi\u1ec7n th\u1ee7 t\u1ee5c t\u00e1ch th\u1eeda khi chuy\u1ec3n quy\u1ec1n s\u1eed d\u1ee5ng \u0111\u1ea5t<\/li><li>Th\u1ef1c hi\u1ec7n th\u1ee7 t\u1ee5c c\u1ea5p m\u1edbi, c\u1ea5p \u0111\u1ed5i gi\u1ea5y ch\u1ee9ng nh\u1eadn quy\u1ec1n s\u1eed d\u1ee5ng \u0111\u1ea5t<\/li><li>Th\u1ef1c hi\u1ec7n th\u1ee7 t\u1ee5c chuy\u1ec3n nh\u01b0\u1ee3ng, nh\u1eadn chuy\u1ec3n nh\u01b0\u1ee3ng quy\u1ec1n s\u1eed d\u1ee5ng \u0111\u1ea5t cho ng\u01b0\u1eddi n\u01b0\u1edbc ngo\u00e0i.<\/li><li>T\u01b0 v\u1ea5n h\u1ed3 s\u01a1, thu\u1ebf v\u00e0 l\u1ec7 ph\u00ed ph\u1ea3i th\u1ef1c hi\u1ec7n khi th\u1ef1c hi\u1ec7n c\u00e1c giao d\u1ecbch chuy\u1ec3n quy\u1ec1n s\u1eed d\u1ee5ng \u0111\u1ea5t<\/li><li>Th\u1ef1c hi\u1ec7n th\u1ee7 t\u1ee5c g\u00f3p v\u1ed1n v\u00e0 h\u1ee3p t\u00e1c \u0111\u1ea7u t\u01b0 b\u1eb1ng quy\u1ec1n s\u1eed d\u1ee5ng \u0111\u1ea5t v\u00e0o doanh nghi\u1ec7p<\/li><li>So\u1ea1n th\u1ea3o, h\u01b0\u1edbng d\u1eabn chu\u1ea9n b\u1ecb h\u1ed3 s\u01a1 k\u00ea khai c\u1ea5p s\u1ed5 \u0111\u1ecf, t\u00e1ch th\u1eeda;<\/li><li>T\u01b0 v\u1ea5n \u0111\u1ec1n b\u00f9 \u0111\u1ea5t \u0111ai, gi\u1ea3i ph\u00f3ng m\u1eb7t b\u1eb1ng, h\u1ed7 tr\u1ee3 t\u00e1i \u0111\u1ecbnh c\u01b0 khi thu h\u1ed3i \u0111\u1ea5t<\/li><li>T\u01b0 v\u1ea5n, thay m\u1eb7t th\u1ef1c hi\u1ec7n c\u00e1c th\u1ee7 t\u1ee5c h\u00e0nh ch\u00ednh kh\u00e1c li\u00ean quan \u0111\u1ebfn \u0111\u1ea5t \u0111ai<\/li><\/ul><ol start=\"3\"><li><strong> Kh\u1edfi ki\u1ec7n tranh ch\u1ea5p \u0111\u1ea5t \u0111ai<\/strong><\/li><\/ol><p>T\u01b0 v\u1ea5n, chu\u1ea9n b\u1ecb h\u1ed3 s\u01a1, c\u1eed lu\u1eadt s\u01b0 tham gia b\u1ea3o v\u1ec7 quy\u1ec1n v\u00e0 l\u1ee3i \u00edch h\u1ee3p ph\u00e1p c\u1ee7a kh\u00e1ch h\u00e0ng t\u1ea1i c\u00e1c c\u1ea5p T\u00f2a \u00e1n trong v\u1ee5 \u00e1n tranh ch\u1ea5p \u0111\u1ea5t \u0111ai.<\/p><\/div>\n\t\t\t\t<\/div>\n\t\t\t\t<\/div>\n\t\t\t\t\t\t<\/div>\n\t\t\t<\/div>\n\t\t<\/div>\n\t\t\t\t\t\t<\/div>\n\t\t\t<\/div>\n\t\t<\/section>\n\t\t\t\t<section class=\"elementor-element elementor-element-4d66c27c elementor-section-boxed elementor-section-height-default elementor-section-height-default elementor-section elementor-top-section\" data-id=\"4d66c27c\" data-element_type=\"section\" data-settings=\"{&quot;background_background&quot;:&quot;classic&quot;}\">\n\t\t\t\t\t\t<div class=\"elementor-container elementor-column-gap-default\">\n\t\t\t\t<div class=\"elementor-row\">\n\t\t\t\t<div class=\"elementor-element elementor-element-6c3ad215 elementor-column elementor-col-50 elementor-top-column\" data-id=\"6c3ad215\" data-element_type=\"column\" data-settings=\"{&quot;background_background&quot;:&quot;classic&quot;}\">\n\t\t\t<div class=\"elementor-column-wrap  elementor-element-populated\">\n\t\t\t\t\t\t\t<div class=\"elementor-background-overlay\"><\/div>\n\t\t\t\t\t<div class=\"elementor-widget-wrap\">\n\t\t\t\t<div class=\"elementor-element elementor-element-28d8c2d7 elementor-widget elementor-widget-pp-modal-popup\" data-id=\"28d8c2d7\" data-element_type=\"widget\" id=\"buttonhoadon\" data-settings=\"{&quot;layout_type&quot;:&quot;standard&quot;,&quot;trigger&quot;:&quot;on-click&quot;,&quot;prevent_scroll&quot;:&quot;yes&quot;,&quot;close_button&quot;:&quot;yes&quot;,&quot;esc_exit&quot;:&quot;yes&quot;,&quot;click_exit&quot;:&quot;yes&quot;,&quot;popup_animation_in&quot;:&quot;mfp-zoom-in&quot;,&quot;overlay_switch&quot;:&quot;yes&quot;,&quot;close_button_position&quot;:&quot;win-top-right&quot;}\" data-widget_type=\"pp-modal-popup.default\">\n\t\t\t\t<div class=\"elementor-widget-container\">\n\t\t\t\t\t<div id=\"pp-modal-popup-wrap-28d8c2d7\" class=\"pp-modal-popup-wrap\">\n\t\t\t<div class=\"pp-modal-popup\" data-type=\"inline\" data-src=\"#pp-modal-popup-window-28d8c2d7\" data-trigger-element=\".pp-modal-popup-link-28d8c2d7\">\n\t\t\t\t<span class=\"pp-modal-popup-button pp-modal-popup-link pp-modal-popup-link-28d8c2d7 elementor-button elementor-size-md\"><span >Click Here<\/span><\/span>\t\t\t<\/div>\n\t\t<\/div>\n\t\t<div class=\"pp-modal-popup-window pp-modal-popup-window-28d8c2d7\" id=\"pp-modal-popup-window-28d8c2d7\">\n\t\t\t\t\t\t\t<div class=\"pp-popup-content\" id=\"pp-popup-content\"><p><strong>Account information:<\/strong><\/p>\n<p>Account name: MEDLAW LAW CO., LTD <br \/>Account No.: 101214851034541 <br \/>Bank: Vietnam Import-Export Trading Joint Stock Company - District 10 Branch (Eximbank Dist.10 Branch) <br \/>The transfer content clearly states: Customer service choose + Full name + Phone number<\/p>\n<p>MEDLAW is honored to be your companion!<\/p>\n<\/div>\t\t<\/div>\n\t\t\t\t<\/div>\n\t\t\t\t<\/div>\n\t\t\t\t<div class=\"elementor-element elementor-element-9ee6914 elementor-widget elementor-widget-global elementor-global-2414 elementor-widget-pp-table\" data-id=\"9ee6914\" data-element_type=\"widget\" data-settings=\"{&quot;table_type&quot;:&quot;normal&quot;}\" data-widget_type=\"pp-table.default\">\n\t\t\t\t<div class=\"elementor-widget-container\">\n\t\t\t\t\t<div class=\"pp-table-container\">\n\t\t\t<table class=\"pp-table tablesaw\">\n\t\t\t\t\t\t\t<colgroup>\n\t\t\t\t\t\t\t\t<col\n\t\t\t\t\tspan=\"1\"\n\t\t\t\t\tclass=\"elementor-repeater-item-ce2ba52\"\n\t\t\t\t\t\t\t\t\t\t\tstyle=\"\t\t\t\t\t\t\t\t\t\t\t\t\t\t\t\t\t\t\t\twidth:33%\t\t\t\t\t\t\t\t\t\t\t\t\"\n\t\t\t\t\t\t\t\t\t\t>\n\t\t\t\t\t\t\t\t<col\n\t\t\t\t\tspan=\"2\"\n\t\t\t\t\tclass=\"elementor-repeater-item-426fa06\"\n\t\t\t\t\t\t\t\t\t\t\tstyle=\"\t\t\t\t\t\t\t\t\t\t\t\t\t\t\t\t\t\t\t\twidth:33%\t\t\t\t\t\t\t\t\t\t\t\t\"\n\t\t\t\t\t\t\t\t\t\t>\n\t\t\t\t\t\t\t<\/colgroup>\n\t\t\t\t\t<thead>\n\t\t\t<tr class=\"pp-table-row\">\n\t\t\t\t<th class=\"pp-table-cell pp-table-cell-4d30e9c\"><span class=\"pp-table-cell-content\"><span class=\"pp-table-cell-text\">FEE<\/span><\/span><\/th><th class=\"pp-table-cell pp-table-cell-77f851c\"><span class=\"pp-table-cell-content\"><span class=\"pp-table-cell-text\">FEE<\/span><\/span><\/th>\t\t\t<\/tr>\n\t\t<\/thead>\n\t\t\t\t<tfoot>\n\t\t\t<\/tr>\t\t<\/tfoot>\n\t\t\t\t<tbody>\n\t\t\t<tr ><td class=\"pp-table-cell pp-table-cell-2363fc5\"><span class=\"pp-table-cell-content\"><span class=\"pp-table-cell-text\">Free legal consultancy<\/span><\/span><\/td><td class=\"pp-table-cell pp-table-cell-2e3e598\"><span class=\"pp-table-cell-content\"><span class=\"pp-table-cell-text\">3 - 10 days<\/span><\/span><\/td><td class=\"pp-table-cell pp-table-cell-fdc4f9e\"><span class=\"pp-table-cell-content\"><span class=\"pp-table-cell-text\">Free<\/span><\/span><\/td><\/tr><tr ><td class=\"pp-table-cell pp-table-cell-d3ac2a6\"><span class=\"pp-table-cell-content\"><span class=\"pp-table-cell-text\">Legal advice for a fee<\/span><\/span><\/td><td class=\"pp-table-cell pp-table-cell-37183f2\"><span class=\"pp-table-cell-content\"><span class=\"pp-table-cell-text\">3 - 7 days<\/span><\/span><\/td><td class=\"pp-table-cell pp-table-cell-32aea5a\"><span class=\"pp-table-cell-content\"><span class=\"pp-table-cell-text\">Depends on the specific case<\/span><\/span><\/td><\/tr><tr ><\/tr><tr ><td class=\"pp-table-cell pp-table-cell-d9e0110\"><span class=\"pp-table-cell-content\"><span class=\"pp-table-cell-text\">Direct legal consultancy<\/span><\/span><\/td><td class=\"pp-table-cell pp-table-cell-c590fd5\"><span class=\"pp-table-cell-content\"><span class=\"pp-table-cell-text\">  <\/span><\/span><\/td><td class=\"pp-table-cell pp-table-cell-b7d9c61\"><span class=\"pp-table-cell-content\"><span class=\"pp-table-cell-text\">Lawyer: <\/BR>\n3.000.000 \u0111<\/BR>\nSenior consultant: direct contact<\/span><\/span><\/td><\/tr><tr ><td class=\"pp-table-cell pp-table-cell-f4b7205\"><span class=\"pp-table-cell-content\"><span class=\"pp-table-cell-text\">Legal training<\/span><\/span><\/td><td class=\"pp-table-cell pp-table-cell-77e2bac\"><span class=\"pp-table-cell-content\"><span class=\"pp-table-cell-text\">  <\/span><\/span><\/td><td class=\"pp-table-cell pp-table-cell-865fe20\"><span class=\"pp-table-cell-content\"><span class=\"pp-table-cell-text\">CONTACT US<\/span><\/span><\/td><\/tr><tr ><td class=\"pp-table-cell pp-table-cell-c034be3\"><span class=\"pp-table-cell-content\"><span class=\"pp-table-cell-text\">Regular legal advice for individuals\/households<\/span><\/span><\/td><td class=\"pp-table-cell pp-table-cell-5c34f38\"><span class=\"pp-table-cell-content\"><span class=\"pp-table-cell-text\">    <\/span><\/span><\/td><td class=\"pp-table-cell pp-table-cell-471547b\"><span class=\"pp-table-cell-content\"><span class=\"pp-table-cell-text\">CONTACT US<\/span><\/span><\/td><\/tr><tr ><td class=\"pp-table-cell pp-table-cell-2daf6f3\"><span class=\"pp-table-cell-content\"><span class=\"pp-table-cell-text\">Regular legal advice for businesses<\/span><\/span><\/td><td class=\"pp-table-cell pp-table-cell-cd790d2\"><span class=\"pp-table-cell-content\"><span class=\"pp-table-cell-text\">   <\/span><\/span><\/td><td class=\"pp-table-cell pp-table-cell-e9bc7bc\"><span class=\"pp-table-cell-content\"><span class=\"pp-table-cell-text\">CONTACT US<\/span><\/span><\/td><\/tr>\t\t<\/tbody>\n\t\t\t\t\t<\/table>\n\t\t<\/div>\n\t\t\t\t<\/div>\n\t\t\t\t<\/div>\n\t\t\t\t<div class=\"elementor-element elementor-element-15bec2d6 elementor-widget elementor-widget-heading\" data-id=\"15bec2d6\" data-element_type=\"widget\" data-widget_type=\"heading.default\">\n\t\t\t\t<div class=\"elementor-widget-container\">\n\t\t\t<h2 class=\"elementor-heading-title elementor-size-default\"><a href=\"https:\/\/medlaw.vn\/en\/dich-vu\/\">TO KNOW MORE ABOUT SERVICES\nPLEASE VISIT <span style=\"color:#A60000\">SERVICES<\/span><\/a><\/h2>\t\t<\/div>\n\t\t\t\t<\/div>\n\t\t\t\t\t\t<\/div>\n\t\t\t<\/div>\n\t\t<\/div>\n\t\t\t\t<div class=\"elementor-element elementor-element-65c80aa4 elementor-column elementor-col-50 elementor-top-column\" data-id=\"65c80aa4\" data-element_type=\"column\" data-settings=\"{&quot;background_background&quot;:&quot;classic&quot;}\">\n\t\t\t<div class=\"elementor-column-wrap  elementor-element-populated\">\n\t\t\t\t\t<div class=\"elementor-widget-wrap\">\n\t\t\t\t<div class=\"elementor-element elementor-element-469969f elementor-widget elementor-widget-heading\" data-id=\"469969f\" data-element_type=\"widget\" data-widget_type=\"heading.default\">\n\t\t\t\t<div class=\"elementor-widget-container\">\n\t\t\t<h2 class=\"elementor-heading-title elementor-size-default\">FREE LEGAL CONSULTANCY<\/h2>\t\t<\/div>\n\t\t\t\t<\/div>\n\t\t\t\t<div class=\"elementor-element elementor-element-3e0ee842 elementor-button-align-center elementor-widget elementor-widget-form\" data-id=\"3e0ee842\" data-element_type=\"widget\" data-settings=\"{&quot;step_next_label&quot;:&quot;Next&quot;,&quot;step_previous_label&quot;:&quot;Previous&quot;,&quot;button_width&quot;:&quot;100&quot;,&quot;step_type&quot;:&quot;number_text&quot;,&quot;step_icon_shape&quot;:&quot;circle&quot;}\" data-widget_type=\"form.default\">\n\t\t\t\t<div class=\"elementor-widget-container\">\n\t\t\t\t\t<form class=\"elementor-form\" method=\"post\" name=\"New Form\" action=\"\">\n\t\t\t<input type=\"hidden\" name=\"post_id\" value=\"2160\"\/>\n\t\t\t<input type=\"hidden\" name=\"form_id\" value=\"3e0ee842\"\/>\n\n\t\t\t\n\t\t\t<div class=\"elementor-form-fields-wrapper elementor-labels-\">\n\t\t\t\t\t\t\t\t<div class=\"elementor-field-type-text elementor-field-group elementor-column elementor-field-group-name elementor-col-100\">\n\t\t\t\t\t<input size=\"1\" type=\"text\" name=\"form_fields[name]\" id=\"form-field-name\" class=\"elementor-field elementor-size-sm  elementor-field-textual\" placeholder=\"Full name\">\t\t\t\t<\/div>\n\t\t\t\t\t\t\t\t<div class=\"elementor-field-type-email elementor-field-group elementor-column elementor-field-group-email elementor-col-100 elementor-field-required\">\n\t\t\t\t\t<label for=\"form-field-email\" class=\"elementor-field-label elementor-screen-only\">Email<\/label><input size=\"1\" type=\"email\" name=\"form_fields[email]\" id=\"form-field-email\" class=\"elementor-field elementor-size-sm  elementor-field-textual\" placeholder=\"Email\" required=\"required\" aria-required=\"true\">\t\t\t\t<\/div>\n\t\t\t\t\t\t\t\t<div class=\"elementor-field-type-tel elementor-field-group elementor-column elementor-field-group-tel elementor-col-100\">\n\t\t\t\t\t<input size=\"1\" type=\"tel\" name=\"form_fields[tel]\" id=\"form-field-tel\" class=\"elementor-field elementor-size-sm  elementor-field-textual\" placeholder=\"Phone number\" pattern=\"[0-9()#&amp;+*-=.]+\" title=\"Only numbers and phone characters (#, -, *, etc) are accepted.\">\t\t\t\t<\/div>\n\t\t\t\t\t\t\t\t<div class=\"elementor-field-type-textarea elementor-field-group elementor-column elementor-field-group-message elementor-col-100\">\n\t\t\t\t\t<label for=\"form-field-message\" class=\"elementor-field-label elementor-screen-only\">Message<\/label><textarea class=\"elementor-field-textual elementor-field  elementor-size-sm\" name=\"form_fields[message]\" id=\"form-field-message\" rows=\"4\" placeholder=\"Message\"><\/textarea>\t\t\t\t<\/div>\n\t\t\t\t\t\t\t\t<div class=\"elementor-field-group elementor-column elementor-field-type-submit elementor-col-100 e-form__buttons\">\n\t\t\t\t\t<button type=\"submit\" class=\"elementor-button elementor-size-sm\">\n\t\t\t\t\t\t<span >\n\t\t\t\t\t\t\t\t\t\t\t\t\t\t\t<span class=\"elementor-button-icon\">\n\t\t\t\t\t\t\t\t\t\t\t\t\t\t\t\t\t\t\t\t\t\t\t\t\t\t<\/span>\n\t\t\t\t\t\t\t\t\t\t\t\t\t\t\t\t\t\t\t\t\t\t<span class=\"elementor-button-text\">SEND<\/span>\n\t\t\t\t\t\t\t\t\t\t\t\t\t<\/span>\n\t\t\t\t\t<\/button>\n\t\t\t\t<\/div>\n\t\t\t<\/div>\n\t\t<input type=\"hidden\" name=\"trp-form-language\" value=\"en\"\/><\/form>\n\t\t\t\t<\/div>\n\t\t\t\t<\/div>\n\t\t\t\t\t\t<\/div>\n\t\t\t<\/div>\n\t\t<\/div>\n\t\t\t\t\t\t<\/div>\n\t\t\t<\/div>\n\t\t<\/section>\n\t\t\t\t\t\t<\/div>\n\t\t\t<\/div>\n\t\t<\/div>","protected":false},"excerpt":{"rendered":"<p>l\u0129nh v\u1ef1c ho\u1ea1t \u0111\u1ed9ng T\u01b0 v\u1ea5n \u0110\u1ea5t \u0111ai \u2013 Nh\u00e0 \u1edf \u0110\u1ea5t \u0111ai &#8211; Nh\u00e0 \u1edf l\u00e0 t\u00e0i s\u1ea3n c\u00f3 gi\u00e1 tr\u1ecb l\u1edbn v\u00e0 c\u00f3 \u00fd ngh\u0129a quan tr\u1ecdng \u0111\u1ed1i v\u1edbi c\u00e1c t\u1ed5 ch\u1ee9c, c\u00e1 nh\u00e2n. B\u00ean c\u1ea1nh \u0111\u00f3, l\u0129nh v\u1ef1c \u0110\u1ea5t \u0111ai &#8211; Nh\u00e0 \u1edf c\u0169ng l\u00e0 m\u1ed9t l\u0129nh v\u1ef1c ph\u1ee9c t\u1ea1p, th\u01b0\u1eddng ph\u00e1t&#8230;<\/p>","protected":false},"author":1,"featured_media":0,"parent":0,"menu_order":0,"comment_status":"closed","ping_status":"closed","template":"","meta":[],"_links":{"self":[{"href":"https:\/\/medlaw.vn\/en\/wp-json\/wp\/v2\/pages\/2160"}],"collection":[{"href":"https:\/\/medlaw.vn\/en\/wp-json\/wp\/v2\/pages"}],"about":[{"href":"https:\/\/medlaw.vn\/en\/wp-json\/wp\/v2\/types\/page"}],"author":[{"embeddable":true,"href":"https:\/\/medlaw.vn\/en\/wp-json\/wp\/v2\/users\/1"}],"replies":[{"embeddable":true,"href":"https:\/\/medlaw.vn\/en\/wp-json\/wp\/v2\/comments?post=2160"}],"version-history":[{"count":13,"href":"https:\/\/medlaw.vn\/en\/wp-json\/wp\/v2\/pages\/2160\/revisions"}],"predecessor-version":[{"id":5109,"href":"https:\/\/medlaw.vn\/en\/wp-json\/wp\/v2\/pages\/2160\/revisions\/5109"}],"wp:attachment":[{"href":"https:\/\/medlaw.vn\/en\/wp-json\/wp\/v2\/media?parent=2160"}],"curies":[{"name":"wp","href":"https:\/\/api.w.org\/{rel}","templated":true}]}}