{"id":2157,"date":"2021-01-27T04:26:39","date_gmt":"2021-01-27T04:26:39","guid":{"rendered":"http:\/\/medlaw.vn\/?page_id=2157"},"modified":"2024-03-31T20:21:07","modified_gmt":"2024-03-31T13:21:07","slug":"tham-gia-to-tung-toa-an","status":"publish","type":"page","link":"https:\/\/medlaw.vn\/en\/tham-gia-to-tung-toa-an\/","title":{"rendered":"tham gia t\u1ed1 t\u1ee5ng t\u00f2a \u00e1n"},"content":{"rendered":"<div data-elementor-type=\"wp-page\" data-elementor-id=\"2157\" class=\"elementor elementor-2157\" data-elementor-settings=\"[]\">\n\t\t\t<div class=\"elementor-inner\">\n\t\t\t\t<div class=\"elementor-section-wrap\">\n\t\t\t\t\t\t\t<section class=\"elementor-element elementor-element-c33a922 elementor-section-stretched elementor-section-height-min-height elementor-section-boxed elementor-section-height-default elementor-section-items-middle elementor-section elementor-top-section\" data-id=\"c33a922\" data-element_type=\"section\" data-settings=\"{&quot;stretch_section&quot;:&quot;section-stretched&quot;,&quot;background_background&quot;:&quot;classic&quot;}\">\n\t\t\t\t\t\t<div class=\"elementor-container elementor-column-gap-no\">\n\t\t\t\t<div class=\"elementor-row\">\n\t\t\t\t<div class=\"elementor-element elementor-element-6b9d9a09 elementor-column elementor-col-100 elementor-top-column\" data-id=\"6b9d9a09\" data-element_type=\"column\">\n\t\t\t<div class=\"elementor-column-wrap  elementor-element-populated\">\n\t\t\t\t\t<div class=\"elementor-widget-wrap\">\n\t\t\t\t<div class=\"elementor-element elementor-element-3234e60f dividemm elementor-widget elementor-widget-divider\" data-id=\"3234e60f\" data-element_type=\"widget\" data-widget_type=\"divider.default\">\n\t\t\t\t<div class=\"elementor-widget-container\">\n\t\t\t\t\t<div class=\"elementor-divider\">\n\t\t\t<span class=\"elementor-divider-separator\">\n\t\t\t\t\t\t<\/span>\n\t\t<\/div>\n\t\t\t\t<\/div>\n\t\t\t\t<\/div>\n\t\t\t\t<div class=\"elementor-element elementor-element-1fc91fe4 animated-fast elementor-invisible elementor-widget elementor-widget-heading\" data-id=\"1fc91fe4\" data-element_type=\"widget\" data-settings=\"{&quot;_animation&quot;:&quot;fadeInDown&quot;}\" data-widget_type=\"heading.default\">\n\t\t\t\t<div class=\"elementor-widget-container\">\n\t\t\t<h2 class=\"elementor-heading-title elementor-size-default\">PRACTICES AREAS<\/h2>\t\t<\/div>\n\t\t\t\t<\/div>\n\t\t\t\t<div class=\"elementor-element elementor-element-29f98db5 elementor-widget elementor-widget-text-editor\" data-id=\"29f98db5\" data-element_type=\"widget\" data-widget_type=\"text-editor.default\">\n\t\t\t\t<div class=\"elementor-widget-container\">\n\t\t\t\t\t<div class=\"elementor-text-editor elementor-clearfix\">Intellectual Property Consulting<\/div>\n\t\t\t\t<\/div>\n\t\t\t\t<\/div>\n\t\t\t\t\t\t<\/div>\n\t\t\t<\/div>\n\t\t<\/div>\n\t\t\t\t\t\t<\/div>\n\t\t\t<\/div>\n\t\t<\/section>\n\t\t\t\t<section class=\"elementor-element elementor-element-10c1e156 elementor-section-boxed elementor-section-height-default elementor-section-height-default elementor-section elementor-top-section\" data-id=\"10c1e156\" data-element_type=\"section\">\n\t\t\t\t\t\t<div class=\"elementor-container elementor-column-gap-default\">\n\t\t\t\t<div class=\"elementor-row\">\n\t\t\t\t<div class=\"elementor-element elementor-element-3fced9ff elementor-column elementor-col-100 elementor-top-column\" data-id=\"3fced9ff\" data-element_type=\"column\">\n\t\t\t<div class=\"elementor-column-wrap  elementor-element-populated\">\n\t\t\t\t\t<div class=\"elementor-widget-wrap\">\n\t\t\t\t<div class=\"elementor-element elementor-element-34120410 elementor-widget elementor-widget-text-editor\" data-id=\"34120410\" data-element_type=\"widget\" data-widget_type=\"text-editor.default\">\n\t\t\t\t<div class=\"elementor-widget-container\">\n\t\t\t\t\t<div class=\"elementor-text-editor elementor-clearfix\"><p>Along with the development of technology in the market economy, Intellectual Property Rights are considered one of the important property rights for each individual and organization. Therefore, the protection of intellectual property rights is one of the measures to help minimize risks in the business process, limit the emergence of disputes and conflicts between organizations and individuals, and ensure a good business environment stable and sustainable business.<\/p><p>D\u1ecbch v\u1ee5 T\u01b0 v\u1ea5n S\u1edf h\u1eefu tr\u00ed tu\u1ec7 c\u1ee7a MEDLAW \u0111\u01b0\u1ee3c cung c\u1ea5p b\u1edfi \u0111\u1ed9i ng\u0169 lu\u1eadt s\u01b0 gi\u00e0u kinh nghi\u1ec7m v\u00e0 am hi\u1ec3u s\u00e2u s\u1eafc v\u1ec1 l\u0129nh v\u1ef1c n\u00e0y. Ch\u00fang t\u00f4i cam k\u1ebft cung c\u1ea5p gi\u1ea3i ph\u00e1p ph\u00e1p l\u00fd chuy\u00ean nghi\u1ec7p v\u00e0 hi\u1ec7u qu\u1ea3, gi\u00fap doanh nghi\u1ec7p v\u00e0 c\u00e1 nh\u00e2n b\u1ea3o v\u1ec7 t\u1ed1i \u01b0u quy\u1ec1n s\u1edf h\u1eefu tr\u00ed tu\u1ec7 c\u1ee7a m\u00ecnh.<\/p><p><strong>C\u00e1c d\u1ecbch v\u1ee5 T\u01b0 v\u1ea5n S\u1edf h\u1eefu tr\u00ed tu\u1ec7 c\u1ee7a MEDLAW bao g\u1ed3m: <\/strong><\/p><ol><li>T\u01b0 v\u1ea5n \u0111\u0103ng k\u00fd b\u1ea3o h\u1ed9 nh\u00e3n hi\u1ec7u.<\/li><li>T\u01b0 v\u1ea5n, x\u00e2y d\u1ef1ng chi\u1ebfn l\u01b0\u1ee3c qu\u1ea3ng b\u00e1, ph\u00e1t tri\u1ec3n Th\u01b0\u01a1ng hi\u1ec7u.<\/li><li>\u0110\u0103ng k\u00fd b\u1ea3o h\u1ed9 ki\u1ec3u d\u00e1ng c\u00f4ng nghi\u1ec7p.<\/li><li>\u0110\u0103ng k\u00fd b\u1ea3o h\u1ed9 s\u00e1ng ch\u1ebf, gi\u1ea3i ph\u00e1p h\u1eefu \u00edch.<\/li><li>\u0110\u0103ng k\u00fd b\u1ea3o h\u1ed9 ch\u1ec9 d\u1eabn \u0111\u1ecba l\u00fd, gi\u1ed1ng c\u00e2y tr\u1ed3ng.<\/li><li>\u0110\u0103ng k\u00fd b\u1ea3o h\u1ed9 b\u00ed m\u1eadt kinh doanh.<\/li><li>\u0110\u0103ng k\u00fd b\u1ea3o h\u1ed9 t\u00ean th\u01b0\u01a1ng m\u1ea1i.<\/li><li>\u0110\u0103ng k\u00fd b\u1ea3o h\u1ed9 b\u1ea3n quy\u1ec1n t\u00e1c gi\u1ea3, c\u00e1c quy\u1ec1n li\u00ean quan.<\/li><li>D\u1ecbch v\u1ee5 Lu\u1eadt s\u01b0 tham gia b\u1ea3o v\u1ec7 quy\u1ec1n v\u00e0 l\u1ee3i \u00edch h\u1ee3p ph\u00e1p trong c\u00e1c v\u1ee5 \u00e1n tranh ch\u1ea5p li\u00ean quan \u0111\u1ebfn quy\u1ec1n s\u1edf h\u1eefu tr\u00ed tu\u1ec7.<\/li><li>C\u00e1c d\u1ecbch v\u1ee5 kh\u00e1c v\u1ec1 S\u1edf h\u1eefu tr\u00ed tu\u1ec7.<\/li><\/ol><\/div>\n\t\t\t\t<\/div>\n\t\t\t\t<\/div>\n\t\t\t\t\t\t<\/div>\n\t\t\t<\/div>\n\t\t<\/div>\n\t\t\t\t\t\t<\/div>\n\t\t\t<\/div>\n\t\t<\/section>\n\t\t\t\t<section class=\"elementor-element elementor-element-7a13a51b elementor-section-boxed elementor-section-height-default elementor-section-height-default elementor-section elementor-top-section\" data-id=\"7a13a51b\" data-element_type=\"section\" data-settings=\"{&quot;background_background&quot;:&quot;classic&quot;}\">\n\t\t\t\t\t\t<div class=\"elementor-container elementor-column-gap-default\">\n\t\t\t\t<div class=\"elementor-row\">\n\t\t\t\t<div class=\"elementor-element elementor-element-5f2066f3 elementor-column elementor-col-50 elementor-top-column\" data-id=\"5f2066f3\" data-element_type=\"column\" data-settings=\"{&quot;background_background&quot;:&quot;classic&quot;}\">\n\t\t\t<div class=\"elementor-column-wrap  elementor-element-populated\">\n\t\t\t\t\t\t\t<div class=\"elementor-background-overlay\"><\/div>\n\t\t\t\t\t<div class=\"elementor-widget-wrap\">\n\t\t\t\t<div class=\"elementor-element elementor-element-386e5fb3 elementor-widget elementor-widget-pp-modal-popup\" data-id=\"386e5fb3\" data-element_type=\"widget\" id=\"buttonhoadon\" data-settings=\"{&quot;layout_type&quot;:&quot;standard&quot;,&quot;trigger&quot;:&quot;on-click&quot;,&quot;prevent_scroll&quot;:&quot;yes&quot;,&quot;close_button&quot;:&quot;yes&quot;,&quot;esc_exit&quot;:&quot;yes&quot;,&quot;click_exit&quot;:&quot;yes&quot;,&quot;popup_animation_in&quot;:&quot;mfp-zoom-in&quot;,&quot;overlay_switch&quot;:&quot;yes&quot;,&quot;close_button_position&quot;:&quot;win-top-right&quot;}\" data-widget_type=\"pp-modal-popup.default\">\n\t\t\t\t<div class=\"elementor-widget-container\">\n\t\t\t\t\t<div id=\"pp-modal-popup-wrap-386e5fb3\" class=\"pp-modal-popup-wrap\">\n\t\t\t<div class=\"pp-modal-popup\" data-type=\"inline\" data-src=\"#pp-modal-popup-window-386e5fb3\" data-trigger-element=\".pp-modal-popup-link-386e5fb3\">\n\t\t\t\t<span class=\"pp-modal-popup-button pp-modal-popup-link pp-modal-popup-link-386e5fb3 elementor-button elementor-size-md\"><span >Click Here<\/span><\/span>\t\t\t<\/div>\n\t\t<\/div>\n\t\t<div class=\"pp-modal-popup-window pp-modal-popup-window-386e5fb3\" id=\"pp-modal-popup-window-386e5fb3\">\n\t\t\t\t\t\t\t<div class=\"pp-popup-content\" id=\"pp-popup-content\"><p><strong>Account information:<\/strong><\/p>\n<p>Account name: MEDLAW LAW CO., LTD <br \/>Account No.: 101214851034541 <br \/>Bank: Vietnam Import-Export Trading Joint Stock Company - District 10 Branch (Eximbank Dist.10 Branch) <br \/>The transfer content clearly states: Customer service choose + Full name + Phone number<\/p>\n<p>MEDLAW is honored to be your companion!<\/p>\n<\/div>\t\t<\/div>\n\t\t\t\t<\/div>\n\t\t\t\t<\/div>\n\t\t\t\t<div class=\"elementor-element elementor-element-d531599 elementor-widget elementor-widget-global elementor-global-2414 elementor-widget-pp-table\" data-id=\"d531599\" data-element_type=\"widget\" data-settings=\"{&quot;table_type&quot;:&quot;normal&quot;}\" data-widget_type=\"pp-table.default\">\n\t\t\t\t<div class=\"elementor-widget-container\">\n\t\t\t\t\t<div class=\"pp-table-container\">\n\t\t\t<table class=\"pp-table tablesaw\">\n\t\t\t\t\t\t\t<colgroup>\n\t\t\t\t\t\t\t\t<col\n\t\t\t\t\tspan=\"1\"\n\t\t\t\t\tclass=\"elementor-repeater-item-ce2ba52\"\n\t\t\t\t\t\t\t\t\t\t\tstyle=\"\t\t\t\t\t\t\t\t\t\t\t\t\t\t\t\t\t\t\t\twidth:33%\t\t\t\t\t\t\t\t\t\t\t\t\"\n\t\t\t\t\t\t\t\t\t\t>\n\t\t\t\t\t\t\t\t<col\n\t\t\t\t\tspan=\"2\"\n\t\t\t\t\tclass=\"elementor-repeater-item-426fa06\"\n\t\t\t\t\t\t\t\t\t\t\tstyle=\"\t\t\t\t\t\t\t\t\t\t\t\t\t\t\t\t\t\t\t\twidth:33%\t\t\t\t\t\t\t\t\t\t\t\t\"\n\t\t\t\t\t\t\t\t\t\t>\n\t\t\t\t\t\t\t<\/colgroup>\n\t\t\t\t\t<thead>\n\t\t\t<tr class=\"pp-table-row\">\n\t\t\t\t<th class=\"pp-table-cell pp-table-cell-4d30e9c\"><span class=\"pp-table-cell-content\"><span class=\"pp-table-cell-text\">FEE<\/span><\/span><\/th><th class=\"pp-table-cell pp-table-cell-77f851c\"><span class=\"pp-table-cell-content\"><span class=\"pp-table-cell-text\">FEE<\/span><\/span><\/th>\t\t\t<\/tr>\n\t\t<\/thead>\n\t\t\t\t<tfoot>\n\t\t\t<\/tr>\t\t<\/tfoot>\n\t\t\t\t<tbody>\n\t\t\t<tr ><td class=\"pp-table-cell pp-table-cell-2363fc5\"><span class=\"pp-table-cell-content\"><span class=\"pp-table-cell-text\">Free legal consultancy<\/span><\/span><\/td><td class=\"pp-table-cell pp-table-cell-2e3e598\"><span class=\"pp-table-cell-content\"><span class=\"pp-table-cell-text\">3 - 10 days<\/span><\/span><\/td><td class=\"pp-table-cell pp-table-cell-fdc4f9e\"><span class=\"pp-table-cell-content\"><span class=\"pp-table-cell-text\">Free<\/span><\/span><\/td><\/tr><tr ><td class=\"pp-table-cell pp-table-cell-d3ac2a6\"><span class=\"pp-table-cell-content\"><span class=\"pp-table-cell-text\">Legal advice for a fee<\/span><\/span><\/td><td class=\"pp-table-cell pp-table-cell-37183f2\"><span class=\"pp-table-cell-content\"><span class=\"pp-table-cell-text\">3 - 7 days<\/span><\/span><\/td><td class=\"pp-table-cell pp-table-cell-32aea5a\"><span class=\"pp-table-cell-content\"><span class=\"pp-table-cell-text\">Depends on the specific case<\/span><\/span><\/td><\/tr><tr ><\/tr><tr ><td class=\"pp-table-cell pp-table-cell-d9e0110\"><span class=\"pp-table-cell-content\"><span class=\"pp-table-cell-text\">Direct legal consultancy<\/span><\/span><\/td><td class=\"pp-table-cell pp-table-cell-c590fd5\"><span class=\"pp-table-cell-content\"><span class=\"pp-table-cell-text\">  <\/span><\/span><\/td><td class=\"pp-table-cell pp-table-cell-b7d9c61\"><span class=\"pp-table-cell-content\"><span class=\"pp-table-cell-text\">Lawyer: <\/BR>\n3.000.000 \u0111<\/BR>\nSenior consultant: direct contact<\/span><\/span><\/td><\/tr><tr ><td class=\"pp-table-cell pp-table-cell-f4b7205\"><span class=\"pp-table-cell-content\"><span class=\"pp-table-cell-text\">Legal training<\/span><\/span><\/td><td class=\"pp-table-cell pp-table-cell-77e2bac\"><span class=\"pp-table-cell-content\"><span class=\"pp-table-cell-text\">  <\/span><\/span><\/td><td class=\"pp-table-cell pp-table-cell-865fe20\"><span class=\"pp-table-cell-content\"><span class=\"pp-table-cell-text\">CONTACT US<\/span><\/span><\/td><\/tr><tr ><td class=\"pp-table-cell pp-table-cell-c034be3\"><span class=\"pp-table-cell-content\"><span class=\"pp-table-cell-text\">Regular legal advice for individuals\/households<\/span><\/span><\/td><td class=\"pp-table-cell pp-table-cell-5c34f38\"><span class=\"pp-table-cell-content\"><span class=\"pp-table-cell-text\">    <\/span><\/span><\/td><td class=\"pp-table-cell pp-table-cell-471547b\"><span class=\"pp-table-cell-content\"><span class=\"pp-table-cell-text\">CONTACT US<\/span><\/span><\/td><\/tr><tr ><td class=\"pp-table-cell pp-table-cell-2daf6f3\"><span class=\"pp-table-cell-content\"><span class=\"pp-table-cell-text\">Regular legal advice for businesses<\/span><\/span><\/td><td class=\"pp-table-cell pp-table-cell-cd790d2\"><span class=\"pp-table-cell-content\"><span class=\"pp-table-cell-text\">   <\/span><\/span><\/td><td class=\"pp-table-cell pp-table-cell-e9bc7bc\"><span class=\"pp-table-cell-content\"><span class=\"pp-table-cell-text\">CONTACT US<\/span><\/span><\/td><\/tr>\t\t<\/tbody>\n\t\t\t\t\t<\/table>\n\t\t<\/div>\n\t\t\t\t<\/div>\n\t\t\t\t<\/div>\n\t\t\t\t<div class=\"elementor-element elementor-element-60d10812 elementor-widget elementor-widget-heading\" data-id=\"60d10812\" data-element_type=\"widget\" data-widget_type=\"heading.default\">\n\t\t\t\t<div class=\"elementor-widget-container\">\n\t\t\t<h2 class=\"elementor-heading-title elementor-size-default\"><a href=\"https:\/\/medlaw.vn\/en\/dich-vu\/\">TO KNOW MORE ABOUT SERVICES<br> PLEASE VISIT <span style=\"color:#A60000\">SERVICES<\/span><\/a><\/h2>\t\t<\/div>\n\t\t\t\t<\/div>\n\t\t\t\t\t\t<\/div>\n\t\t\t<\/div>\n\t\t<\/div>\n\t\t\t\t<div class=\"elementor-element elementor-element-e0694e3 elementor-column elementor-col-50 elementor-top-column\" data-id=\"e0694e3\" data-element_type=\"column\" data-settings=\"{&quot;background_background&quot;:&quot;classic&quot;}\">\n\t\t\t<div class=\"elementor-column-wrap  elementor-element-populated\">\n\t\t\t\t\t<div class=\"elementor-widget-wrap\">\n\t\t\t\t<div class=\"elementor-element elementor-element-30037491 elementor-widget elementor-widget-heading\" data-id=\"30037491\" data-element_type=\"widget\" data-widget_type=\"heading.default\">\n\t\t\t\t<div class=\"elementor-widget-container\">\n\t\t\t<h2 class=\"elementor-heading-title elementor-size-default\">FREE LEGAL CONSULTANCY<\/h2>\t\t<\/div>\n\t\t\t\t<\/div>\n\t\t\t\t<div class=\"elementor-element elementor-element-79c228ce elementor-button-align-center elementor-widget elementor-widget-form\" data-id=\"79c228ce\" data-element_type=\"widget\" data-settings=\"{&quot;step_next_label&quot;:&quot;Next&quot;,&quot;step_previous_label&quot;:&quot;Previous&quot;,&quot;button_width&quot;:&quot;100&quot;,&quot;step_type&quot;:&quot;number_text&quot;,&quot;step_icon_shape&quot;:&quot;circle&quot;}\" data-widget_type=\"form.default\">\n\t\t\t\t<div class=\"elementor-widget-container\">\n\t\t\t\t\t<form class=\"elementor-form\" method=\"post\" name=\"New Form\" action=\"\">\n\t\t\t<input type=\"hidden\" name=\"post_id\" value=\"2157\"\/>\n\t\t\t<input type=\"hidden\" name=\"form_id\" value=\"79c228ce\"\/>\n\n\t\t\t\n\t\t\t<div class=\"elementor-form-fields-wrapper elementor-labels-\">\n\t\t\t\t\t\t\t\t<div class=\"elementor-field-type-text elementor-field-group elementor-column elementor-field-group-name elementor-col-100\">\n\t\t\t\t\t<input size=\"1\" type=\"text\" name=\"form_fields[name]\" id=\"form-field-name\" class=\"elementor-field elementor-size-sm  elementor-field-textual\" placeholder=\"Full name\">\t\t\t\t<\/div>\n\t\t\t\t\t\t\t\t<div class=\"elementor-field-type-email elementor-field-group elementor-column elementor-field-group-email elementor-col-100 elementor-field-required\">\n\t\t\t\t\t<label for=\"form-field-email\" class=\"elementor-field-label elementor-screen-only\">Email<\/label><input size=\"1\" type=\"email\" name=\"form_fields[email]\" id=\"form-field-email\" class=\"elementor-field elementor-size-sm  elementor-field-textual\" placeholder=\"Email\" required=\"required\" aria-required=\"true\">\t\t\t\t<\/div>\n\t\t\t\t\t\t\t\t<div class=\"elementor-field-type-tel elementor-field-group elementor-column elementor-field-group-tel elementor-col-100\">\n\t\t\t\t\t<input size=\"1\" type=\"tel\" name=\"form_fields[tel]\" id=\"form-field-tel\" class=\"elementor-field elementor-size-sm  elementor-field-textual\" placeholder=\"Phone number\" pattern=\"[0-9()#&amp;+*-=.]+\" title=\"Only numbers and phone characters (#, -, *, etc) are accepted.\">\t\t\t\t<\/div>\n\t\t\t\t\t\t\t\t<div class=\"elementor-field-type-textarea elementor-field-group elementor-column elementor-field-group-message elementor-col-100\">\n\t\t\t\t\t<label for=\"form-field-message\" class=\"elementor-field-label elementor-screen-only\">Message<\/label><textarea class=\"elementor-field-textual elementor-field  elementor-size-sm\" name=\"form_fields[message]\" id=\"form-field-message\" rows=\"4\" placeholder=\"Message\"><\/textarea>\t\t\t\t<\/div>\n\t\t\t\t\t\t\t\t<div class=\"elementor-field-group elementor-column elementor-field-type-submit elementor-col-100 e-form__buttons\">\n\t\t\t\t\t<button type=\"submit\" class=\"elementor-button elementor-size-sm\">\n\t\t\t\t\t\t<span >\n\t\t\t\t\t\t\t\t\t\t\t\t\t\t\t<span class=\"elementor-button-icon\">\n\t\t\t\t\t\t\t\t\t\t\t\t\t\t\t\t\t\t\t\t\t\t\t\t\t\t<\/span>\n\t\t\t\t\t\t\t\t\t\t\t\t\t\t\t\t\t\t\t\t\t\t<span class=\"elementor-button-text\">SEND<\/span>\n\t\t\t\t\t\t\t\t\t\t\t\t\t<\/span>\n\t\t\t\t\t<\/button>\n\t\t\t\t<\/div>\n\t\t\t<\/div>\n\t\t<input type=\"hidden\" name=\"trp-form-language\" value=\"en\"\/><\/form>\n\t\t\t\t<\/div>\n\t\t\t\t<\/div>\n\t\t\t\t\t\t<\/div>\n\t\t\t<\/div>\n\t\t<\/div>\n\t\t\t\t\t\t<\/div>\n\t\t\t<\/div>\n\t\t<\/section>\n\t\t\t\t\t\t<\/div>\n\t\t\t<\/div>\n\t\t<\/div>","protected":false},"excerpt":{"rendered":"<p>l\u0129nh v\u1ef1c ho\u1ea1t \u0111\u1ed9ng T\u01b0 v\u1ea5n S\u1edf h\u1eefu tr\u00ed tu\u1ec7 C\u00f9ng v\u1edbi s\u1ef1 ph\u00e1t tri\u1ec3n c\u1ee7a c\u00f4ng ngh\u1ec7 trong n\u1ec1n kinh t\u1ebf th\u1ecb tr\u01b0\u1eddng, Quy\u1ec1n s\u1edf h\u1eefu tr\u00ed tu\u1ec7 \u0111\u01b0\u1ee3c xem l\u00e0 m\u1ed9t trong nh\u1eefng quy\u1ec1n t\u00e0i s\u1ea3n quan tr\u1ecdng \u0111\u1ed1i v\u1edbi m\u1ed7i c\u00e1 nh\u00e2n, t\u1ed5 ch\u1ee9c. Do \u0111\u00f3, vi\u1ec7c B\u1ea3o h\u1ed9 quy\u1ec1n s\u1edf h\u1eefu&#8230;<\/p>","protected":false},"author":1,"featured_media":0,"parent":0,"menu_order":0,"comment_status":"closed","ping_status":"closed","template":"","meta":[],"_links":{"self":[{"href":"https:\/\/medlaw.vn\/en\/wp-json\/wp\/v2\/pages\/2157"}],"collection":[{"href":"https:\/\/medlaw.vn\/en\/wp-json\/wp\/v2\/pages"}],"about":[{"href":"https:\/\/medlaw.vn\/en\/wp-json\/wp\/v2\/types\/page"}],"author":[{"embeddable":true,"href":"https:\/\/medlaw.vn\/en\/wp-json\/wp\/v2\/users\/1"}],"replies":[{"embeddable":true,"href":"https:\/\/medlaw.vn\/en\/wp-json\/wp\/v2\/comments?post=2157"}],"version-history":[{"count":11,"href":"https:\/\/medlaw.vn\/en\/wp-json\/wp\/v2\/pages\/2157\/revisions"}],"predecessor-version":[{"id":5106,"href":"https:\/\/medlaw.vn\/en\/wp-json\/wp\/v2\/pages\/2157\/revisions\/5106"}],"wp:attachment":[{"href":"https:\/\/medlaw.vn\/en\/wp-json\/wp\/v2\/media?parent=2157"}],"curies":[{"name":"wp","href":"https:\/\/api.w.org\/{rel}","templated":true}]}}